{"id":1787,"date":"2025-10-18T17:59:17","date_gmt":"2025-10-18T17:59:17","guid":{"rendered":"https:\/\/euthanitinl.org\/?post_type=product&#038;p=1787"},"modified":"2026-04-23T14:30:38","modified_gmt":"2026-04-23T14:30:38","slug":"pentobarbital-sodico-comprimidos","status":"publish","type":"product","link":"https:\/\/euthanitinl.org\/pt\/product\/pentobarbital-sodium-pills\/","title":{"rendered":"Comprar Pentobarbital Sodium Pills"},"content":{"rendered":"<h1 dir=\"ltr\" data-pm-slice=\"1 1 []\"><a href=\"https:\/\/euthanitinl.org\/pt\/product\/pentobarbital-sodico-comprimidos\/\">Comprar Pentobarbital Sodium Pills<\/a><\/h1>\n<p dir=\"ltr\">Na Euthanasia International (EINT), fornecemos comprimidos de pentobarbital s\u00f3dico de alta qualidade, um produto de grau farmac\u00eautico com uma pureza de 99,8%, concebido para quem procura uma solu\u00e7\u00e3o digna e compassiva para o fim da vida. Os nossos comprimidos oferecem uma op\u00e7\u00e3o conveniente e fi\u00e1vel para a eutan\u00e1sia volunt\u00e1ria. Abaixo, detalhamos as principais informa\u00e7\u00f5es sobre Pentobarbital Sodium Pills para apoiar uma tomada de decis\u00e3o informada.<\/p>\n<h2 dir=\"ltr\">O que \u00e9 o Pentobarbital S\u00f3dico?<\/h2>\n<p dir=\"ltr\">O Pentobarbital S\u00f3dico \u00e9 um medicamento barbit\u00farico utilizado pelos seus efeitos sedativos e anest\u00e9sicos. Como depressor do sistema nervoso central, o Pentobarbital \u00e9 eficaz no tratamento a curto prazo da ins\u00f3nia, no controlo das convuls\u00f5es e na facilita\u00e7\u00e3o de uma morte pac\u00edfica na eutan\u00e1sia volunt\u00e1ria. A forma de comprimido \u00e9 frequentemente preferida pela sua facilidade de utiliza\u00e7\u00e3o e dosagem precisa em compara\u00e7\u00e3o com as alternativas l\u00edquidas ou inject\u00e1veis.<\/p>\n<h2 dir=\"ltr\">Porqu\u00ea comprar Pentobarbital S\u00f3dico?<\/h2>\n<p dir=\"ltr\">O Pentobarbital S\u00f3dico \u00e9 escolhido pela sua conveni\u00eancia, fiabilidade e propriedades de a\u00e7\u00e3o r\u00e1pida, assegurando uma transi\u00e7\u00e3o suave e indolor para o fim da vida. O formato de comprimido simplifica a administra\u00e7\u00e3o, eliminando a necessidade de dilui\u00e7\u00e3o ou inje\u00e7\u00e3o. Na Euthanasia International, garantimos comprimidos de qualidade superior com entrega discreta, segura e r\u00e1pida em toda a Alemanha, \u00c1ustria e Su\u00ed\u00e7a, dando prioridade \u00e0 sua privacidade e paz de esp\u00edrito.<\/p>\n<h2 dir=\"ltr\">Como tomar Pentobarbital S\u00f3dico por via oral?<\/h2>\n<p dir=\"ltr\">Para tomar Pentobarbital S\u00f3dico Comprimidos por via oral, engolir o n\u00famero prescrito de comprimidos com uma pequena quantidade de \u00e1gua ou sumo para ajudar a ingest\u00e3o. A dosagem, normalmente cerca de 30 gramas para adultos com mais de 50 kg para uma dose letal, depende de factores como o peso corporal e a idade. A Euthanasia International fornece orienta\u00e7\u00e3o personalizada da nossa equipa de especialistas para garantir uma administra\u00e7\u00e3o segura e eficaz para um resultado pac\u00edfico.<\/p>\n<h2 dir=\"ltr\">Sobredosagem de Pentobarbital S\u00f3dico<\/h2>\n<p dir=\"ltr\">Uma sobredosagem de Pentobarbital S\u00f3dico Comprimidos ocorre quando a dosagem excede a quantidade recomendada, podendo causar depress\u00e3o respirat\u00f3ria grave, coma ou morte n\u00e3o intencional. Para a eutan\u00e1sia volunt\u00e1ria, \u00e9 utilizada uma dose letal controlada para conseguir uma morte pac\u00edfica, mas a sobredosagem acidental deve ser evitada. A Euthanasia International oferece recomenda\u00e7\u00f5es de dosagem precisas com base no seu perfil individual para garantir a seguran\u00e7a e a efic\u00e1cia. Consultar sempre os nossos especialistas antes da utiliza\u00e7\u00e3o.<\/p>\n<h2 dir=\"ltr\">Como utilizar o Pentobarbital S\u00f3dico?<\/h2>\n<p dir=\"ltr\">A utiliza\u00e7\u00e3o de Pentobarbital S\u00f3dico em Comprimidos implica tomar a dose prescrita numa \u00fanica administra\u00e7\u00e3o para eutan\u00e1sia volunt\u00e1ria, levando a uma morte calma e indolor em poucos minutos. Os comprimidos devem ser guardados num local fresco e seco e tomados de acordo com as instru\u00e7\u00f5es da nossa equipa. A Euthanasia International fornece aconselhamento abrangente para o orientar durante o processo, garantindo dignidade e cuidado em cada passo.<\/p>\n<h2 dir=\"ltr\">Onde comprar Pentobarbital Sodium Pills com seguran\u00e7a?<\/h2>\n<p dir=\"ltr\">Euthanasia International \u00e9 a sua fonte de confian\u00e7a para comprar Pentobarbital Sodium Pills com seguran\u00e7a. Como membro registado, pode aceder ao nosso produto de alta pureza sem receita m\u00e9dica, beneficiando dos nossos servi\u00e7os de entrega r\u00e1pida, discreta e gratuita na Alemanha, \u00c1ustria e Su\u00ed\u00e7a. A nossa equipa experiente oferece apoio personalizado e recursos educacionais para o ajudar a fazer escolhas informadas. Contacte-nos hoje para se registar ou saber mais sobre os nossos servi\u00e7os compassivos.<\/p>","protected":false},"excerpt":{"rendered":"<h1 dir=\"ltr\" data-pm-slice=\"1 1 []\"><a href=\"https:\/\/euthanitinl.org\/pt\/product\/pentobarbital-sodico-comprimidos\/\">Comprar Pentobarbital Sodium Pills<\/a><\/h1>\n<p dir=\"ltr\">Na Euthanasia International (EINT), fornecemos comprimidos de s\u00f3dio pentobarbital de alta qualidade, um produto de grau farmac\u00eautico com pureza 99.8%<\/p>","protected":false},"featured_media":1786,"comment_status":"open","ping_status":"closed","template":"","meta":[],"product_brand":[],"product_cat":[204],"product_tag":[202,207,225,280,227,228,229,208,230,231,276,277,211,212,213,278,215,216,217,218,219,220,221,222,232,233,234,235,236,237,238,239,240,241,242,243,244,245,246,247,248,249,250,251,252,253,254,255,256,257,258,259,260,261,262,263,264,265,266,267,279,268,269,270,271,272,273,274,275],"class_list":{"0":"post-1787","1":"product","2":"type-product","3":"status-publish","4":"has-post-thumbnail","6":"product_cat-pills","7":"product_tag-buy-nembutal-online","8":"product_tag-buy-nembutal-powder-online","9":"product_tag-buy-pentobarbital-sodium","10":"product_tag-buy-pentobarbital-sodium-2025","11":"product_tag-buy-pentobarbital-sodium-pentobarbital-sodium-salt","12":"product_tag-buy-sodium-pentobarbital-uk","13":"product_tag-can-i-buy-pentobarbital","14":"product_tag-can-i-order-nembutal-online","15":"product_tag-can-you-buy-pentobarbital-sodium-over-the-counter","16":"product_tag-can-you-buy-sodium-pentobarbital","17":"product_tag-how-can-i-order-nembutal-powder","18":"product_tag-how-can-i-take-nembutal","19":"product_tag-nembutal","20":"product_tag-nembutal-buy-australia","21":"product_tag-nembutal-buy-austria","22":"product_tag-nembutal-buy-online","23":"product_tag-nembutal-buy-uk","24":"product_tag-nembutal-powder","25":"product_tag-nembutal-powder-buy","26":"product_tag-nembutal-powder-dose","27":"product_tag-nembutal-powder-for-sale","28":"product_tag-nembutal-powder-overdose","29":"product_tag-nembutal-powder-supplier","30":"product_tag-order-nembutal-powder","31":"product_tag-pentobarbital","32":"product_tag-pentobarbital-de-sodium-dose-letale","33":"product_tag-pentobarbital-sodium-anesthesia","34":"product_tag-pentobarbital-sodium-buy","35":"product_tag-pentobarbital-sodium-china","36":"product_tag-pentobarbital-sodium-death","37":"product_tag-pentobarbital-sodium-dosage","38":"product_tag-pentobarbital-sodium-for-dogs","39":"product_tag-pentobarbital-sodium-for-humans","40":"product_tag-pentobarbital-sodium-group","41":"product_tag-pentobarbital-sodium-injection-for-dogs","42":"product_tag-pentobarbital-sodium-injection-for-humans","43":"product_tag-pentobarbital-sodium-injection-solution","44":"product_tag-pentobarbital-sodium-injection-usp","45":"product_tag-pentobarbital-sodium-liquid","46":"product_tag-pentobarbital-sodium-nz","47":"product_tag-pentobarbital-sodium-oral","48":"product_tag-pentobarbital-sodium-over-the-counter","49":"product_tag-pentobarbital-sodium-pills","50":"product_tag-pentobarbital-sodium-powder","51":"product_tag-pentobarbital-sodium-prescription","52":"product_tag-pentobarbital-sodium-price","53":"product_tag-pentobarbital-sodium-salt","54":"product_tag-pentobarbital-sodium-sleeping-pills","55":"product_tag-pentobarbital-sodium-sleeping-pills-over-the-counter","56":"product_tag-pentobarbital-sodium-tablets","57":"product_tag-pentobarbital-sodium-where-to-buy","58":"product_tag-pentobarbital-use","59":"product_tag-phenobarbital-sodium-intravenous","60":"product_tag-sodium","61":"product_tag-sodium-pentobarbital-nembutal","62":"product_tag-sodium-pentobarbital-cost","63":"product_tag-sodium-pentobarbital-for-animal-euthanasia","64":"product_tag-sodium-pentobarbital-for-euthanasia","65":"product_tag-sodium-pentobarbital-manufacturers","66":"product_tag-sodium-pentobarbital-shelf-life","67":"product_tag-where-can-i-buy-nembutal-powder-buy-nembutal-pentobarbital-sodium","68":"product_tag-where-can-i-buy-nembutal-sodium-pentobarbital","69":"product_tag-where-can-i-buy-pentobarbital-sodium","70":"product_tag-where-can-i-buy-pentobarbital-sodium-sleeping-pills","71":"product_tag-where-can-i-buy-sodium-pentobarbital","72":"product_tag-where-can-you-buy-pentobarbital-sodium","73":"product_tag-where-to-buy-pentobarbital-sodium","74":"product_tag-where-to-buy-pentobarbital-sodium-for-dogs","75":"product_tag-where-to-get-pentobarbital-sodium","77":"first","78":"instock","79":"shipping-taxable","80":"purchasable","81":"product-type-simple"},"_links":{"self":[{"href":"https:\/\/euthanitinl.org\/pt\/wp-json\/wp\/v2\/product\/1787","targetHints":{"allow":["GET"]}}],"collection":[{"href":"https:\/\/euthanitinl.org\/pt\/wp-json\/wp\/v2\/product"}],"about":[{"href":"https:\/\/euthanitinl.org\/pt\/wp-json\/wp\/v2\/types\/product"}],"replies":[{"embeddable":true,"href":"https:\/\/euthanitinl.org\/pt\/wp-json\/wp\/v2\/comments?post=1787"}],"wp:featuredmedia":[{"embeddable":true,"href":"https:\/\/euthanitinl.org\/pt\/wp-json\/wp\/v2\/media\/1786"}],"wp:attachment":[{"href":"https:\/\/euthanitinl.org\/pt\/wp-json\/wp\/v2\/media?parent=1787"}],"wp:term":[{"taxonomy":"product_brand","embeddable":true,"href":"https:\/\/euthanitinl.org\/pt\/wp-json\/wp\/v2\/product_brand?post=1787"},{"taxonomy":"product_cat","embeddable":true,"href":"https:\/\/euthanitinl.org\/pt\/wp-json\/wp\/v2\/product_cat?post=1787"},{"taxonomy":"product_tag","embeddable":true,"href":"https:\/\/euthanitinl.org\/pt\/wp-json\/wp\/v2\/product_tag?post=1787"}],"curies":[{"name":"wp","href":"https:\/\/api.w.org\/{rel}","templated":true}]}}