{"id":1781,"date":"2025-10-18T17:43:07","date_gmt":"2025-10-18T17:43:07","guid":{"rendered":"https:\/\/euthanitinl.org\/?post_type=product&#038;p=1781"},"modified":"2026-01-05T11:18:55","modified_gmt":"2026-01-05T11:18:55","slug":"pentobarbital-sodico-oral","status":"publish","type":"product","link":"https:\/\/euthanitinl.org\/pt\/product\/pentobarbital-sodium-oral\/","title":{"rendered":"Comprar Pentobarbital Sodium Oral 250ml (L\u00edquido)"},"content":{"rendered":"<h1 dir=\"ltr\" data-pm-slice=\"1 1 []\"><a href=\"https:\/\/euthanitinl.org\/pt\/product\/pentobarbital-sodico-oral\/\">Comprar Pentobarbital Sodium Oral 250ml (L\u00edquido)<\/a><\/h1>\n<p dir=\"ltr\">Na Euthanasia International (EINT), oferecemos Pentobarbital Sodium 250ml (Oral Liquid), uma solu\u00e7\u00e3o de alta pureza e grau farmac\u00eautico para quem procura uma op\u00e7\u00e3o de fim de vida digna e compassiva. Com uma pureza de 99,8%, o nosso produto garante fiabilidade e efic\u00e1cia. Abaixo, fornecemos informa\u00e7\u00f5es detalhadas sobre o Pentobarbital S\u00f3dico 250ml (L\u00edquido Oral) para orientar o seu processo de tomada de decis\u00e3o.<\/p>\n<h2 dir=\"ltr\">O que \u00e9 o Pentobarbital oral 250 ml (l\u00edquido)?<\/h2>\n<p dir=\"ltr\">O Pentobarbital S\u00f3dico 250 ml (l\u00edquido oral) \u00e9 uma solu\u00e7\u00e3o de barbit\u00faricos concebida pelas suas propriedades sedativas e anest\u00e9sicas. Como depressor do sistema nervoso central, \u00e9 utilizado para induzir o sono, controlar as convuls\u00f5es ou facilitar uma morte pac\u00edfica e indolor na eutan\u00e1sia volunt\u00e1ria. O formato l\u00edquido oral de 250 ml oferece um volume maior para uma dosagem precisa e facilidade de administra\u00e7\u00e3o em compara\u00e7\u00e3o com os comprimidos ou as formas inject\u00e1veis, tornando-o a escolha preferida de muitos.<\/p>\n<h2 dir=\"ltr\">Porqu\u00ea comprar Pentobarbital S\u00f3dico L\u00edquido Oral?<\/h2>\n<p dir=\"ltr\">O Pentobarbital S\u00f3dico L\u00edquido Oral \u00e9 selecionado pelo seu r\u00e1pido in\u00edcio de a\u00e7\u00e3o e efeitos consistentes, proporcionando uma op\u00e7\u00e3o suave e fi\u00e1vel para as escolhas de fim de vida. O volume de 250 ml assegura uma quantidade suficiente para uma dosagem exacta, adaptada \u00e0s necessidades individuais. Na Euthanasia International, garantimos um produto de qualidade superior com entrega discreta, segura e r\u00e1pida em toda a Alemanha, \u00c1ustria e Su\u00ed\u00e7a, dando prioridade \u00e0 sua privacidade e conveni\u00eancia.<\/p>\n<h2 dir=\"ltr\">Como tomar Pentobarbital S\u00f3dico por via oral?<\/h2>\n<p dir=\"ltr\">A administra\u00e7\u00e3o de Pentobarbital S\u00f3dico 250ml (l\u00edquido oral) requer uma ades\u00e3o cuidadosa \u00e0s orienta\u00e7\u00f5es especializadas fornecidas pela Euthanasia International. O l\u00edquido \u00e9 normalmente misturado com uma pequena quantidade de \u00e1gua ou sumo para reduzir o seu sabor amargo. A dosagem varia com base em factores como o peso corporal e a idade - para adultos com mais de 50 kg, uma dose letal \u00e9 normalmente de cerca de 30 gramas. A nossa equipa oferece instru\u00e7\u00f5es personalizadas para garantir uma administra\u00e7\u00e3o segura e eficaz.<\/p>\n<h2 dir=\"ltr\">Pentobarbital 250ml (l\u00edquido oral) Overdose<\/h2>\n<p dir=\"ltr\">Uma sobredosagem de Pentobarbital S\u00f3dico Oral 250 ml (l\u00edquido) ocorre quando a dose excede a quantidade recomendada, podendo conduzir a depress\u00e3o respirat\u00f3ria grave, coma ou morte. Para efeitos de eutan\u00e1sia, uma dose letal controlada destina-se a conseguir uma morte pac\u00edfica, mas deve ser evitada uma sobredosagem acidental. A Euthanasia International fornece recomenda\u00e7\u00f5es de dosagem precisas com base no seu peso corporal e idade para garantir a seguran\u00e7a e efic\u00e1cia. Consulte sempre os nossos especialistas antes da utiliza\u00e7\u00e3o para evitar consequ\u00eancias indesejadas.<\/p>\n<h2 dir=\"ltr\">Como utilizar o Pentobarbital L\u00edquido Oral?<\/h2>\n<p dir=\"ltr\">Para utilizar Pentobarbital S\u00f3dico 250 ml (l\u00edquido oral), medir com exatid\u00e3o a dose prescrita utilizando uma seringa ou um conta-gotas. Para a eutan\u00e1sia volunt\u00e1ria, o l\u00edquido \u00e9 normalmente consumido numa \u00fanica dose, levando a uma morte calma e indolor em poucos minutos. A nossa equipa da Euthanasia International oferece aconselhamento abrangente para o orientar durante o processo, assegurando que o procedimento \u00e9 realizado com dignidade e cuidado.<\/p>\n<h2 dir=\"ltr\">Onde comprar Pentobarbital Oral Liquid com seguran\u00e7a?<\/h2>\n<p dir=\"ltr\">Euthanasia International \u00e9 a sua fonte segura para comprar Pentobarbital Sodium 250ml (Oral Liquid) com toda a seguran\u00e7a. Como membro registado, pode aceder ao nosso produto de alta pureza sem receita m\u00e9dica, beneficiando dos nossos servi\u00e7os de entrega r\u00e1pida, discreta e gratuita na Alemanha, \u00c1ustria e Su\u00ed\u00e7a. A nossa equipa experiente fornece apoio personalizado e recursos educativos para garantir que faz escolhas informadas. Contacte-nos hoje para se registar ou saber mais sobre os nossos servi\u00e7os compassivos.<\/p>","protected":false},"excerpt":{"rendered":"<h1 dir=\"ltr\" data-pm-slice=\"1 1 []\"><a href=\"https:\/\/euthanitinl.org\/pt\/product\/pentobarbital-sodico-oral\/\">Comprar Pentobarbital Sodium Oral 250ml (L\u00edquido)<\/a><\/h1>\n<p dir=\"ltr\">Na Euthanasia International (EINT), oferecemos Pentobarbital Sodium 250ml (Oral Liquid), um produto de alta pureza<\/p>","protected":false},"featured_media":1782,"comment_status":"open","ping_status":"closed","template":"","meta":[],"product_brand":[],"product_cat":[24],"product_tag":[202,207,225,280,227,228,229,208,230,231,276,277,211,212,213,278,215,216,217,218,219,220,221,222,232,233,234,235,236,237,238,239,240,241,242,243,244,245,246,247,248,249,250,251,252,253,254,255,256,257,258,259,260,261,262,263,264,265,266,267,279,268,269,270,271,272,273,274,275],"class_list":{"0":"post-1781","1":"product","2":"type-product","3":"status-publish","4":"has-post-thumbnail","6":"product_cat-liquid","7":"product_tag-buy-nembutal-online","8":"product_tag-buy-nembutal-powder-online","9":"product_tag-buy-pentobarbital-sodium","10":"product_tag-buy-pentobarbital-sodium-2025","11":"product_tag-buy-pentobarbital-sodium-pentobarbital-sodium-salt","12":"product_tag-buy-sodium-pentobarbital-uk","13":"product_tag-can-i-buy-pentobarbital","14":"product_tag-can-i-order-nembutal-online","15":"product_tag-can-you-buy-pentobarbital-sodium-over-the-counter","16":"product_tag-can-you-buy-sodium-pentobarbital","17":"product_tag-how-can-i-order-nembutal-powder","18":"product_tag-how-can-i-take-nembutal","19":"product_tag-nembutal","20":"product_tag-nembutal-buy-australia","21":"product_tag-nembutal-buy-austria","22":"product_tag-nembutal-buy-online","23":"product_tag-nembutal-buy-uk","24":"product_tag-nembutal-powder","25":"product_tag-nembutal-powder-buy","26":"product_tag-nembutal-powder-dose","27":"product_tag-nembutal-powder-for-sale","28":"product_tag-nembutal-powder-overdose","29":"product_tag-nembutal-powder-supplier","30":"product_tag-order-nembutal-powder","31":"product_tag-pentobarbital","32":"product_tag-pentobarbital-de-sodium-dose-letale","33":"product_tag-pentobarbital-sodium-anesthesia","34":"product_tag-pentobarbital-sodium-buy","35":"product_tag-pentobarbital-sodium-china","36":"product_tag-pentobarbital-sodium-death","37":"product_tag-pentobarbital-sodium-dosage","38":"product_tag-pentobarbital-sodium-for-dogs","39":"product_tag-pentobarbital-sodium-for-humans","40":"product_tag-pentobarbital-sodium-group","41":"product_tag-pentobarbital-sodium-injection-for-dogs","42":"product_tag-pentobarbital-sodium-injection-for-humans","43":"product_tag-pentobarbital-sodium-injection-solution","44":"product_tag-pentobarbital-sodium-injection-usp","45":"product_tag-pentobarbital-sodium-liquid","46":"product_tag-pentobarbital-sodium-nz","47":"product_tag-pentobarbital-sodium-oral","48":"product_tag-pentobarbital-sodium-over-the-counter","49":"product_tag-pentobarbital-sodium-pills","50":"product_tag-pentobarbital-sodium-powder","51":"product_tag-pentobarbital-sodium-prescription","52":"product_tag-pentobarbital-sodium-price","53":"product_tag-pentobarbital-sodium-salt","54":"product_tag-pentobarbital-sodium-sleeping-pills","55":"product_tag-pentobarbital-sodium-sleeping-pills-over-the-counter","56":"product_tag-pentobarbital-sodium-tablets","57":"product_tag-pentobarbital-sodium-where-to-buy","58":"product_tag-pentobarbital-use","59":"product_tag-phenobarbital-sodium-intravenous","60":"product_tag-sodium","61":"product_tag-sodium-pentobarbital-nembutal","62":"product_tag-sodium-pentobarbital-cost","63":"product_tag-sodium-pentobarbital-for-animal-euthanasia","64":"product_tag-sodium-pentobarbital-for-euthanasia","65":"product_tag-sodium-pentobarbital-manufacturers","66":"product_tag-sodium-pentobarbital-shelf-life","67":"product_tag-where-can-i-buy-nembutal-powder-buy-nembutal-pentobarbital-sodium","68":"product_tag-where-can-i-buy-nembutal-sodium-pentobarbital","69":"product_tag-where-can-i-buy-pentobarbital-sodium","70":"product_tag-where-can-i-buy-pentobarbital-sodium-sleeping-pills","71":"product_tag-where-can-i-buy-sodium-pentobarbital","72":"product_tag-where-can-you-buy-pentobarbital-sodium","73":"product_tag-where-to-buy-pentobarbital-sodium","74":"product_tag-where-to-buy-pentobarbital-sodium-for-dogs","75":"product_tag-where-to-get-pentobarbital-sodium","77":"first","78":"instock","79":"shipping-taxable","80":"purchasable","81":"product-type-simple"},"_links":{"self":[{"href":"https:\/\/euthanitinl.org\/pt\/wp-json\/wp\/v2\/product\/1781","targetHints":{"allow":["GET"]}}],"collection":[{"href":"https:\/\/euthanitinl.org\/pt\/wp-json\/wp\/v2\/product"}],"about":[{"href":"https:\/\/euthanitinl.org\/pt\/wp-json\/wp\/v2\/types\/product"}],"replies":[{"embeddable":true,"href":"https:\/\/euthanitinl.org\/pt\/wp-json\/wp\/v2\/comments?post=1781"}],"wp:featuredmedia":[{"embeddable":true,"href":"https:\/\/euthanitinl.org\/pt\/wp-json\/wp\/v2\/media\/1782"}],"wp:attachment":[{"href":"https:\/\/euthanitinl.org\/pt\/wp-json\/wp\/v2\/media?parent=1781"}],"wp:term":[{"taxonomy":"product_brand","embeddable":true,"href":"https:\/\/euthanitinl.org\/pt\/wp-json\/wp\/v2\/product_brand?post=1781"},{"taxonomy":"product_cat","embeddable":true,"href":"https:\/\/euthanitinl.org\/pt\/wp-json\/wp\/v2\/product_cat?post=1781"},{"taxonomy":"product_tag","embeddable":true,"href":"https:\/\/euthanitinl.org\/pt\/wp-json\/wp\/v2\/product_tag?post=1781"}],"curies":[{"name":"wp","href":"https:\/\/api.w.org\/{rel}","templated":true}]}}