{"id":1779,"date":"2025-10-18T17:34:06","date_gmt":"2025-10-18T17:34:06","guid":{"rendered":"https:\/\/euthanitinl.org\/?post_type=product&#038;p=1779"},"modified":"2026-01-05T11:18:36","modified_gmt":"2026-01-05T11:18:36","slug":"pentobarbital-sodico-liquido","status":"publish","type":"product","link":"https:\/\/euthanitinl.org\/pt\/product\/pentobarbital-sodium-liquid\/","title":{"rendered":"Comprar Pentobarbital S\u00f3dico l\u00edquido 100ml"},"content":{"rendered":"<h1 dir=\"ltr\" data-pm-slice=\"1 1 []\"><a href=\"https:\/\/euthanitinl.org\/pt\/product\/pentobarbital-sodico-liquido\/\">Pentobarbital S\u00f3dico l\u00edquido 100ml<\/a><\/h1>\n<p dir=\"ltr\">Pentobarbital S\u00f3dico l\u00edquido 100ml. Na Euthanasia International, fornecemos Pentobarbital Sodium 100ml de alta qualidade para quem procura uma solu\u00e7\u00e3o compassiva e digna para o fim da vida. O nosso produto de qualidade farmac\u00eautica, obtido com uma pureza de 99,8%, garante fiabilidade e efic\u00e1cia. Em seguida, apresentamos os principais pormenores sobre o Pentobarbital S\u00f3dico L\u00edquido Oral para o ajudar a tomar decis\u00f5es informadas.<\/p>\n<h2 dir=\"ltr\">O que \u00e9 o Pentobarbital L\u00edquido Oral?<\/h2>\n<p dir=\"ltr\">O Pentobarbital S\u00f3dico L\u00edquido Oral \u00e9 uma solu\u00e7\u00e3o barbit\u00farica utilizada principalmente pelas suas propriedades sedativas e anest\u00e9sicas. Como depressor, abranda o sistema nervoso central, tornando-o eficaz na indu\u00e7\u00e3o do sono, no controlo de convuls\u00f5es ou na facilita\u00e7\u00e3o de uma morte pac\u00edfica e indolor na eutan\u00e1sia volunt\u00e1ria. A forma l\u00edquida \u00e9 frequentemente preferida pela sua facilidade de administra\u00e7\u00e3o em compara\u00e7\u00e3o com os comprimidos ou as solu\u00e7\u00f5es inject\u00e1veis.<\/p>\n<h2 dir=\"ltr\">Porqu\u00ea comprar Pentobarbital S\u00f3dico L\u00edquido Oral?<\/h2>\n<p dir=\"ltr\">O Pentobarbital S\u00f3dico L\u00edquido \u00e9 escolhido pelos seus efeitos r\u00e1pidos e fi\u00e1veis, oferecendo uma transi\u00e7\u00e3o suave para aqueles que procuram uma escolha digna de fim de vida. A sua elevada pureza garante uma pot\u00eancia consistente, e a forma l\u00edquida permite uma dosagem precisa, tornando-a mais f\u00e1cil de administrar do que outras formas. Na Euthanasia International, damos prioridade a uma entrega discreta, segura e r\u00e1pida, garantindo que recebe um produto de qualidade superior sem complica\u00e7\u00f5es.<\/p>\n<h2 dir=\"ltr\">Como tomar Pentobarbital S\u00f3dico por via oral?<\/h2>\n<p dir=\"ltr\">Para tomar Pentobarbital S\u00f3dico L\u00edquido, siga as instru\u00e7\u00f5es precisas fornecidas pela nossa equipa de especialistas da Euthanasia International. O l\u00edquido \u00e9 normalmente consumido misturando-o com uma pequena quantidade de \u00e1gua ou sumo para mascarar o seu sabor amargo. A dosagem depende de factores como o peso corporal e a idade - normalmente, uma dose letal para adultos com mais de 50 kg \u00e9 de cerca de 30 gramas. Consulta sempre os nossos especialistas para uma orienta\u00e7\u00e3o personalizada, de modo a garantir uma utiliza\u00e7\u00e3o segura e eficaz.<\/p>\n<h2 dir=\"ltr\">Uso m\u00e9dico do Pentobarbital L\u00edquido Oral<\/h2>\n<p dir=\"ltr\">O Pentobarbital S\u00f3dico L\u00edquido \u00e9 utilizado clinicamente para o tratamento a curto prazo da ins\u00f3nia, como interven\u00e7\u00e3o de emerg\u00eancia para convuls\u00f5es e para induzir seda\u00e7\u00e3o antes de procedimentos cir\u00fargicos. No contexto da eutan\u00e1sia volunt\u00e1ria, \u00e9 valorizado pela sua capacidade de proporcionar uma morte pac\u00edfica e indolor em poucos minutos, quando administrado na dose letal adequada. A sua versatilidade e fiabilidade fazem dela uma op\u00e7\u00e3o de confian\u00e7a para os cuidados de fim de vida.<\/p>\n<h2 dir=\"ltr\">Como utilizar o Pentobarbital L\u00edquido Oral?<\/h2>\n<p dir=\"ltr\">A utiliza\u00e7\u00e3o do Pentobarbital S\u00f3dico L\u00edquido Oral requer uma aten\u00e7\u00e3o especial \u00e0 dosagem e \u00e0 administra\u00e7\u00e3o. O l\u00edquido deve ser medido com precis\u00e3o utilizando uma seringa ou um conta-gotas para garantir que \u00e9 consumida a quantidade correta. Para efeitos de eutan\u00e1sia, \u00e9 normalmente tomado numa dose \u00fanica, seguida de uma passagem calma e repousante. A nossa equipa da Euthanasia International fornece aconselhamento abrangente para o orientar durante o processo, garantindo seguran\u00e7a e dignidade.<\/p>\n<h2 dir=\"ltr\">Onde comprar Pentobarbital Oral Liquid com seguran\u00e7a?<\/h2>\n<p dir=\"ltr\">A Euthanasia International \u00e9 a sua fonte fi\u00e1vel para comprar Pentobarbital Sodium Oral Liquid com seguran\u00e7a. Como membro registado, pode aceder ao nosso produto de alta pureza sem receita m\u00e9dica, beneficiando dos nossos servi\u00e7os de entrega discreta e r\u00e1pida em toda a Alemanha, \u00c1ustria e Su\u00ed\u00e7a. A nossa equipa de especialistas oferece apoio personalizado, garantindo que recebe medica\u00e7\u00e3o e orienta\u00e7\u00e3o da mais alta qualidade. Contacte-nos hoje para se registar ou saber mais sobre os nossos servi\u00e7os.<\/p>","protected":false},"excerpt":{"rendered":"<h1 dir=\"ltr\" data-pm-slice=\"1 1 []\"><a href=\"https:\/\/euthanitinl.org\/pt\/product\/pentobarbital-sodico-liquido\/\">Pentobarbital S\u00f3dico l\u00edquido 100ml<\/a><\/h1>\n<p dir=\"ltr\">Pentobarbital S\u00f3dico l\u00edquido 100ml. Na Euthanasia International, fornecemos Pentobarbital Sodium 100ml de alta qualidade para quem procura uma solu\u00e7\u00e3o compassiva e digna para o fim da vida<\/p>","protected":false},"featured_media":1780,"comment_status":"open","ping_status":"closed","template":"","meta":[],"product_brand":[],"product_cat":[24],"product_tag":[202,207,225,280,227,228,229,208,230,231,276,277,211,212,213,278,215,216,217,218,219,220,221,222,232,233,234,235,236,237,238,239,240,241,242,243,244,245,246,247,248,249,250,251,252,253,254,255,256,257,258,259,260,261,262,263,264,265,266,267,279,268,269,270,271,272,273,274,275],"class_list":{"0":"post-1779","1":"product","2":"type-product","3":"status-publish","4":"has-post-thumbnail","6":"product_cat-liquid","7":"product_tag-buy-nembutal-online","8":"product_tag-buy-nembutal-powder-online","9":"product_tag-buy-pentobarbital-sodium","10":"product_tag-buy-pentobarbital-sodium-2025","11":"product_tag-buy-pentobarbital-sodium-pentobarbital-sodium-salt","12":"product_tag-buy-sodium-pentobarbital-uk","13":"product_tag-can-i-buy-pentobarbital","14":"product_tag-can-i-order-nembutal-online","15":"product_tag-can-you-buy-pentobarbital-sodium-over-the-counter","16":"product_tag-can-you-buy-sodium-pentobarbital","17":"product_tag-how-can-i-order-nembutal-powder","18":"product_tag-how-can-i-take-nembutal","19":"product_tag-nembutal","20":"product_tag-nembutal-buy-australia","21":"product_tag-nembutal-buy-austria","22":"product_tag-nembutal-buy-online","23":"product_tag-nembutal-buy-uk","24":"product_tag-nembutal-powder","25":"product_tag-nembutal-powder-buy","26":"product_tag-nembutal-powder-dose","27":"product_tag-nembutal-powder-for-sale","28":"product_tag-nembutal-powder-overdose","29":"product_tag-nembutal-powder-supplier","30":"product_tag-order-nembutal-powder","31":"product_tag-pentobarbital","32":"product_tag-pentobarbital-de-sodium-dose-letale","33":"product_tag-pentobarbital-sodium-anesthesia","34":"product_tag-pentobarbital-sodium-buy","35":"product_tag-pentobarbital-sodium-china","36":"product_tag-pentobarbital-sodium-death","37":"product_tag-pentobarbital-sodium-dosage","38":"product_tag-pentobarbital-sodium-for-dogs","39":"product_tag-pentobarbital-sodium-for-humans","40":"product_tag-pentobarbital-sodium-group","41":"product_tag-pentobarbital-sodium-injection-for-dogs","42":"product_tag-pentobarbital-sodium-injection-for-humans","43":"product_tag-pentobarbital-sodium-injection-solution","44":"product_tag-pentobarbital-sodium-injection-usp","45":"product_tag-pentobarbital-sodium-liquid","46":"product_tag-pentobarbital-sodium-nz","47":"product_tag-pentobarbital-sodium-oral","48":"product_tag-pentobarbital-sodium-over-the-counter","49":"product_tag-pentobarbital-sodium-pills","50":"product_tag-pentobarbital-sodium-powder","51":"product_tag-pentobarbital-sodium-prescription","52":"product_tag-pentobarbital-sodium-price","53":"product_tag-pentobarbital-sodium-salt","54":"product_tag-pentobarbital-sodium-sleeping-pills","55":"product_tag-pentobarbital-sodium-sleeping-pills-over-the-counter","56":"product_tag-pentobarbital-sodium-tablets","57":"product_tag-pentobarbital-sodium-where-to-buy","58":"product_tag-pentobarbital-use","59":"product_tag-phenobarbital-sodium-intravenous","60":"product_tag-sodium","61":"product_tag-sodium-pentobarbital-nembutal","62":"product_tag-sodium-pentobarbital-cost","63":"product_tag-sodium-pentobarbital-for-animal-euthanasia","64":"product_tag-sodium-pentobarbital-for-euthanasia","65":"product_tag-sodium-pentobarbital-manufacturers","66":"product_tag-sodium-pentobarbital-shelf-life","67":"product_tag-where-can-i-buy-nembutal-powder-buy-nembutal-pentobarbital-sodium","68":"product_tag-where-can-i-buy-nembutal-sodium-pentobarbital","69":"product_tag-where-can-i-buy-pentobarbital-sodium","70":"product_tag-where-can-i-buy-pentobarbital-sodium-sleeping-pills","71":"product_tag-where-can-i-buy-sodium-pentobarbital","72":"product_tag-where-can-you-buy-pentobarbital-sodium","73":"product_tag-where-to-buy-pentobarbital-sodium","74":"product_tag-where-to-buy-pentobarbital-sodium-for-dogs","75":"product_tag-where-to-get-pentobarbital-sodium","77":"first","78":"instock","79":"shipping-taxable","80":"purchasable","81":"product-type-simple"},"_links":{"self":[{"href":"https:\/\/euthanitinl.org\/pt\/wp-json\/wp\/v2\/product\/1779","targetHints":{"allow":["GET"]}}],"collection":[{"href":"https:\/\/euthanitinl.org\/pt\/wp-json\/wp\/v2\/product"}],"about":[{"href":"https:\/\/euthanitinl.org\/pt\/wp-json\/wp\/v2\/types\/product"}],"replies":[{"embeddable":true,"href":"https:\/\/euthanitinl.org\/pt\/wp-json\/wp\/v2\/comments?post=1779"}],"wp:featuredmedia":[{"embeddable":true,"href":"https:\/\/euthanitinl.org\/pt\/wp-json\/wp\/v2\/media\/1780"}],"wp:attachment":[{"href":"https:\/\/euthanitinl.org\/pt\/wp-json\/wp\/v2\/media?parent=1779"}],"wp:term":[{"taxonomy":"product_brand","embeddable":true,"href":"https:\/\/euthanitinl.org\/pt\/wp-json\/wp\/v2\/product_brand?post=1779"},{"taxonomy":"product_cat","embeddable":true,"href":"https:\/\/euthanitinl.org\/pt\/wp-json\/wp\/v2\/product_cat?post=1779"},{"taxonomy":"product_tag","embeddable":true,"href":"https:\/\/euthanitinl.org\/pt\/wp-json\/wp\/v2\/product_tag?post=1779"}],"curies":[{"name":"wp","href":"https:\/\/api.w.org\/{rel}","templated":true}]}}