{"id":1761,"date":"2025-10-18T03:00:19","date_gmt":"2025-10-18T03:00:19","guid":{"rendered":"https:\/\/euthanitinl.org\/?post_type=product&#038;p=1761"},"modified":"2026-01-05T11:12:42","modified_gmt":"2026-01-05T11:12:42","slug":"comprar-nembutal-em-po-50gr","status":"publish","type":"product","link":"https:\/\/euthanitinl.org\/pt\/product\/buy-nembutal-powder-50gr\/","title":{"rendered":"Comprar Nembutal em p\u00f3 50gr"},"content":{"rendered":"<h2 dir=\"ltr\" data-pm-slice=\"1 1 []\"><a href=\"https:\/\/euthanitinl.org\/pt\/product\/comprar-nembutal-em-po-50gr\/\">Comprar Nembutal em p\u00f3 50gr<\/a><\/h2>\n<p dir=\"ltr\">Comprar Nembutal em p\u00f3 50gr, um pentobarbital s\u00f3dico de qualidade farmac\u00eautica, \u00e9 normalmente administrado dissolvendo o p\u00f3 num l\u00edquido para consumo oral, proporcionando uma solu\u00e7\u00e3o suave e eficaz para os cuidados no fim da vida. Em certos casos, pode ser preparado para administra\u00e7\u00e3o intravenosa sob controlo profissional. A quantidade de 50 g foi concebida para uma dosagem precisa, tipicamente adequada para indiv\u00edduos com peso superior a 50 kg ou idade superior a 40 anos, sendo que 30 g s\u00e3o frequentemente recomendados como dose padr\u00e3o. Para uma administra\u00e7\u00e3o segura e precisa, recomendamos vivamente que consulte a equipa de especialistas da Euthanasia International para obter orienta\u00e7\u00f5es de dosagem personalizadas, adaptadas \u00e0s suas necessidades espec\u00edficas.<\/p>\n<h2 dir=\"ltr\">Melhor loja online de Nembutal Powder<\/h2>\n<p dir=\"ltr\">A Euthanasia International \u00e9 a principal fonte online de Nembutal Powder 50g, oferecendo uma experi\u00eancia de compra segura, discreta e fi\u00e1vel. Como membro registado, pode aceder a este produto sem receita m\u00e9dica, apoiado pela nossa orienta\u00e7\u00e3o profissional e processo de entrega confidencial. Recomendamos a utiliza\u00e7\u00e3o da MoneyGram para pagamentos devido \u00e0 sua fiabilidade e seguran\u00e7a superiores em compara\u00e7\u00e3o com alternativas como a Western Union, que podem encontrar restri\u00e7\u00f5es ocasionais. A nossa loja assegura uma embalagem discreta, ocultando as facturas e os endere\u00e7os de entrega aos funcion\u00e1rios aduaneiros, para uma transa\u00e7\u00e3o sem problemas e privada.<\/p>\n<h2 dir=\"ltr\">Porque \u00e9 que a Eutan\u00e1sia Internacional \u00e9 a escolha certa?<\/h2>\n<p dir=\"ltr\">Fundada em 2012 pelo Dr. Marc Van Hoey e uma equipa de m\u00e9dicos compassivos, a Euthanasia International \u00e9 uma organiza\u00e7\u00e3o sem fins lucrativos dedicada a apoiar escolhas dignas de fim de vida. O nosso foco na empatia, pr\u00e1ticas \u00e9ticas e apoio aos membros distingue-nos dos fornecedores comerciais. Oferecemos Nembutal em p\u00f3 de alta pureza, proveniente de fabricantes conceituados e rigorosamente testado para uma pureza de 99,9%. Com acesso sem receita m\u00e9dica, aconselhamento abrangente e entrega segura, a Euthanasia International \u00e9 o parceiro de confian\u00e7a para aqueles que procuram uma transi\u00e7\u00e3o respeitosa e pac\u00edfica.<\/p>\n<h2 dir=\"ltr\">Benef\u00edcios de Buy Nembutal Powder 50gr<\/h2>\n<p dir=\"ltr\">Nembutal P\u00f3 50g proporciona uma solu\u00e7\u00e3o compassiva e eficaz para quem procura uma experi\u00eancia digna de fim de vida. Os principais benef\u00edcios incluem:<\/p>\n<ul class=\"tight\" dir=\"ltr\" data-tight=\"true\">\n<li>\n<p dir=\"ltr\"><strong>Sereno e indolor<\/strong>: Facilita uma transi\u00e7\u00e3o calma e suave, respeitando a autonomia pessoal.<\/p>\n<\/li>\n<li>\n<p dir=\"ltr\"><strong>Pureza excecional<\/strong>: Proveniente de fabricantes de confian\u00e7a com um controlo de qualidade rigoroso para garantir a seguran\u00e7a e a consist\u00eancia.<\/p>\n<\/li>\n<li>\n<p dir=\"ltr\"><strong>Administra\u00e7\u00e3o flex\u00edvel<\/strong>: Facilmente dissolvido para uso oral ou adapt\u00e1vel para aplica\u00e7\u00e3o intravenosa profissional.<\/p>\n<\/li>\n<li>\n<p dir=\"ltr\"><strong>Acesso sem receita m\u00e9dica<\/strong>: Dispon\u00edvel atrav\u00e9s do programa de ades\u00e3o da Euthanasia International, o que simplifica a aquisi\u00e7\u00e3o.<\/p>\n<\/li>\n<li>\n<p dir=\"ltr\"><strong>Apoio especializado<\/strong>: Apoiado por orienta\u00e7\u00e3o profissional para garantir um processo informado e compassivo.<\/p>\n<\/li>\n<\/ul>\n<h2 dir=\"ltr\">Quais s\u00e3o os efeitos secund\u00e1rios do Nembutal?<\/h2>\n<p dir=\"ltr\">Quando administrado corretamente, o Nembutal em p\u00f3 tem efeitos secund\u00e1rios m\u00ednimos, que podem incluir sonol\u00eancia ligeira, n\u00e1useas ou ligeiras altera\u00e7\u00f5es respirat\u00f3rias. Estes efeitos s\u00e3o geralmente limitados devido \u00e0 sua utiliza\u00e7\u00e3o controlada nos cuidados de fim de vida. A dosagem exacta \u00e9 fundamental para minimizar os riscos, e recomendamos vivamente que consulte a nossa equipa para obter aconselhamento personalizado. A Euthanasia International fornece apoio cont\u00ednuo para responder a quaisquer preocupa\u00e7\u00f5es, garantindo uma experi\u00eancia segura e confort\u00e1vel. Comprar Nembutal em P\u00f3 50gr<\/p>\n<h2 dir=\"ltr\">Conclus\u00e3o<\/h2>\n<p dir=\"ltr\">O Nembutal em p\u00f3 50g da Euthanasia International \u00e9 uma solu\u00e7\u00e3o fi\u00e1vel e de alta qualidade para quem procura uma experi\u00eancia de fim de vida digna e pac\u00edfica. Com o nosso compromisso para com a pureza, seguran\u00e7a e cuidados compassivos, oferecemos mais do que um produto - uma parceria de apoio enraizada na empatia e na experi\u00eancia. Adira ao nosso programa de membros para ter acesso ao Nembutal sem receita m\u00e9dica, beneficiar de uma entrega discreta e receber orienta\u00e7\u00e3o profissional em cada passo do processo. Escolha a Euthanasia International para uma viagem segura e respeitosa.<\/p>","protected":false},"excerpt":{"rendered":"<h2 dir=\"ltr\" data-pm-slice=\"1 1 []\"><a href=\"https:\/\/euthanitinl.org\/pt\/product\/comprar-nembutal-em-po-50gr\/\">Comprar Nembutal em p\u00f3 50gr<\/a><\/h2>\n<p dir=\"ltr\">Comprar Nembutal Powder 50gr, um pentobarbital s\u00f3dico de qualidade farmac\u00eautica, \u00e9 normalmente administrado dissolvendo o p\u00f3 num l\u00edquido para consumo oral<\/p>","protected":false},"featured_media":1762,"comment_status":"open","ping_status":"closed","template":"","meta":[],"product_brand":[],"product_cat":[23],"product_tag":[206,224,207,225,226,227,228,229,208,230,231,209,210,211,212,213,214,215,216,217,218,219,220,221,222,232,233,234,235,236,237,238,239,240,241,242,243,244,245,246,247,248,249,250,251,252,253,254,255,256,257,258,259,260,261,262,263,264,265,266,267,223,268,269,270,271,272,273,274,275],"class_list":{"0":"post-1761","1":"product","2":"type-product","3":"status-publish","4":"has-post-thumbnail","6":"product_cat-powder","7":"product_tag-buy-nembutal-pentobarbital-online","8":"product_tag-buy-nembutal-pentobarbital-sodium","9":"product_tag-buy-nembutal-powder-online","10":"product_tag-buy-pentobarbital-sodium","11":"product_tag-buy-pentobarbital-sodium-2021","12":"product_tag-buy-pentobarbital-sodium-pentobarbital-sodium-salt","13":"product_tag-buy-sodium-pentobarbital-uk","14":"product_tag-can-i-buy-pentobarbital","15":"product_tag-can-i-order-nembutal-online","16":"product_tag-can-you-buy-pentobarbital-sodium-over-the-counter","17":"product_tag-can-you-buy-sodium-pentobarbital","18":"product_tag-how-can-i-order-pentobarbital-powder","19":"product_tag-how-can-i-take-pentobarbital","20":"product_tag-nembutal","21":"product_tag-nembutal-buy-australia","22":"product_tag-nembutal-buy-austria","23":"product_tag-nembutal-buy-germany","24":"product_tag-nembutal-buy-uk","25":"product_tag-nembutal-powder","26":"product_tag-nembutal-powder-buy","27":"product_tag-nembutal-powder-dose","28":"product_tag-nembutal-powder-for-sale","29":"product_tag-nembutal-powder-overdose","30":"product_tag-nembutal-powder-supplier","31":"product_tag-order-nembutal-powder","32":"product_tag-pentobarbital","33":"product_tag-pentobarbital-de-sodium-dose-letale","34":"product_tag-pentobarbital-sodium-anesthesia","35":"product_tag-pentobarbital-sodium-buy","36":"product_tag-pentobarbital-sodium-china","37":"product_tag-pentobarbital-sodium-death","38":"product_tag-pentobarbital-sodium-dosage","39":"product_tag-pentobarbital-sodium-for-dogs","40":"product_tag-pentobarbital-sodium-for-humans","41":"product_tag-pentobarbital-sodium-group","42":"product_tag-pentobarbital-sodium-injection-for-dogs","43":"product_tag-pentobarbital-sodium-injection-for-humans","44":"product_tag-pentobarbital-sodium-injection-solution","45":"product_tag-pentobarbital-sodium-injection-usp","46":"product_tag-pentobarbital-sodium-liquid","47":"product_tag-pentobarbital-sodium-nz","48":"product_tag-pentobarbital-sodium-oral","49":"product_tag-pentobarbital-sodium-over-the-counter","50":"product_tag-pentobarbital-sodium-pills","51":"product_tag-pentobarbital-sodium-powder","52":"product_tag-pentobarbital-sodium-prescription","53":"product_tag-pentobarbital-sodium-price","54":"product_tag-pentobarbital-sodium-salt","55":"product_tag-pentobarbital-sodium-sleeping-pills","56":"product_tag-pentobarbital-sodium-sleeping-pills-over-the-counter","57":"product_tag-pentobarbital-sodium-tablets","58":"product_tag-pentobarbital-sodium-where-to-buy","59":"product_tag-pentobarbital-use","60":"product_tag-phenobarbital-sodium-intravenous","61":"product_tag-sodium","62":"product_tag-sodium-pentobarbital-nembutal","63":"product_tag-sodium-pentobarbital-cost","64":"product_tag-sodium-pentobarbital-for-animal-euthanasia","65":"product_tag-sodium-pentobarbital-for-euthanasia","66":"product_tag-sodium-pentobarbital-manufacturers","67":"product_tag-sodium-pentobarbital-shelf-life","68":"product_tag-where-can-i-buy-nembutal-powder","69":"product_tag-where-can-i-buy-nembutal-sodium-pentobarbital","70":"product_tag-where-can-i-buy-pentobarbital-sodium","71":"product_tag-where-can-i-buy-pentobarbital-sodium-sleeping-pills","72":"product_tag-where-can-i-buy-sodium-pentobarbital","73":"product_tag-where-can-you-buy-pentobarbital-sodium","74":"product_tag-where-to-buy-pentobarbital-sodium","75":"product_tag-where-to-buy-pentobarbital-sodium-for-dogs","76":"product_tag-where-to-get-pentobarbital-sodium","78":"first","79":"instock","80":"shipping-taxable","81":"purchasable","82":"product-type-simple"},"_links":{"self":[{"href":"https:\/\/euthanitinl.org\/pt\/wp-json\/wp\/v2\/product\/1761","targetHints":{"allow":["GET"]}}],"collection":[{"href":"https:\/\/euthanitinl.org\/pt\/wp-json\/wp\/v2\/product"}],"about":[{"href":"https:\/\/euthanitinl.org\/pt\/wp-json\/wp\/v2\/types\/product"}],"replies":[{"embeddable":true,"href":"https:\/\/euthanitinl.org\/pt\/wp-json\/wp\/v2\/comments?post=1761"}],"wp:featuredmedia":[{"embeddable":true,"href":"https:\/\/euthanitinl.org\/pt\/wp-json\/wp\/v2\/media\/1762"}],"wp:attachment":[{"href":"https:\/\/euthanitinl.org\/pt\/wp-json\/wp\/v2\/media?parent=1761"}],"wp:term":[{"taxonomy":"product_brand","embeddable":true,"href":"https:\/\/euthanitinl.org\/pt\/wp-json\/wp\/v2\/product_brand?post=1761"},{"taxonomy":"product_cat","embeddable":true,"href":"https:\/\/euthanitinl.org\/pt\/wp-json\/wp\/v2\/product_cat?post=1761"},{"taxonomy":"product_tag","embeddable":true,"href":"https:\/\/euthanitinl.org\/pt\/wp-json\/wp\/v2\/product_tag?post=1761"}],"curies":[{"name":"wp","href":"https:\/\/api.w.org\/{rel}","templated":true}]}}