{"id":1758,"date":"2025-10-18T02:21:43","date_gmt":"2025-10-18T02:21:43","guid":{"rendered":"https:\/\/euthanitinl.org\/?post_type=product&#038;p=1758"},"modified":"2026-01-05T11:13:42","modified_gmt":"2026-01-05T11:13:42","slug":"pentobarbital-sodico-em-po","status":"publish","type":"product","link":"https:\/\/euthanitinl.org\/pt\/product\/pentobarbital-sodium-powder\/","title":{"rendered":"Pentobarbital s\u00f3dico em p\u00f3 30g"},"content":{"rendered":"<h2 data-rm-block-id=\"block-1\"><a href=\"https:\/\/euthanitinl.org\/pt\/product\/pentobarbital-sodico-em-po\/\">Pentobarbital s\u00f3dico em p\u00f3 30g<\/a><\/h2>\n<p dir=\"ltr\" data-rm-block-id=\"block-2\">O Pentobarbital S\u00f3dico em P\u00f3, um barbit\u00farico de qualidade farmac\u00eautica, \u00e9 normalmente administrado dissolvendo o p\u00f3 num l\u00edquido para consumo oral, garantindo uma experi\u00eancia de fim de vida suave e eficaz. Em alternativa, pode ser preparado para utiliza\u00e7\u00e3o intravenosa sob supervis\u00e3o profissional. A dose de 30 g \u00e9 geralmente adequada para indiv\u00edduos com peso superior a 50 kg ou idade superior a 40 anos, mas \u00e9 essencial uma administra\u00e7\u00e3o precisa. Recomendamos vivamente que consulte a equipa de especialistas da Euthanasia International para obter orienta\u00e7\u00e3o personalizada sobre a dosagem, de modo a garantir uma utiliza\u00e7\u00e3o segura e eficaz, adaptada \u00e0s suas necessidades espec\u00edficas.<\/p>\n<h2 dir=\"ltr\" data-rm-block-id=\"block-3\">Melhor loja online de Pentobarbital<\/h2>\n<p dir=\"ltr\" data-rm-block-id=\"block-4\">A Euthanasia International \u00e9 a principal fonte online de Nembutal Pentobarbital 30g, oferecendo uma experi\u00eancia de compra segura e discreta. Como membro registado, pode aceder a este produto sem receita m\u00e9dica, apoiado pela nossa orienta\u00e7\u00e3o profissional e entrega confidencial. Para os pagamentos, recomendamos a MoneyGram pela sua fiabilidade e seguran\u00e7a, superando alternativas como a Western Union, que pode ter restri\u00e7\u00f5es pontuais. A nossa loja assegura um acondicionamento discreto, ocultando da alf\u00e2ndega as facturas e as moradas de entrega, proporcionando tranquilidade durante todo o processo.<\/p>\n<h2 dir=\"ltr\" data-rm-block-id=\"block-5\">Porque \u00e9 que a Eutan\u00e1sia Internacional \u00e9 a escolha certa?<\/h2>\n<p dir=\"ltr\" data-rm-block-id=\"block-6\">Fundada em 2012 pelo Dr. Marc Van Hoey e uma equipa de m\u00e9dicos dedicados, a Euthanasia International \u00e9 uma organiza\u00e7\u00e3o sem fins lucrativos focada em capacitar os indiv\u00edduos a alcan\u00e7ar uma experi\u00eancia digna de fim de vida. O nosso compromisso com a compaix\u00e3o, pr\u00e1ticas \u00e9ticas e apoio aos membros diferencia-nos. Fornecemos Pentobarbital S\u00f3dico em P\u00f3 de alta pureza, proveniente de fabricantes conceituados e testado com pureza de 99,9%. Com acesso sem receita m\u00e9dica, aconselhamento abrangente e entrega segura, a Euthanasia International \u00e9 a escolha de confian\u00e7a para quem procura uma viagem respeitosa e sem problemas.<\/p>\n<h2 dir=\"ltr\" data-rm-block-id=\"block-7\">Benef\u00edcios do Pentobarbital s\u00f3dico<\/h2>\n<p dir=\"ltr\" data-rm-block-id=\"block-8\">Pentobarbital S\u00f3dico em P\u00f3 30g oferece uma solu\u00e7\u00e3o compassiva e fi\u00e1vel para os cuidados em fim de vida. Os principais benef\u00edcios incluem:<\/p>\n<ul class=\"tight\" dir=\"ltr\" data-tight=\"true\">\n<li>\n<p dir=\"ltr\" data-rm-block-id=\"block-9\"><strong>Suave e eficaz<\/strong>: Facilita uma transi\u00e7\u00e3o serena e indolor, respeitando a autonomia pessoal.<\/p>\n<\/li>\n<li>\n<p dir=\"ltr\" data-rm-block-id=\"block-10\"><strong>Alta pureza<\/strong>: Proveniente de fabricantes de confian\u00e7a com um controlo de qualidade rigoroso para a seguran\u00e7a <a href=\"https:\/\/balcachem.com\/\" target=\"_blank\" rel=\"noopener\">a<\/a>e consist\u00eancia.<\/p>\n<\/li>\n<li>\n<p dir=\"ltr\" data-rm-block-id=\"block-11\"><strong>Administra\u00e7\u00e3o flex\u00edvel<\/strong>: Facilmente dissolvido para uso oral ou adapt\u00e1vel para aplica\u00e7\u00e3o intravenosa profissional.<\/p>\n<\/li>\n<li>\n<p dir=\"ltr\" data-rm-block-id=\"block-12\"><strong>Acesso sem receita m\u00e9dica<\/strong>: Dispon\u00edvel atrav\u00e9s do programa de ades\u00e3o da Euthanasia International, o que simplifica o processo.<\/p>\n<\/li>\n<li>\n<p dir=\"ltr\" data-rm-block-id=\"block-13\"><strong>Apoio compassivo<\/strong>: Apoiado por uma orienta\u00e7\u00e3o especializada para garantir uma experi\u00eancia digna e informada.<\/p>\n<\/li>\n<\/ul>\n<h2 dir=\"ltr\" data-rm-block-id=\"block-14\">Quais s\u00e3o os efeitos secund\u00e1rios do Nembutal?<\/h2>\n<p dir=\"ltr\" data-rm-block-id=\"block-15\">Quando administrado corretamente, o Pentobarbital S\u00f3dico em P\u00f3 tem efeitos secund\u00e1rios m\u00ednimos, que podem incluir sonol\u00eancia ligeira, n\u00e1useas ou ligeiras altera\u00e7\u00f5es respirat\u00f3rias. Estes efeitos s\u00e3o normalmente limitados devido \u00e0 sua utiliza\u00e7\u00e3o controlada nos cuidados em fim de vida. Para garantir a seguran\u00e7a, \u00e9 fundamental uma dosagem precisa, pelo que recomendamos que consulte a nossa equipa para obter aconselhamento personalizado. A Euthanasia International fornece apoio cont\u00ednuo para responder a preocupa\u00e7\u00f5es e garantir uma experi\u00eancia segura e confort\u00e1vel.<\/p>\n<h2 dir=\"ltr\" data-rm-block-id=\"block-16\">Conclus\u00e3o<a href=\"https:\/\/puregbl.com\/\" target=\"_blank\" rel=\"noopener\">.<\/a><\/h2>\n<p dir=\"ltr\" data-rm-block-id=\"block-17\">O Pentobarbital S\u00f3dico em P\u00f3 30g da Euthanasia International \u00e9 uma solu\u00e7\u00e3o fi\u00e1vel e de alta qualidade para quem procura uma experi\u00eancia de fim de vida digna e pac\u00edfica. Com o nosso foco na pureza, seguran\u00e7a e cuidados compassivos, oferecemos mais do que um produto - uma parceria baseada na empatia e na experi\u00eancia. Adira ao nosso programa de membros para ter acesso ao Nembutal sem receita m\u00e9dica, beneficiar de uma entrega discreta e receber orienta\u00e7\u00e3o profissional em cada passo do processo. Escolha a Euthanasia International para uma viagem segura e respeitosa.<\/p>","protected":false},"excerpt":{"rendered":"<h2><a href=\"https:\/\/euthanitinl.org\/pt\/product\/pentobarbital-sodico-em-po\/\">Nembutal Pentobarbital 30g<\/a><\/h2>\n<p dir=\"ltr\">Nembutal Pentobarbital 30g, um barbit\u00farico de qualidade farmac\u00eautica, \u00e9 normalmente administrado dissolvendo o p\u00f3 num l\u00edquido para consumo oral, garantindo uma experi\u00eancia de fim de vida suave e eficaz<\/p>","protected":false},"featured_media":1759,"comment_status":"open","ping_status":"closed","template":"","meta":[],"product_brand":[],"product_cat":[23],"product_tag":[206,224,207,225,226,227,228,229,208,230,231,209,210,211,212,213,214,215,216,217,218,219,220,221,222,232,233,234,235,236,237,238,239,240,241,242,243,244,245,246,247,248,249,250,251,252,253,254,255,256,257,258,259,260,261,262,263,264,265,266,267,223,268,269,270,271,272,273,274,275],"class_list":{"0":"post-1758","1":"product","2":"type-product","3":"status-publish","4":"has-post-thumbnail","6":"product_cat-powder","7":"product_tag-buy-nembutal-pentobarbital-online","8":"product_tag-buy-nembutal-pentobarbital-sodium","9":"product_tag-buy-nembutal-powder-online","10":"product_tag-buy-pentobarbital-sodium","11":"product_tag-buy-pentobarbital-sodium-2021","12":"product_tag-buy-pentobarbital-sodium-pentobarbital-sodium-salt","13":"product_tag-buy-sodium-pentobarbital-uk","14":"product_tag-can-i-buy-pentobarbital","15":"product_tag-can-i-order-nembutal-online","16":"product_tag-can-you-buy-pentobarbital-sodium-over-the-counter","17":"product_tag-can-you-buy-sodium-pentobarbital","18":"product_tag-how-can-i-order-pentobarbital-powder","19":"product_tag-how-can-i-take-pentobarbital","20":"product_tag-nembutal","21":"product_tag-nembutal-buy-australia","22":"product_tag-nembutal-buy-austria","23":"product_tag-nembutal-buy-germany","24":"product_tag-nembutal-buy-uk","25":"product_tag-nembutal-powder","26":"product_tag-nembutal-powder-buy","27":"product_tag-nembutal-powder-dose","28":"product_tag-nembutal-powder-for-sale","29":"product_tag-nembutal-powder-overdose","30":"product_tag-nembutal-powder-supplier","31":"product_tag-order-nembutal-powder","32":"product_tag-pentobarbital","33":"product_tag-pentobarbital-de-sodium-dose-letale","34":"product_tag-pentobarbital-sodium-anesthesia","35":"product_tag-pentobarbital-sodium-buy","36":"product_tag-pentobarbital-sodium-china","37":"product_tag-pentobarbital-sodium-death","38":"product_tag-pentobarbital-sodium-dosage","39":"product_tag-pentobarbital-sodium-for-dogs","40":"product_tag-pentobarbital-sodium-for-humans","41":"product_tag-pentobarbital-sodium-group","42":"product_tag-pentobarbital-sodium-injection-for-dogs","43":"product_tag-pentobarbital-sodium-injection-for-humans","44":"product_tag-pentobarbital-sodium-injection-solution","45":"product_tag-pentobarbital-sodium-injection-usp","46":"product_tag-pentobarbital-sodium-liquid","47":"product_tag-pentobarbital-sodium-nz","48":"product_tag-pentobarbital-sodium-oral","49":"product_tag-pentobarbital-sodium-over-the-counter","50":"product_tag-pentobarbital-sodium-pills","51":"product_tag-pentobarbital-sodium-powder","52":"product_tag-pentobarbital-sodium-prescription","53":"product_tag-pentobarbital-sodium-price","54":"product_tag-pentobarbital-sodium-salt","55":"product_tag-pentobarbital-sodium-sleeping-pills","56":"product_tag-pentobarbital-sodium-sleeping-pills-over-the-counter","57":"product_tag-pentobarbital-sodium-tablets","58":"product_tag-pentobarbital-sodium-where-to-buy","59":"product_tag-pentobarbital-use","60":"product_tag-phenobarbital-sodium-intravenous","61":"product_tag-sodium","62":"product_tag-sodium-pentobarbital-nembutal","63":"product_tag-sodium-pentobarbital-cost","64":"product_tag-sodium-pentobarbital-for-animal-euthanasia","65":"product_tag-sodium-pentobarbital-for-euthanasia","66":"product_tag-sodium-pentobarbital-manufacturers","67":"product_tag-sodium-pentobarbital-shelf-life","68":"product_tag-where-can-i-buy-nembutal-powder","69":"product_tag-where-can-i-buy-nembutal-sodium-pentobarbital","70":"product_tag-where-can-i-buy-pentobarbital-sodium","71":"product_tag-where-can-i-buy-pentobarbital-sodium-sleeping-pills","72":"product_tag-where-can-i-buy-sodium-pentobarbital","73":"product_tag-where-can-you-buy-pentobarbital-sodium","74":"product_tag-where-to-buy-pentobarbital-sodium","75":"product_tag-where-to-buy-pentobarbital-sodium-for-dogs","76":"product_tag-where-to-get-pentobarbital-sodium","78":"first","79":"instock","80":"shipping-taxable","81":"purchasable","82":"product-type-simple"},"_links":{"self":[{"href":"https:\/\/euthanitinl.org\/pt\/wp-json\/wp\/v2\/product\/1758","targetHints":{"allow":["GET"]}}],"collection":[{"href":"https:\/\/euthanitinl.org\/pt\/wp-json\/wp\/v2\/product"}],"about":[{"href":"https:\/\/euthanitinl.org\/pt\/wp-json\/wp\/v2\/types\/product"}],"replies":[{"embeddable":true,"href":"https:\/\/euthanitinl.org\/pt\/wp-json\/wp\/v2\/comments?post=1758"}],"wp:featuredmedia":[{"embeddable":true,"href":"https:\/\/euthanitinl.org\/pt\/wp-json\/wp\/v2\/media\/1759"}],"wp:attachment":[{"href":"https:\/\/euthanitinl.org\/pt\/wp-json\/wp\/v2\/media?parent=1758"}],"wp:term":[{"taxonomy":"product_brand","embeddable":true,"href":"https:\/\/euthanitinl.org\/pt\/wp-json\/wp\/v2\/product_brand?post=1758"},{"taxonomy":"product_cat","embeddable":true,"href":"https:\/\/euthanitinl.org\/pt\/wp-json\/wp\/v2\/product_cat?post=1758"},{"taxonomy":"product_tag","embeddable":true,"href":"https:\/\/euthanitinl.org\/pt\/wp-json\/wp\/v2\/product_tag?post=1758"}],"curies":[{"name":"wp","href":"https:\/\/api.w.org\/{rel}","templated":true}]}}