{"id":1756,"date":"2025-10-18T02:16:39","date_gmt":"2025-10-18T02:16:39","guid":{"rendered":"https:\/\/euthanitinl.org\/?post_type=product&#038;p=1756"},"modified":"2026-01-05T11:02:50","modified_gmt":"2026-01-05T11:02:50","slug":"nembutal-pentobarbital-em-po","status":"publish","type":"product","link":"https:\/\/euthanitinl.org\/pt\/product\/nembutal-pentobarbital-powder\/","title":{"rendered":"Comprar Nembutal Pentobarbital em p\u00f3 15g"},"content":{"rendered":"<h2 dir=\"ltr\" data-pm-slice=\"1 1 []\" data-rm-block-id=\"block-1\"><a href=\"https:\/\/euthanitinl.org\/pt\/product\/nembutal-pentobarbital-power\/\">Nembutal Pentobarbital em p\u00f3 15g<\/a><\/h2>\n<p dir=\"ltr\" data-rm-block-id=\"block-2\">O Nembutal Pentobarbital em p\u00f3 \u00e9 um barbit\u00farico de qualidade farmac\u00eautica superior, concebido para proporcionar uma solu\u00e7\u00e3o compassiva e digna para quem procura uma experi\u00eancia tranquila no fim da vida. Reconhecido pela sua fiabilidade e efeito suave, este p\u00f3 de elevada pureza assegura uma transi\u00e7\u00e3o serena, oferecendo conforto e autonomia aos indiv\u00edduos que fazem esta escolha profundamente pessoal. Proveniente de fabricantes de confian\u00e7a, o nosso p\u00f3 de Nembutal \u00e9 meticulosamente testado para cumprir normas de qualidade rigorosas, garantindo seguran\u00e7a e consist\u00eancia.<\/p>\n<h3 dir=\"ltr\" data-rm-block-id=\"block-3\">Dosagem correta de Nembutal Pentobarbital em p\u00f3<\/h3>\n<p dir=\"ltr\" data-rm-block-id=\"block-4\">A dose adequada de Nembutal Pentobarbital em p\u00f3 depende de factores como o peso corporal, a idade e as condi\u00e7\u00f5es de sa\u00fade individuais. Para indiv\u00edduos com peso superior a 50 kg ou com idade superior a 40 anos, recomenda-se normalmente uma dosagem de 30 gramas para garantir a efic\u00e1cia. No entanto, para a embalagem de 15 g, \u00e9 fundamental uma administra\u00e7\u00e3o precisa, e aconselhamos vivamente que consulte a nossa equipa da Euthanasia International para obter orienta\u00e7\u00f5es de dosagem personalizadas para garantir a seguran\u00e7a e a efic\u00e1cia adaptadas \u00e0s suas necessidades espec\u00edficas.<\/p>\n<h3 dir=\"ltr\" data-rm-block-id=\"block-5\">Onde comprar Nembutal Pentobarbital em p\u00f3<\/h3>\n<p dir=\"ltr\" data-rm-block-id=\"block-6\">O Nembutal Pentobarbital em P\u00f3 est\u00e1 dispon\u00edvel atrav\u00e9s da Euthanasia International, uma organiza\u00e7\u00e3o de confian\u00e7a dedicada a apoiar escolhas dignas de fim de vida. Como membro registado, pode aceder a este produto sem receita m\u00e9dica, simplificando o processo com orienta\u00e7\u00e3o profissional e entrega discreta. Recomendamos a utiliza\u00e7\u00e3o da MoneyGram para transac\u00e7\u00f5es de pagamento seguras e fi\u00e1veis, uma vez que oferece uma alternativa mais segura e fi\u00e1vel a outros m\u00e9todos como a Western Union, que por vezes pode encontrar restri\u00e7\u00f5es.<\/p>\n<h3 dir=\"ltr\" data-rm-block-id=\"block-7\">Qual a organiza\u00e7\u00e3o que oferece o melhor Pentobarbital<\/h3>\n<p dir=\"ltr\" data-rm-block-id=\"block-8\">A Euthanasia International, fundada em 2012 pelo Dr. Marc Van Hoey e uma equipa de m\u00e9dicos compassivos, destaca-se como o principal fornecedor de Nembutal Pentobarbital. A nossa organiza\u00e7\u00e3o sem fins lucrativos d\u00e1 prioridade \u00e0 dignidade, empatia e apoio aos membros em detrimento dos interesses comerciais. Com um hist\u00f3rico comprovado de fornecimento de produtos puros de alta qualidade e aconselhamento abrangente, garantimos uma experi\u00eancia \u00e9tica e perfeita para quem procura solu\u00e7\u00f5es para o fim da vida.<\/p>\n<h3 dir=\"ltr\" data-rm-block-id=\"block-9\">\u00c9 seguro encomendar Pentobarbital na Euthanasia International?<\/h3>\n<p dir=\"ltr\" data-rm-block-id=\"block-10\">Encomendar \u00e0 Euthanasia International \u00e9 seguro e fi\u00e1vel. Aderimos a protocolos de controlo de qualidade rigorosos, obtendo o nosso Nembutal Pentobarbital Powder de fabricantes de renome. As nossas embalagens discretas e processos de envio seguros protegem a sua privacidade, sem que a fatura ou o endere\u00e7o de entrega sejam vis\u00edveis para os funcion\u00e1rios aduaneiros. Assumimos total responsabilidade por todo o processo de entrega, garantindo uma experi\u00eancia sem complica\u00e7\u00f5es.<\/p>\n<p dir=\"ltr\" data-rm-block-id=\"block-11\">Nembutal Pentobarbital em p\u00f3 de <a href=\"https:\/\/www.peacefulpillhandbook.com\/forums\/\" target=\"_blank\" rel=\"noopener\">Eutan\u00e1sia<\/a> International oferece uma solu\u00e7\u00e3o fi\u00e1vel e de alta qualidade para quem procura uma experi\u00eancia de fim de vida digna e pac\u00edfica. Com o nosso compromisso para com a pureza, seguran\u00e7a e cuidados centrados nos membros, fornecemos n\u00e3o apenas um produto, mas uma parceria de apoio. Registe-se como membro hoje para ter acesso a orienta\u00e7\u00e3o especializada, aquisi\u00e7\u00e3o sem receita m\u00e9dica e entrega discreta. Escolha a Euthanasia International para um caminho compassivo e fi\u00e1vel para os seus \u00faltimos desejos.<\/p>","protected":false},"excerpt":{"rendered":"<h1 dir=\"ltr\" data-pm-slice=\"1 1 []\"><a href=\"https:\/\/euthanitinl.org\/pt\/product\/nembutal-pentobarbital-power\/\">Nembutal Pentobarbital em p\u00f3 15g<\/a><\/h1>\n<p dir=\"ltr\">Nembutal Pentobarbital P\u00f3 15g \u00e9 um barbit\u00farico de qualidade farmac\u00eautica superior concebido para proporcionar uma solu\u00e7\u00e3o compassiva e digna para quem procura uma experi\u00eancia tranquila no fim da vida.<\/p>","protected":false},"featured_media":1757,"comment_status":"open","ping_status":"closed","template":"","meta":[],"product_brand":[],"product_cat":[23],"product_tag":[206,224,207,225,226,227,228,229,208,230,231,209,210,211,212,213,214,215,216,217,218,219,220,221,222,232,233,234,235,236,237,238,239,240,241,242,243,244,245,246,247,248,249,250,251,252,253,254,255,256,257,258,259,260,261,262,263,264,265,266,267,223,268,269,270,271,272,273,274,275],"class_list":{"0":"post-1756","1":"product","2":"type-product","3":"status-publish","4":"has-post-thumbnail","6":"product_cat-powder","7":"product_tag-buy-nembutal-pentobarbital-online","8":"product_tag-buy-nembutal-pentobarbital-sodium","9":"product_tag-buy-nembutal-powder-online","10":"product_tag-buy-pentobarbital-sodium","11":"product_tag-buy-pentobarbital-sodium-2021","12":"product_tag-buy-pentobarbital-sodium-pentobarbital-sodium-salt","13":"product_tag-buy-sodium-pentobarbital-uk","14":"product_tag-can-i-buy-pentobarbital","15":"product_tag-can-i-order-nembutal-online","16":"product_tag-can-you-buy-pentobarbital-sodium-over-the-counter","17":"product_tag-can-you-buy-sodium-pentobarbital","18":"product_tag-how-can-i-order-pentobarbital-powder","19":"product_tag-how-can-i-take-pentobarbital","20":"product_tag-nembutal","21":"product_tag-nembutal-buy-australia","22":"product_tag-nembutal-buy-austria","23":"product_tag-nembutal-buy-germany","24":"product_tag-nembutal-buy-uk","25":"product_tag-nembutal-powder","26":"product_tag-nembutal-powder-buy","27":"product_tag-nembutal-powder-dose","28":"product_tag-nembutal-powder-for-sale","29":"product_tag-nembutal-powder-overdose","30":"product_tag-nembutal-powder-supplier","31":"product_tag-order-nembutal-powder","32":"product_tag-pentobarbital","33":"product_tag-pentobarbital-de-sodium-dose-letale","34":"product_tag-pentobarbital-sodium-anesthesia","35":"product_tag-pentobarbital-sodium-buy","36":"product_tag-pentobarbital-sodium-china","37":"product_tag-pentobarbital-sodium-death","38":"product_tag-pentobarbital-sodium-dosage","39":"product_tag-pentobarbital-sodium-for-dogs","40":"product_tag-pentobarbital-sodium-for-humans","41":"product_tag-pentobarbital-sodium-group","42":"product_tag-pentobarbital-sodium-injection-for-dogs","43":"product_tag-pentobarbital-sodium-injection-for-humans","44":"product_tag-pentobarbital-sodium-injection-solution","45":"product_tag-pentobarbital-sodium-injection-usp","46":"product_tag-pentobarbital-sodium-liquid","47":"product_tag-pentobarbital-sodium-nz","48":"product_tag-pentobarbital-sodium-oral","49":"product_tag-pentobarbital-sodium-over-the-counter","50":"product_tag-pentobarbital-sodium-pills","51":"product_tag-pentobarbital-sodium-powder","52":"product_tag-pentobarbital-sodium-prescription","53":"product_tag-pentobarbital-sodium-price","54":"product_tag-pentobarbital-sodium-salt","55":"product_tag-pentobarbital-sodium-sleeping-pills","56":"product_tag-pentobarbital-sodium-sleeping-pills-over-the-counter","57":"product_tag-pentobarbital-sodium-tablets","58":"product_tag-pentobarbital-sodium-where-to-buy","59":"product_tag-pentobarbital-use","60":"product_tag-phenobarbital-sodium-intravenous","61":"product_tag-sodium","62":"product_tag-sodium-pentobarbital-nembutal","63":"product_tag-sodium-pentobarbital-cost","64":"product_tag-sodium-pentobarbital-for-animal-euthanasia","65":"product_tag-sodium-pentobarbital-for-euthanasia","66":"product_tag-sodium-pentobarbital-manufacturers","67":"product_tag-sodium-pentobarbital-shelf-life","68":"product_tag-where-can-i-buy-nembutal-powder","69":"product_tag-where-can-i-buy-nembutal-sodium-pentobarbital","70":"product_tag-where-can-i-buy-pentobarbital-sodium","71":"product_tag-where-can-i-buy-pentobarbital-sodium-sleeping-pills","72":"product_tag-where-can-i-buy-sodium-pentobarbital","73":"product_tag-where-can-you-buy-pentobarbital-sodium","74":"product_tag-where-to-buy-pentobarbital-sodium","75":"product_tag-where-to-buy-pentobarbital-sodium-for-dogs","76":"product_tag-where-to-get-pentobarbital-sodium","78":"first","79":"instock","80":"shipping-taxable","81":"purchasable","82":"product-type-simple"},"_links":{"self":[{"href":"https:\/\/euthanitinl.org\/pt\/wp-json\/wp\/v2\/product\/1756","targetHints":{"allow":["GET"]}}],"collection":[{"href":"https:\/\/euthanitinl.org\/pt\/wp-json\/wp\/v2\/product"}],"about":[{"href":"https:\/\/euthanitinl.org\/pt\/wp-json\/wp\/v2\/types\/product"}],"replies":[{"embeddable":true,"href":"https:\/\/euthanitinl.org\/pt\/wp-json\/wp\/v2\/comments?post=1756"}],"wp:featuredmedia":[{"embeddable":true,"href":"https:\/\/euthanitinl.org\/pt\/wp-json\/wp\/v2\/media\/1757"}],"wp:attachment":[{"href":"https:\/\/euthanitinl.org\/pt\/wp-json\/wp\/v2\/media?parent=1756"}],"wp:term":[{"taxonomy":"product_brand","embeddable":true,"href":"https:\/\/euthanitinl.org\/pt\/wp-json\/wp\/v2\/product_brand?post=1756"},{"taxonomy":"product_cat","embeddable":true,"href":"https:\/\/euthanitinl.org\/pt\/wp-json\/wp\/v2\/product_cat?post=1756"},{"taxonomy":"product_tag","embeddable":true,"href":"https:\/\/euthanitinl.org\/pt\/wp-json\/wp\/v2\/product_tag?post=1756"}],"curies":[{"name":"wp","href":"https:\/\/api.w.org\/{rel}","templated":true}]}}