{"id":1781,"date":"2025-10-18T17:43:07","date_gmt":"2025-10-18T17:43:07","guid":{"rendered":"https:\/\/euthanitinl.org\/?post_type=product&#038;p=1781"},"modified":"2026-01-05T11:18:55","modified_gmt":"2026-01-05T11:18:55","slug":"pentobarbital-sodu-doustnie","status":"publish","type":"product","link":"https:\/\/euthanitinl.org\/pl\/product\/pentobarbital-sodium-oral\/","title":{"rendered":"Kup Pentobarbital Sodu Doustnie 250ml (P\u0142yn)"},"content":{"rendered":"<h1 dir=\"ltr\" data-pm-slice=\"1 1 []\"><a href=\"https:\/\/euthanitinl.org\/pl\/product\/pentobarbital-sodu-doustnie\/\">Kup Pentobarbital Sodu Doustnie 250ml (P\u0142yn)<\/a><\/h1>\n<p dir=\"ltr\">W Euthanasia International (EINT) oferujemy Pentobarbital sodowy 250 ml (p\u0142yn doustny), rozwi\u0105zanie o wysokiej czysto\u015bci i jako\u015bci farmaceutycznej dla os\u00f3b poszukuj\u0105cych godnej i wsp\u00f3\u0142czuj\u0105cej opcji zako\u0144czenia \u017cycia. Nasz produkt o czysto\u015bci 99,8% zapewnia niezawodno\u015b\u0107 i skuteczno\u015b\u0107. Poni\u017cej przedstawiamy szczeg\u00f3\u0142owe informacje na temat Pentobarbital Sodium 250ml (Oral Liquid), aby pom\u00f3c w podj\u0119ciu decyzji.<\/p>\n<h2 dir=\"ltr\">Co to jest Pentobarbital doustnie 250 ml (p\u0142yn)?<\/h2>\n<p dir=\"ltr\">Pentobarbital Sodium 250ml (p\u0142yn doustny) to roztw\u00f3r barbituran\u00f3w o w\u0142a\u015bciwo\u015bciach uspokajaj\u0105cych i znieczulaj\u0105cych. Jako \u015brodek dzia\u0142aj\u0105cy depresyjnie na o\u015brodkowy uk\u0142ad nerwowy, jest stosowany do wywo\u0142ywania snu, leczenia drgawek lub u\u0142atwiania spokojnego i bezbolesnego odej\u015bcia podczas dobrowolnej eutanazji. P\u0142yn doustny o pojemno\u015bci 250 ml oferuje wi\u0119ksz\u0105 obj\u0119to\u015b\u0107 dla precyzyjnego dawkowania i \u0142atwo\u015bci podawania w por\u00f3wnaniu do tabletek lub form iniekcyjnych, co czyni go preferowanym wyborem dla wielu os\u00f3b.<\/p>\n<h2 dir=\"ltr\">Dlaczego warto kupi\u0107 Pentobarbital Sodium Oral Liquid?<\/h2>\n<p dir=\"ltr\">Pentobarbital Sodium Oral Liquid zosta\u0142 wybrany ze wzgl\u0119du na szybki pocz\u0105tek dzia\u0142ania i sp\u00f3jne efekty, zapewniaj\u0105c \u0142agodn\u0105 i niezawodn\u0105 opcj\u0119 w przypadku wybor\u00f3w dotycz\u0105cych ko\u0144ca \u017cycia. Pojemno\u015b\u0107 250 ml zapewnia wystarczaj\u0105c\u0105 ilo\u015b\u0107 do dok\u0142adnego dawkowania, dostosowanego do indywidualnych potrzeb. W Euthanasia International gwarantujemy produkt najwy\u017cszej jako\u015bci z dyskretn\u0105, bezpieczn\u0105 i szybk\u0105 dostaw\u0105 na terenie Niemiec, Austrii i Szwajcarii, stawiaj\u0105c na pierwszym miejscu prywatno\u015b\u0107 i wygod\u0119 klienta.<\/p>\n<h2 dir=\"ltr\">Jak przyjmowa\u0107 doustnie s\u00f3l sodow\u0105 pentobarbitalu?<\/h2>\n<p dir=\"ltr\">Podawanie Pentobarbitalu sodowego 250 ml (p\u0142yn doustny) wymaga starannego przestrzegania wytycznych ekspert\u00f3w dostarczonych przez Euthanasia International. P\u0142yn jest zwykle mieszany z niewielk\u0105 ilo\u015bci\u0105 wody lub soku, aby zmniejszy\u0107 jego gorzki smak. Dawkowanie r\u00f3\u017cni si\u0119 w zale\u017cno\u015bci od czynnik\u00f3w, takich jak masa cia\u0142a i wiek - dla doros\u0142ych o masie cia\u0142a powy\u017cej 50 kg \u015bmiertelna dawka wynosi zwykle oko\u0142o 30 gram\u00f3w. Nasz zesp\u00f3\u0142 oferuje spersonalizowane instrukcje, aby zapewni\u0107 bezpieczne i skuteczne podawanie.<\/p>\n<h2 dir=\"ltr\">Przedawkowanie pentobarbitalu 250 ml (p\u0142yn doustny)<\/h2>\n<p dir=\"ltr\">Przedawkowanie produktu Pentobarbital Sodium Oral 250ml (Liquid) wyst\u0119puje, gdy dawka przekracza zalecan\u0105 ilo\u015b\u0107, potencjalnie prowadz\u0105c do ci\u0119\u017ckiej depresji oddechowej, \u015bpi\u0105czki lub \u015bmierci. Dla cel\u00f3w eutanazji, kontrolowana dawka \u015bmiertelna ma na celu osi\u0105gni\u0119cie spokojnego odej\u015bcia, ale nale\u017cy unika\u0107 przypadkowego przedawkowania. Euthanasia International zapewnia precyzyjne zalecenia dotycz\u0105ce dawkowania w oparciu o mas\u0119 cia\u0142a i wiek, aby zapewni\u0107 bezpiecze\u0144stwo i skuteczno\u015b\u0107. Zawsze skonsultuj si\u0119 z naszymi ekspertami przed u\u017cyciem, aby zapobiec niezamierzonym konsekwencjom.<\/p>\n<h2 dir=\"ltr\">Jak stosowa\u0107 Pentobarbital Oral Liquid?<\/h2>\n<p dir=\"ltr\">Aby zastosowa\u0107 Pentobarbital Sodium 250ml (p\u0142yn doustny), nale\u017cy dok\u0142adnie odmierzy\u0107 przepisan\u0105 dawk\u0119 za pomoc\u0105 strzykawki lub zakraplacza. W przypadku dobrowolnej eutanazji p\u0142yn jest zwykle spo\u017cywany w pojedynczej dawce, co prowadzi do spokojnego i bezbolesnego odej\u015bcia w ci\u0105gu kilku minut. Nasz zesp\u00f3\u0142 w Euthanasia International oferuje kompleksowe doradztwo, kt\u00f3re poprowadzi Ci\u0119 przez ca\u0142y proces, zapewniaj\u0105c, \u017ce procedura zostanie przeprowadzona z godno\u015bci\u0105 i trosk\u0105.<\/p>\n<h2 dir=\"ltr\">Gdzie bezpiecznie kupi\u0107 Pentobarbital Oral Liquid?<\/h2>\n<p dir=\"ltr\">Euthanasia International jest zaufanym \u017ar\u00f3d\u0142em bezpiecznego zakupu Pentobarbital Sodium 250ml (Oral Liquid). Jako zarejestrowany cz\u0142onek mo\u017cesz uzyska\u0107 dost\u0119p do naszego produktu o wysokiej czysto\u015bci bez recepty, korzystaj\u0105c z naszych szybkich, dyskretnych i bezp\u0142atnych us\u0142ug dostawy na terenie Niemiec, Austrii i Szwajcarii. Nasz do\u015bwiadczony zesp\u00f3\u0142 zapewnia spersonalizowane wsparcie i zasoby edukacyjne, aby zapewni\u0107 dokonywanie \u015bwiadomych wybor\u00f3w. Skontaktuj si\u0119 z nami ju\u017c dzi\u015b, aby zarejestrowa\u0107 si\u0119 lub dowiedzie\u0107 si\u0119 wi\u0119cej o naszych us\u0142ugach.<\/p>","protected":false},"excerpt":{"rendered":"<h1 dir=\"ltr\" data-pm-slice=\"1 1 []\"><a href=\"https:\/\/euthanitinl.org\/pl\/product\/pentobarbital-sodu-doustnie\/\">Kup Pentobarbital Sodu Doustnie 250ml (P\u0142yn)<\/a><\/h1>\n<p dir=\"ltr\">W Euthanasia International (EINT) oferujemy Pentobarbital sodowy 250 ml (p\u0142yn doustny), \u015brodek o wysokim stopniu czysto\u015bci<\/p>","protected":false},"featured_media":1782,"comment_status":"open","ping_status":"closed","template":"","meta":[],"product_brand":[],"product_cat":[24],"product_tag":[202,207,225,280,227,228,229,208,230,231,276,277,211,212,213,278,215,216,217,218,219,220,221,222,232,233,234,235,236,237,238,239,240,241,242,243,244,245,246,247,248,249,250,251,252,253,254,255,256,257,258,259,260,261,262,263,264,265,266,267,279,268,269,270,271,272,273,274,275],"class_list":{"0":"post-1781","1":"product","2":"type-product","3":"status-publish","4":"has-post-thumbnail","6":"product_cat-liquid","7":"product_tag-buy-nembutal-online","8":"product_tag-buy-nembutal-powder-online","9":"product_tag-buy-pentobarbital-sodium","10":"product_tag-buy-pentobarbital-sodium-2025","11":"product_tag-buy-pentobarbital-sodium-pentobarbital-sodium-salt","12":"product_tag-buy-sodium-pentobarbital-uk","13":"product_tag-can-i-buy-pentobarbital","14":"product_tag-can-i-order-nembutal-online","15":"product_tag-can-you-buy-pentobarbital-sodium-over-the-counter","16":"product_tag-can-you-buy-sodium-pentobarbital","17":"product_tag-how-can-i-order-nembutal-powder","18":"product_tag-how-can-i-take-nembutal","19":"product_tag-nembutal","20":"product_tag-nembutal-buy-australia","21":"product_tag-nembutal-buy-austria","22":"product_tag-nembutal-buy-online","23":"product_tag-nembutal-buy-uk","24":"product_tag-nembutal-powder","25":"product_tag-nembutal-powder-buy","26":"product_tag-nembutal-powder-dose","27":"product_tag-nembutal-powder-for-sale","28":"product_tag-nembutal-powder-overdose","29":"product_tag-nembutal-powder-supplier","30":"product_tag-order-nembutal-powder","31":"product_tag-pentobarbital","32":"product_tag-pentobarbital-de-sodium-dose-letale","33":"product_tag-pentobarbital-sodium-anesthesia","34":"product_tag-pentobarbital-sodium-buy","35":"product_tag-pentobarbital-sodium-china","36":"product_tag-pentobarbital-sodium-death","37":"product_tag-pentobarbital-sodium-dosage","38":"product_tag-pentobarbital-sodium-for-dogs","39":"product_tag-pentobarbital-sodium-for-humans","40":"product_tag-pentobarbital-sodium-group","41":"product_tag-pentobarbital-sodium-injection-for-dogs","42":"product_tag-pentobarbital-sodium-injection-for-humans","43":"product_tag-pentobarbital-sodium-injection-solution","44":"product_tag-pentobarbital-sodium-injection-usp","45":"product_tag-pentobarbital-sodium-liquid","46":"product_tag-pentobarbital-sodium-nz","47":"product_tag-pentobarbital-sodium-oral","48":"product_tag-pentobarbital-sodium-over-the-counter","49":"product_tag-pentobarbital-sodium-pills","50":"product_tag-pentobarbital-sodium-powder","51":"product_tag-pentobarbital-sodium-prescription","52":"product_tag-pentobarbital-sodium-price","53":"product_tag-pentobarbital-sodium-salt","54":"product_tag-pentobarbital-sodium-sleeping-pills","55":"product_tag-pentobarbital-sodium-sleeping-pills-over-the-counter","56":"product_tag-pentobarbital-sodium-tablets","57":"product_tag-pentobarbital-sodium-where-to-buy","58":"product_tag-pentobarbital-use","59":"product_tag-phenobarbital-sodium-intravenous","60":"product_tag-sodium","61":"product_tag-sodium-pentobarbital-nembutal","62":"product_tag-sodium-pentobarbital-cost","63":"product_tag-sodium-pentobarbital-for-animal-euthanasia","64":"product_tag-sodium-pentobarbital-for-euthanasia","65":"product_tag-sodium-pentobarbital-manufacturers","66":"product_tag-sodium-pentobarbital-shelf-life","67":"product_tag-where-can-i-buy-nembutal-powder-buy-nembutal-pentobarbital-sodium","68":"product_tag-where-can-i-buy-nembutal-sodium-pentobarbital","69":"product_tag-where-can-i-buy-pentobarbital-sodium","70":"product_tag-where-can-i-buy-pentobarbital-sodium-sleeping-pills","71":"product_tag-where-can-i-buy-sodium-pentobarbital","72":"product_tag-where-can-you-buy-pentobarbital-sodium","73":"product_tag-where-to-buy-pentobarbital-sodium","74":"product_tag-where-to-buy-pentobarbital-sodium-for-dogs","75":"product_tag-where-to-get-pentobarbital-sodium","77":"first","78":"instock","79":"shipping-taxable","80":"purchasable","81":"product-type-simple"},"_links":{"self":[{"href":"https:\/\/euthanitinl.org\/pl\/wp-json\/wp\/v2\/product\/1781","targetHints":{"allow":["GET"]}}],"collection":[{"href":"https:\/\/euthanitinl.org\/pl\/wp-json\/wp\/v2\/product"}],"about":[{"href":"https:\/\/euthanitinl.org\/pl\/wp-json\/wp\/v2\/types\/product"}],"replies":[{"embeddable":true,"href":"https:\/\/euthanitinl.org\/pl\/wp-json\/wp\/v2\/comments?post=1781"}],"wp:featuredmedia":[{"embeddable":true,"href":"https:\/\/euthanitinl.org\/pl\/wp-json\/wp\/v2\/media\/1782"}],"wp:attachment":[{"href":"https:\/\/euthanitinl.org\/pl\/wp-json\/wp\/v2\/media?parent=1781"}],"wp:term":[{"taxonomy":"product_brand","embeddable":true,"href":"https:\/\/euthanitinl.org\/pl\/wp-json\/wp\/v2\/product_brand?post=1781"},{"taxonomy":"product_cat","embeddable":true,"href":"https:\/\/euthanitinl.org\/pl\/wp-json\/wp\/v2\/product_cat?post=1781"},{"taxonomy":"product_tag","embeddable":true,"href":"https:\/\/euthanitinl.org\/pl\/wp-json\/wp\/v2\/product_tag?post=1781"}],"curies":[{"name":"wp","href":"https:\/\/api.w.org\/{rel}","templated":true}]}}