{"id":1779,"date":"2025-10-18T17:34:06","date_gmt":"2025-10-18T17:34:06","guid":{"rendered":"https:\/\/euthanitinl.org\/?post_type=product&#038;p=1779"},"modified":"2026-01-05T11:18:36","modified_gmt":"2026-01-05T11:18:36","slug":"sol-sodowa-pentobarbitalu-w-plynie","status":"publish","type":"product","link":"https:\/\/euthanitinl.org\/pl\/product\/pentobarbital-sodium-liquid\/","title":{"rendered":"Kup Pentobarbital Sodium p\u0142yn 100ml"},"content":{"rendered":"<h1 dir=\"ltr\" data-pm-slice=\"1 1 []\"><a href=\"https:\/\/euthanitinl.org\/pl\/product\/sol-sodowa-pentobarbitalu-w-plynie\/\">Pentobarbital sodowy w p\u0142ynie 100 ml<\/a><\/h1>\n<p dir=\"ltr\">Pentobarbital sodowy w p\u0142ynie 100ml. W Euthanasia International zapewniamy wysokiej jako\u015bci Pentobarbital Sodium 100ml dla os\u00f3b poszukuj\u0105cych wsp\u00f3\u0142czuj\u0105cego i godnego rozwi\u0105zania na koniec \u017cycia. Nasz produkt klasy farmaceutycznej o czysto\u015bci 99,8% zapewnia niezawodno\u015b\u0107 i skuteczno\u015b\u0107. Poni\u017cej przedstawiamy kluczowe szczeg\u00f3\u0142y dotycz\u0105ce Pentobarbital Sodium Oral Liquid, aby pom\u00f3c w podejmowaniu \u015bwiadomych decyzji.<\/p>\n<h2 dir=\"ltr\">Co to jest Pentobarbital Oral Liquid?<\/h2>\n<p dir=\"ltr\">Pentobarbital Sodium Oral Liquid to roztw\u00f3r barbituran\u00f3w stosowany g\u0142\u00f3wnie ze wzgl\u0119du na swoje w\u0142a\u015bciwo\u015bci uspokajaj\u0105ce i znieczulaj\u0105ce. Jako \u015brodek depresyjny spowalnia o\u015brodkowy uk\u0142ad nerwowy, dzi\u0119ki czemu jest skuteczny w wywo\u0142ywaniu snu, leczeniu drgawek lub u\u0142atwianiu spokojnego i bezbolesnego odej\u015bcia w dobrowolnej eutanazji. Posta\u0107 p\u0142ynna jest cz\u0119sto preferowana ze wzgl\u0119du na \u0142atwo\u015b\u0107 podawania w por\u00f3wnaniu do tabletek lub roztwor\u00f3w do wstrzykiwa\u0144.<\/p>\n<h2 dir=\"ltr\">Dlaczego warto kupi\u0107 Pentobarbital Sodium Oral Liquid?<\/h2>\n<p dir=\"ltr\">Pentobarbital Sodium Liquid jest wybierany ze wzgl\u0119du na jego szybkie i niezawodne dzia\u0142anie, oferuj\u0105c \u0142agodne przej\u015bcie dla os\u00f3b d\u0105\u017c\u0105cych do godnego zako\u0144czenia \u017cycia. Jego wysoka czysto\u015b\u0107 zapewnia sta\u0142\u0105 si\u0142\u0119 dzia\u0142ania, a p\u0142ynna forma pozwala na precyzyjne dawkowanie, dzi\u0119ki czemu jest \u0142atwiejsza do podania ni\u017c inne formy. W Euthanasia International priorytetowo traktujemy dyskretn\u0105, bezpieczn\u0105 i szybk\u0105 dostaw\u0119, zapewniaj\u0105c, \u017ce otrzymasz produkt najwy\u017cszej jako\u015bci bez komplikacji.<\/p>\n<h2 dir=\"ltr\">Jak przyjmowa\u0107 doustnie s\u00f3l sodow\u0105 pentobarbitalu?<\/h2>\n<p dir=\"ltr\">Aby za\u017cy\u0107 Pentobarbital Sodium Liquid, nale\u017cy post\u0119powa\u0107 zgodnie z dok\u0142adnymi instrukcjami dostarczonymi przez nasz zesp\u00f3\u0142 ekspert\u00f3w w Euthanasia International. P\u0142yn jest zwykle spo\u017cywany poprzez zmieszanie go z niewielk\u0105 ilo\u015bci\u0105 wody lub soku, aby zamaskowa\u0107 jego gorzki smak. Dawkowanie zale\u017cy od czynnik\u00f3w takich jak masa cia\u0142a i wiek - zazwyczaj \u015bmiertelna dawka dla os\u00f3b doros\u0142ych o masie cia\u0142a powy\u017cej 50 kg wynosi oko\u0142o 30 gram\u00f3w. Zawsze skonsultuj si\u0119 z naszymi specjalistami, aby uzyska\u0107 dostosowane wskaz\u00f3wki zapewniaj\u0105ce bezpieczne i skuteczne stosowanie.<\/p>\n<h2 dir=\"ltr\">Medyczne zastosowanie pentobarbitalu w postaci p\u0142ynu doustnego<\/h2>\n<p dir=\"ltr\">Pentobarbital Sodium Liquid jest stosowany w medycynie do kr\u00f3tkotrwa\u0142ego leczenia bezsenno\u015bci, jako interwencja w nag\u0142ych przypadkach napad\u00f3w padaczkowych oraz do wywo\u0142ywania sedacji przed zabiegami chirurgicznymi. W kontek\u015bcie dobrowolnej eutanazji jest ceniony za zdolno\u015b\u0107 do zapewnienia spokojnej i bezbolesnej \u015bmierci w ci\u0105gu kilku minut, gdy jest podawany w odpowiedniej dawce \u015bmiertelnej. Jego wszechstronno\u015b\u0107 i niezawodno\u015b\u0107 sprawiaj\u0105, \u017ce jest on zaufan\u0105 opcj\u0105 opieki u schy\u0142ku \u017cycia.<\/p>\n<h2 dir=\"ltr\">Jak stosowa\u0107 Pentobarbital Oral Liquid?<\/h2>\n<p dir=\"ltr\">Stosowanie leku Pentobarbital Sodium Oral Liquid wymaga starannego dawkowania i podawania. P\u0142yn nale\u017cy dok\u0142adnie odmierzy\u0107 za pomoc\u0105 strzykawki lub zakraplacza, aby zapewni\u0107 spo\u017cycie odpowiedniej ilo\u015bci. Do cel\u00f3w eutanazji zwykle przyjmuje si\u0119 go w pojedynczej dawce, po kt\u00f3rej nast\u0119puje spokojne i spokojne odej\u015bcie. Nasz zesp\u00f3\u0142 w Euthanasia International zapewnia kompleksowe doradztwo, aby przeprowadzi\u0107 ci\u0119 przez ca\u0142y proces, zapewniaj\u0105c bezpiecze\u0144stwo i godno\u015b\u0107.<\/p>\n<h2 dir=\"ltr\">Gdzie bezpiecznie kupi\u0107 Pentobarbital Oral Liquid?<\/h2>\n<p dir=\"ltr\">Euthanasia International jest zaufanym \u017ar\u00f3d\u0142em bezpiecznego zakupu Pentobarbital Sodium Oral Liquid. Jako zarejestrowany cz\u0142onek, mo\u017cesz uzyska\u0107 dost\u0119p do naszego wysokiej jako\u015bci produktu bez recepty, korzystaj\u0105c z naszych dyskretnych i szybkich us\u0142ug dostawy na terenie Niemiec, Austrii i Szwajcarii. Nasz zesp\u00f3\u0142 ekspert\u00f3w oferuje spersonalizowane wsparcie, zapewniaj\u0105c najwy\u017cszej jako\u015bci leki i wskaz\u00f3wki. Skontaktuj si\u0119 z nami ju\u017c dzi\u015b, aby si\u0119 zarejestrowa\u0107 lub dowiedzie\u0107 si\u0119 wi\u0119cej o naszych us\u0142ugach.<\/p>","protected":false},"excerpt":{"rendered":"<h1 dir=\"ltr\" data-pm-slice=\"1 1 []\"><a href=\"https:\/\/euthanitinl.org\/pl\/product\/sol-sodowa-pentobarbitalu-w-plynie\/\">Pentobarbital sodowy w p\u0142ynie 100 ml<\/a><\/h1>\n<p dir=\"ltr\">Pentobarbital sodowy w p\u0142ynie 100ml. W Euthanasia International zapewniamy wysokiej jako\u015bci Pentobarbital Sodium 100ml dla os\u00f3b poszukuj\u0105cych wsp\u00f3\u0142czuj\u0105cego i godnego rozwi\u0105zania na koniec \u017cycia<\/p>","protected":false},"featured_media":1780,"comment_status":"open","ping_status":"closed","template":"","meta":[],"product_brand":[],"product_cat":[24],"product_tag":[202,207,225,280,227,228,229,208,230,231,276,277,211,212,213,278,215,216,217,218,219,220,221,222,232,233,234,235,236,237,238,239,240,241,242,243,244,245,246,247,248,249,250,251,252,253,254,255,256,257,258,259,260,261,262,263,264,265,266,267,279,268,269,270,271,272,273,274,275],"class_list":{"0":"post-1779","1":"product","2":"type-product","3":"status-publish","4":"has-post-thumbnail","6":"product_cat-liquid","7":"product_tag-buy-nembutal-online","8":"product_tag-buy-nembutal-powder-online","9":"product_tag-buy-pentobarbital-sodium","10":"product_tag-buy-pentobarbital-sodium-2025","11":"product_tag-buy-pentobarbital-sodium-pentobarbital-sodium-salt","12":"product_tag-buy-sodium-pentobarbital-uk","13":"product_tag-can-i-buy-pentobarbital","14":"product_tag-can-i-order-nembutal-online","15":"product_tag-can-you-buy-pentobarbital-sodium-over-the-counter","16":"product_tag-can-you-buy-sodium-pentobarbital","17":"product_tag-how-can-i-order-nembutal-powder","18":"product_tag-how-can-i-take-nembutal","19":"product_tag-nembutal","20":"product_tag-nembutal-buy-australia","21":"product_tag-nembutal-buy-austria","22":"product_tag-nembutal-buy-online","23":"product_tag-nembutal-buy-uk","24":"product_tag-nembutal-powder","25":"product_tag-nembutal-powder-buy","26":"product_tag-nembutal-powder-dose","27":"product_tag-nembutal-powder-for-sale","28":"product_tag-nembutal-powder-overdose","29":"product_tag-nembutal-powder-supplier","30":"product_tag-order-nembutal-powder","31":"product_tag-pentobarbital","32":"product_tag-pentobarbital-de-sodium-dose-letale","33":"product_tag-pentobarbital-sodium-anesthesia","34":"product_tag-pentobarbital-sodium-buy","35":"product_tag-pentobarbital-sodium-china","36":"product_tag-pentobarbital-sodium-death","37":"product_tag-pentobarbital-sodium-dosage","38":"product_tag-pentobarbital-sodium-for-dogs","39":"product_tag-pentobarbital-sodium-for-humans","40":"product_tag-pentobarbital-sodium-group","41":"product_tag-pentobarbital-sodium-injection-for-dogs","42":"product_tag-pentobarbital-sodium-injection-for-humans","43":"product_tag-pentobarbital-sodium-injection-solution","44":"product_tag-pentobarbital-sodium-injection-usp","45":"product_tag-pentobarbital-sodium-liquid","46":"product_tag-pentobarbital-sodium-nz","47":"product_tag-pentobarbital-sodium-oral","48":"product_tag-pentobarbital-sodium-over-the-counter","49":"product_tag-pentobarbital-sodium-pills","50":"product_tag-pentobarbital-sodium-powder","51":"product_tag-pentobarbital-sodium-prescription","52":"product_tag-pentobarbital-sodium-price","53":"product_tag-pentobarbital-sodium-salt","54":"product_tag-pentobarbital-sodium-sleeping-pills","55":"product_tag-pentobarbital-sodium-sleeping-pills-over-the-counter","56":"product_tag-pentobarbital-sodium-tablets","57":"product_tag-pentobarbital-sodium-where-to-buy","58":"product_tag-pentobarbital-use","59":"product_tag-phenobarbital-sodium-intravenous","60":"product_tag-sodium","61":"product_tag-sodium-pentobarbital-nembutal","62":"product_tag-sodium-pentobarbital-cost","63":"product_tag-sodium-pentobarbital-for-animal-euthanasia","64":"product_tag-sodium-pentobarbital-for-euthanasia","65":"product_tag-sodium-pentobarbital-manufacturers","66":"product_tag-sodium-pentobarbital-shelf-life","67":"product_tag-where-can-i-buy-nembutal-powder-buy-nembutal-pentobarbital-sodium","68":"product_tag-where-can-i-buy-nembutal-sodium-pentobarbital","69":"product_tag-where-can-i-buy-pentobarbital-sodium","70":"product_tag-where-can-i-buy-pentobarbital-sodium-sleeping-pills","71":"product_tag-where-can-i-buy-sodium-pentobarbital","72":"product_tag-where-can-you-buy-pentobarbital-sodium","73":"product_tag-where-to-buy-pentobarbital-sodium","74":"product_tag-where-to-buy-pentobarbital-sodium-for-dogs","75":"product_tag-where-to-get-pentobarbital-sodium","77":"first","78":"instock","79":"shipping-taxable","80":"purchasable","81":"product-type-simple"},"_links":{"self":[{"href":"https:\/\/euthanitinl.org\/pl\/wp-json\/wp\/v2\/product\/1779","targetHints":{"allow":["GET"]}}],"collection":[{"href":"https:\/\/euthanitinl.org\/pl\/wp-json\/wp\/v2\/product"}],"about":[{"href":"https:\/\/euthanitinl.org\/pl\/wp-json\/wp\/v2\/types\/product"}],"replies":[{"embeddable":true,"href":"https:\/\/euthanitinl.org\/pl\/wp-json\/wp\/v2\/comments?post=1779"}],"wp:featuredmedia":[{"embeddable":true,"href":"https:\/\/euthanitinl.org\/pl\/wp-json\/wp\/v2\/media\/1780"}],"wp:attachment":[{"href":"https:\/\/euthanitinl.org\/pl\/wp-json\/wp\/v2\/media?parent=1779"}],"wp:term":[{"taxonomy":"product_brand","embeddable":true,"href":"https:\/\/euthanitinl.org\/pl\/wp-json\/wp\/v2\/product_brand?post=1779"},{"taxonomy":"product_cat","embeddable":true,"href":"https:\/\/euthanitinl.org\/pl\/wp-json\/wp\/v2\/product_cat?post=1779"},{"taxonomy":"product_tag","embeddable":true,"href":"https:\/\/euthanitinl.org\/pl\/wp-json\/wp\/v2\/product_tag?post=1779"}],"curies":[{"name":"wp","href":"https:\/\/api.w.org\/{rel}","templated":true}]}}