{"id":1763,"date":"2025-10-18T03:11:31","date_gmt":"2025-10-18T03:11:31","guid":{"rendered":"https:\/\/euthanitinl.org\/?post_type=product&#038;p=1763"},"modified":"2026-01-05T11:13:05","modified_gmt":"2026-01-05T11:13:05","slug":"kupic-pentobarbital-w-proszku","status":"publish","type":"product","link":"https:\/\/euthanitinl.org\/pl\/product\/buy-pentobarbital-powder\/","title":{"rendered":"Kup Pentobarbital w proszku 100g"},"content":{"rendered":"<h1 dir=\"ltr\" data-pm-slice=\"1 1 []\">Kup Pentobarbital w proszku 100g<\/h1>\n<p dir=\"ltr\">Kup Pentobarbital Powder 100g, barbituran klasy farmaceutycznej, nale\u017cy przechowywa\u0107 w ch\u0142odnym, suchym miejscu, z dala od bezpo\u015bredniego \u015bwiat\u0142a s\u0142onecznego i wilgoci, aby zachowa\u0107 jego moc i bezpiecze\u0144stwo. Proszek nale\u017cy przechowywa\u0107 w oryginalnym, hermetycznym opakowaniu, najlepiej w temperaturze 15-25\u00b0C (59-77\u00b0F), w miejscu niedost\u0119pnym dla dzieci i os\u00f3b nieupowa\u017cnionych. W celu zapewnienia optymalnej konserwacji, nale\u017cy unika\u0107 ekspozycji na ekstremalne temperatury lub wilgotno\u015b\u0107. Zawsze nale\u017cy skonsultowa\u0107 si\u0119 z Euthanasia International w celu uzyskania szczeg\u00f3\u0142owych wskaz\u00f3wek dotycz\u0105cych przechowywania, aby zapewni\u0107 skuteczno\u015b\u0107 produktu zgodnie z jego przeznaczeniem.<\/p>\n<h2 dir=\"ltr\">Najlepszy sklep internetowy z proszkiem pentobarbitalowym<\/h2>\n<p dir=\"ltr\">Euthanasia International jest g\u0142\u00f3wnym miejscem zakupu Pentobarbital Powder 100g online. Jako zaufana organizacja non-profit, zapewniamy bezpieczny i poufny proces zakupu, umo\u017cliwiaj\u0105c zarejestrowanym cz\u0142onkom uzyskanie tego produktu bez recepty. Zalecamy korzystanie z MoneyGram do p\u0142atno\u015bci ze wzgl\u0119du na jego sprawdzon\u0105 niezawodno\u015b\u0107 i bezpiecze\u0144stwo, oferuj\u0105c p\u0142ynniejsze do\u015bwiadczenie w por\u00f3wnaniu z alternatywami, takimi jak Western Union, kt\u00f3re mog\u0105 napotyka\u0107 sporadyczne ograniczenia. Nasza dyskretna wysy\u0142ka zapewnia, \u017ce \u017cadne faktury ani adresy dostawy nie s\u0105 widoczne dla organ\u00f3w celnych, gwarantuj\u0105c prywatno\u015b\u0107 i spok\u00f3j ducha.<\/p>\n<h2 dir=\"ltr\">Korzy\u015bci ze stosowania Pentobarbital Powder<\/h2>\n<p dir=\"ltr\">Buy Pentobarbital Powder 100g oferuje wsp\u00f3\u0142czuj\u0105ce i skuteczne rozwi\u0105zanie dla os\u00f3b poszukuj\u0105cych godnego zako\u0144czenia \u017cycia. Kluczowe korzy\u015bci obejmuj\u0105:<\/p>\n<ul class=\"tight\" dir=\"ltr\" data-tight=\"true\">\n<li>\n<p dir=\"ltr\"><strong>\u0141agodne przej\u015bcie<\/strong>: Zapewnia spokojne i bezbolesne zako\u0144czenie, z poszanowaniem indywidualnej autonomii.<\/p>\n<\/li>\n<li>\n<p dir=\"ltr\"><strong>Najwy\u017csza czysto\u015b\u0107<\/strong>: Pochodz\u0105 od renomowanych producent\u00f3w i zosta\u0142y przetestowane pod k\u0105tem czysto\u015bci 99,9%, aby zapewni\u0107 bezpiecze\u0144stwo i niezawodno\u015b\u0107.<\/p>\n<\/li>\n<li>\n<p dir=\"ltr\"><strong>Wszechstronne zastosowanie<\/strong>: \u0141atwo rozpuszczalny do podawania doustnego lub przystosowany do profesjonalnych zastosowa\u0144 medycznych.<\/p>\n<\/li>\n<li>\n<p dir=\"ltr\"><strong>Dost\u0119pne zam\u00f3wienia<\/strong>: Dost\u0119pne w ramach naszego programu cz\u0142onkowskiego, eliminuj\u0105cego bariery zwi\u0105zane z receptami.<\/p>\n<\/li>\n<li>\n<p dir=\"ltr\"><strong>Kompleksowe wsparcie<\/strong>: W po\u0142\u0105czeniu z poradami ekspert\u00f3w z Euthanasia International dla pe\u0142nego szacunku i \u015bwiadomego procesu.<a href=\"https:\/\/puregbl.com\/\" target=\"_blank\" rel=\"noopener\">.<\/a><\/p>\n<\/li>\n<\/ul>\n<h2 dir=\"ltr\">Najlepsza forma doustna pentobarbitalu<\/h2>\n<p dir=\"ltr\">Buy Pentobarbital Powder 100g to idealna forma doustna dla os\u00f3b, dla kt\u00f3rych priorytetem jest \u0142atwo\u015b\u0107 u\u017cycia i elastyczno\u015b\u0107. Proszek mo\u017cna rozpu\u015bci\u0107 w niewielkiej ilo\u015bci wody lub soku, co pozwala na precyzyjne dawkowanie i wygodne podawanie. W przeciwie\u0144stwie do tabletek, forma proszku umo\u017cliwia dostosowanie do indywidualnych potrzeb, co czyni j\u0105 preferowanym wyborem dla wielu os\u00f3b. Euthanasia International zapewnia, \u017ce nasz Pentobarbital Powder jest najwy\u017cszej jako\u015bci, oferuj\u0105c niezawodn\u0105 i delikatn\u0105 opcj\u0119 opieki u schy\u0142ku \u017cycia, gdy jest podawany pod profesjonalnym nadzorem.<\/p>\n<h2 dir=\"ltr\">Jakie s\u0105 skutki uboczne stosowania leku Nembutal?<\/h2>\n<p dir=\"ltr\">Pentobarbital w proszku (Nembutal) stosowany zgodnie z zaleceniami zazwyczaj wykazuje minimalne skutki uboczne w zastosowaniach u schy\u0142ku \u017cycia. Mo\u017cliwe efekty mog\u0105 obejmowa\u0107 \u0142agodn\u0105 senno\u015b\u0107, lekkie nudno\u015bci lub tymczasowe spowolnienie oddechu. S\u0105 one zazwyczaj dobrze kontrolowane przy odpowiednim dawkowaniu. Aby zapewni\u0107 bezpiecze\u0144stwo, niezb\u0119dne jest precyzyjne podawanie, dlatego zalecamy skonsultowanie si\u0119 z naszym zespo\u0142em w celu uzyskania spersonalizowanych wskaz\u00f3wek. Euthanasia International oferuje sta\u0142e wsparcie w celu rozwi\u0105zania wszelkich w\u0105tpliwo\u015bci, zapewniaj\u0105c bezpieczne i komfortowe do\u015bwiadczenie.<\/p>\n<h2 dir=\"ltr\">Wnioski<\/h2>\n<p dir=\"ltr\">Kup Pentobarbital Powder 100g od Euthanasia International to zaufane rozwi\u0105zanie o wysokiej czysto\u015bci dla os\u00f3b poszukuj\u0105cych spokojnej i godnej podr\u00f3\u017cy na koniec \u017cycia. Wspierani przez nasz\u0105 misj\u0119 non-profit, za\u0142o\u017con\u0105 w 2012 roku przez dr Marca Van Hoeya i zesp\u00f3\u0142 wsp\u00f3\u0142czuj\u0105cych lekarzy, zapewniamy nie tylko produkt, ale tak\u017ce wspieraj\u0105ce partnerstwo. Do\u0142\u0105cz do naszego programu cz\u0142onkowskiego, aby uzyska\u0107 dost\u0119p do tego wysokiej jako\u015bci proszku bez recepty, korzysta\u0107 z dyskretnej dostawy i otrzymywa\u0107 wskaz\u00f3wki ekspert\u00f3w na ka\u017cdym kroku. Wybierz Euthanasia International, by cieszy\u0107 si\u0119 wsp\u00f3\u0142czuciem i bezpiecze\u0144stwem<\/p>","protected":false},"excerpt":{"rendered":"<p>Kup Pentobarbital Powder 100g, barbituran klasy farmaceutycznej, nale\u017cy przechowywa\u0107 w ch\u0142odnym, suchym miejscu, z dala od bezpo\u015bredniego \u015bwiat\u0142a s\u0142onecznego i wilgoci, aby zachowa\u0107 jego moc i bezpiecze\u0144stwo<\/p>","protected":false},"featured_media":1764,"comment_status":"open","ping_status":"closed","template":"","meta":[],"product_brand":[],"product_cat":[23],"product_tag":[206,224,207,225,226,227,228,229,208,230,231,209,210,211,212,213,214,215,216,217,218,219,220,221,222,232,233,234,235,236,237,238,239,240,241,242,243,244,245,246,247,248,249,250,251,252,253,254,255,256,257,258,259,260,261,262,263,264,265,266,267,223,268,269,270,271,272,273,274,275],"class_list":{"0":"post-1763","1":"product","2":"type-product","3":"status-publish","4":"has-post-thumbnail","6":"product_cat-powder","7":"product_tag-buy-nembutal-pentobarbital-online","8":"product_tag-buy-nembutal-pentobarbital-sodium","9":"product_tag-buy-nembutal-powder-online","10":"product_tag-buy-pentobarbital-sodium","11":"product_tag-buy-pentobarbital-sodium-2021","12":"product_tag-buy-pentobarbital-sodium-pentobarbital-sodium-salt","13":"product_tag-buy-sodium-pentobarbital-uk","14":"product_tag-can-i-buy-pentobarbital","15":"product_tag-can-i-order-nembutal-online","16":"product_tag-can-you-buy-pentobarbital-sodium-over-the-counter","17":"product_tag-can-you-buy-sodium-pentobarbital","18":"product_tag-how-can-i-order-pentobarbital-powder","19":"product_tag-how-can-i-take-pentobarbital","20":"product_tag-nembutal","21":"product_tag-nembutal-buy-australia","22":"product_tag-nembutal-buy-austria","23":"product_tag-nembutal-buy-germany","24":"product_tag-nembutal-buy-uk","25":"product_tag-nembutal-powder","26":"product_tag-nembutal-powder-buy","27":"product_tag-nembutal-powder-dose","28":"product_tag-nembutal-powder-for-sale","29":"product_tag-nembutal-powder-overdose","30":"product_tag-nembutal-powder-supplier","31":"product_tag-order-nembutal-powder","32":"product_tag-pentobarbital","33":"product_tag-pentobarbital-de-sodium-dose-letale","34":"product_tag-pentobarbital-sodium-anesthesia","35":"product_tag-pentobarbital-sodium-buy","36":"product_tag-pentobarbital-sodium-china","37":"product_tag-pentobarbital-sodium-death","38":"product_tag-pentobarbital-sodium-dosage","39":"product_tag-pentobarbital-sodium-for-dogs","40":"product_tag-pentobarbital-sodium-for-humans","41":"product_tag-pentobarbital-sodium-group","42":"product_tag-pentobarbital-sodium-injection-for-dogs","43":"product_tag-pentobarbital-sodium-injection-for-humans","44":"product_tag-pentobarbital-sodium-injection-solution","45":"product_tag-pentobarbital-sodium-injection-usp","46":"product_tag-pentobarbital-sodium-liquid","47":"product_tag-pentobarbital-sodium-nz","48":"product_tag-pentobarbital-sodium-oral","49":"product_tag-pentobarbital-sodium-over-the-counter","50":"product_tag-pentobarbital-sodium-pills","51":"product_tag-pentobarbital-sodium-powder","52":"product_tag-pentobarbital-sodium-prescription","53":"product_tag-pentobarbital-sodium-price","54":"product_tag-pentobarbital-sodium-salt","55":"product_tag-pentobarbital-sodium-sleeping-pills","56":"product_tag-pentobarbital-sodium-sleeping-pills-over-the-counter","57":"product_tag-pentobarbital-sodium-tablets","58":"product_tag-pentobarbital-sodium-where-to-buy","59":"product_tag-pentobarbital-use","60":"product_tag-phenobarbital-sodium-intravenous","61":"product_tag-sodium","62":"product_tag-sodium-pentobarbital-nembutal","63":"product_tag-sodium-pentobarbital-cost","64":"product_tag-sodium-pentobarbital-for-animal-euthanasia","65":"product_tag-sodium-pentobarbital-for-euthanasia","66":"product_tag-sodium-pentobarbital-manufacturers","67":"product_tag-sodium-pentobarbital-shelf-life","68":"product_tag-where-can-i-buy-nembutal-powder","69":"product_tag-where-can-i-buy-nembutal-sodium-pentobarbital","70":"product_tag-where-can-i-buy-pentobarbital-sodium","71":"product_tag-where-can-i-buy-pentobarbital-sodium-sleeping-pills","72":"product_tag-where-can-i-buy-sodium-pentobarbital","73":"product_tag-where-can-you-buy-pentobarbital-sodium","74":"product_tag-where-to-buy-pentobarbital-sodium","75":"product_tag-where-to-buy-pentobarbital-sodium-for-dogs","76":"product_tag-where-to-get-pentobarbital-sodium","78":"first","79":"instock","80":"shipping-taxable","81":"purchasable","82":"product-type-simple"},"_links":{"self":[{"href":"https:\/\/euthanitinl.org\/pl\/wp-json\/wp\/v2\/product\/1763","targetHints":{"allow":["GET"]}}],"collection":[{"href":"https:\/\/euthanitinl.org\/pl\/wp-json\/wp\/v2\/product"}],"about":[{"href":"https:\/\/euthanitinl.org\/pl\/wp-json\/wp\/v2\/types\/product"}],"replies":[{"embeddable":true,"href":"https:\/\/euthanitinl.org\/pl\/wp-json\/wp\/v2\/comments?post=1763"}],"wp:featuredmedia":[{"embeddable":true,"href":"https:\/\/euthanitinl.org\/pl\/wp-json\/wp\/v2\/media\/1764"}],"wp:attachment":[{"href":"https:\/\/euthanitinl.org\/pl\/wp-json\/wp\/v2\/media?parent=1763"}],"wp:term":[{"taxonomy":"product_brand","embeddable":true,"href":"https:\/\/euthanitinl.org\/pl\/wp-json\/wp\/v2\/product_brand?post=1763"},{"taxonomy":"product_cat","embeddable":true,"href":"https:\/\/euthanitinl.org\/pl\/wp-json\/wp\/v2\/product_cat?post=1763"},{"taxonomy":"product_tag","embeddable":true,"href":"https:\/\/euthanitinl.org\/pl\/wp-json\/wp\/v2\/product_tag?post=1763"}],"curies":[{"name":"wp","href":"https:\/\/api.w.org\/{rel}","templated":true}]}}