{"id":1761,"date":"2025-10-18T03:00:19","date_gmt":"2025-10-18T03:00:19","guid":{"rendered":"https:\/\/euthanitinl.org\/?post_type=product&#038;p=1761"},"modified":"2026-01-05T11:12:42","modified_gmt":"2026-01-05T11:12:42","slug":"kupic-nembutal-proszek-50gr","status":"publish","type":"product","link":"https:\/\/euthanitinl.org\/pl\/product\/buy-nembutal-powder-50gr\/","title":{"rendered":"Kup Nembutal Powder 50gr"},"content":{"rendered":"<h2 dir=\"ltr\" data-pm-slice=\"1 1 []\"><a href=\"https:\/\/euthanitinl.org\/pl\/product\/kupic-nembutal-proszek-50gr\/\">Kup Nembutal Powder 50gr<\/a><\/h2>\n<p dir=\"ltr\">Kup Nembutal Powder 50gr, farmaceutycznej jako\u015bci pentobarbital sodowy, jest zwykle podawany poprzez rozpuszczenie proszku w p\u0142ynie do spo\u017cycia doustnego, zapewniaj\u0105c \u0142agodne i skuteczne rozwi\u0105zanie dla opieki u schy\u0142ku \u017cycia. W niekt\u00f3rych przypadkach mo\u017ce by\u0107 przygotowany do podania do\u017cylnego pod profesjonalnym nadzorem. Ilo\u015b\u0107 50 g zosta\u0142a zaprojektowana z my\u015bl\u0105 o precyzyjnym dawkowaniu, zazwyczaj odpowiednim dla os\u00f3b wa\u017c\u0105cych ponad 50 kg lub w wieku powy\u017cej 40 lat, przy czym 30 g jest cz\u0119sto zalecane jako dawka standardowa. W celu bezpiecznego i dok\u0142adnego podania, zdecydowanie zalecamy skonsultowanie si\u0119 z zespo\u0142em ekspert\u00f3w Euthanasia International w celu uzyskania spersonalizowanych wskaz\u00f3wek dotycz\u0105cych dawkowania dostosowanych do konkretnych potrzeb.<\/p>\n<h2 dir=\"ltr\">Najlepszy sklep internetowy z proszkiem Nembutal<\/h2>\n<p dir=\"ltr\">Euthanasia International jest wiod\u0105cym \u017ar\u00f3d\u0142em online dla Nembutal Powder 50g, oferuj\u0105c bezpieczne, dyskretne i niezawodne do\u015bwiadczenie zakupowe. Jako zarejestrowany cz\u0142onek, mo\u017cesz uzyska\u0107 dost\u0119p do tego produktu bez recepty, wspierany przez nasze profesjonalne doradztwo i poufny proces dostawy. Zalecamy korzystanie z MoneyGram do p\u0142atno\u015bci ze wzgl\u0119du na jego wy\u017csz\u0105 niezawodno\u015b\u0107 i bezpiecze\u0144stwo w por\u00f3wnaniu z alternatywami, takimi jak Western Union, kt\u00f3re mog\u0105 napotka\u0107 sporadyczne ograniczenia. Nasz sklep zapewnia dyskretne pakowanie, ukrywanie faktur i adres\u00f3w dostawy przed urz\u0119dnikami celnymi, co zapewnia bezproblemow\u0105 i prywatn\u0105 transakcj\u0119.<\/p>\n<h2 dir=\"ltr\">Dlaczego mi\u0119dzynarodowa eutanazja jest w\u0142a\u015bciwym wyborem?<\/h2>\n<p dir=\"ltr\">Za\u0142o\u017cona w 2012 roku przez dr Marca Van Hoeya i zesp\u00f3\u0142 wsp\u00f3\u0142czuj\u0105cych lekarzy, Euthanasia International jest organizacj\u0105 non-profit zajmuj\u0105c\u0105 si\u0119 wspieraniem godnych wybor\u00f3w zwi\u0105zanych z ko\u0144cem \u017cycia. Skupiamy si\u0119 na empatii, etycznych praktykach i wsparciu cz\u0142onk\u00f3w, co odr\u00f3\u017cnia nas od dostawc\u00f3w komercyjnych. Oferujemy proszek Nembutal o wysokiej czysto\u015bci, pochodz\u0105cy od renomowanych producent\u00f3w i rygorystycznie testowany pod k\u0105tem czysto\u015bci 99,9%. Dzi\u0119ki dost\u0119powi bez recepty, kompleksowemu doradztwu i bezpiecznej dostawie, Euthanasia International jest zaufanym partnerem dla os\u00f3b poszukuj\u0105cych pe\u0142nej szacunku i spokojnej transformacji.<\/p>\n<h2 dir=\"ltr\">Korzy\u015bci z zakupu Nembutal Powder 50gr<\/h2>\n<p dir=\"ltr\">Nembutal Powder 50g zapewnia wsp\u00f3\u0142czuj\u0105ce i skuteczne rozwi\u0105zanie dla os\u00f3b pragn\u0105cych godnie zako\u0144czy\u0107 \u017cycie. Kluczowe korzy\u015bci obejmuj\u0105:<\/p>\n<ul class=\"tight\" dir=\"ltr\" data-tight=\"true\">\n<li>\n<p dir=\"ltr\"><strong>Spokojnie i bezbole\u015bnie<\/strong>: U\u0142atwia spokojne i \u0142agodne przej\u015bcie, szanuj\u0105c osobist\u0105 autonomi\u0119.<\/p>\n<\/li>\n<li>\n<p dir=\"ltr\"><strong>Wyj\u0105tkowa czysto\u015b\u0107<\/strong>: Pochodz\u0105 od zaufanych producent\u00f3w, kt\u00f3rzy przeprowadzaj\u0105 rygorystyczn\u0105 kontrol\u0119 jako\u015bci w celu zapewnienia bezpiecze\u0144stwa i sp\u00f3jno\u015bci.<\/p>\n<\/li>\n<li>\n<p dir=\"ltr\"><strong>Elastyczna administracja<\/strong>: \u0141atwo rozpuszczalny do stosowania doustnego lub przystosowany do profesjonalnego podawania do\u017cylnego.<\/p>\n<\/li>\n<li>\n<p dir=\"ltr\"><strong>Dost\u0119p bez recepty<\/strong>: Dost\u0119pne poprzez program cz\u0142onkowski Euthanasia International, upraszczaj\u0105cy zaopatrzenie.<\/p>\n<\/li>\n<li>\n<p dir=\"ltr\"><strong>Wsparcie ekspert\u00f3w<\/strong>: Wspierany profesjonalnymi wskaz\u00f3wkami w celu zapewnienia \u015bwiadomego i pe\u0142nego wsp\u00f3\u0142czucia procesu.<\/p>\n<\/li>\n<\/ul>\n<h2 dir=\"ltr\">Jakie s\u0105 skutki uboczne stosowania leku Nembutal?<\/h2>\n<p dir=\"ltr\">Prawid\u0142owo podany Nembutal Powder ma minimalne skutki uboczne, kt\u00f3re mog\u0105 obejmowa\u0107 \u0142agodn\u0105 senno\u015b\u0107, nudno\u015bci lub niewielkie zmiany w oddychaniu. Efekty te s\u0105 na og\u00f3\u0142 ograniczone ze wzgl\u0119du na kontrolowane stosowanie w opiece u schy\u0142ku \u017cycia. Dok\u0142adne dawkowanie ma kluczowe znaczenie dla zminimalizowania ryzyka i zdecydowanie zalecamy skonsultowanie si\u0119 z naszym zespo\u0142em w celu uzyskania spersonalizowanej porady. Euthanasia International zapewnia sta\u0142e wsparcie w celu rozwi\u0105zania wszelkich w\u0105tpliwo\u015bci, zapewniaj\u0105c bezpieczne i komfortowe do\u015bwiadczenie. Kup Nembutal Powder 50gr<\/p>\n<h2 dir=\"ltr\">Wnioski<\/h2>\n<p dir=\"ltr\">Nembutal Powder 50g od Euthanasia International to zaufane, wysokiej jako\u015bci rozwi\u0105zanie dla os\u00f3b poszukuj\u0105cych godnego i spokojnego zako\u0144czenia \u017cycia. Dzi\u0119ki naszemu zaanga\u017cowaniu w czysto\u015b\u0107, bezpiecze\u0144stwo i wsp\u00f3\u0142czuj\u0105c\u0105 opiek\u0119, oferujemy co\u015b wi\u0119cej ni\u017c produkt - wspieraj\u0105ce partnerstwo zakorzenione w empatii i wiedzy. Do\u0142\u0105cz do naszego programu cz\u0142onkowskiego, aby uzyska\u0107 dost\u0119p do Nembutalu bez recepty, skorzysta\u0107 z dyskretnej dostawy i otrzyma\u0107 profesjonalne wskaz\u00f3wki na ka\u017cdym kroku. Wybierz Euthanasia International dla bezpiecznej i pe\u0142nej szacunku podr\u00f3\u017cy.<\/p>","protected":false},"excerpt":{"rendered":"<h2 dir=\"ltr\" data-pm-slice=\"1 1 []\"><a href=\"https:\/\/euthanitinl.org\/pl\/product\/kupic-nembutal-proszek-50gr\/\">Kup Nembutal Powder 50gr<\/a><\/h2>\n<p dir=\"ltr\">Nembutal Powder 50gr, s\u00f3l sodowa pentobarbitalu o jako\u015bci farmaceutycznej, jest zwykle podawany poprzez rozpuszczenie proszku w p\u0142ynie do spo\u017cycia doustnego<\/p>","protected":false},"featured_media":1762,"comment_status":"open","ping_status":"closed","template":"","meta":[],"product_brand":[],"product_cat":[23],"product_tag":[206,224,207,225,226,227,228,229,208,230,231,209,210,211,212,213,214,215,216,217,218,219,220,221,222,232,233,234,235,236,237,238,239,240,241,242,243,244,245,246,247,248,249,250,251,252,253,254,255,256,257,258,259,260,261,262,263,264,265,266,267,223,268,269,270,271,272,273,274,275],"class_list":{"0":"post-1761","1":"product","2":"type-product","3":"status-publish","4":"has-post-thumbnail","6":"product_cat-powder","7":"product_tag-buy-nembutal-pentobarbital-online","8":"product_tag-buy-nembutal-pentobarbital-sodium","9":"product_tag-buy-nembutal-powder-online","10":"product_tag-buy-pentobarbital-sodium","11":"product_tag-buy-pentobarbital-sodium-2021","12":"product_tag-buy-pentobarbital-sodium-pentobarbital-sodium-salt","13":"product_tag-buy-sodium-pentobarbital-uk","14":"product_tag-can-i-buy-pentobarbital","15":"product_tag-can-i-order-nembutal-online","16":"product_tag-can-you-buy-pentobarbital-sodium-over-the-counter","17":"product_tag-can-you-buy-sodium-pentobarbital","18":"product_tag-how-can-i-order-pentobarbital-powder","19":"product_tag-how-can-i-take-pentobarbital","20":"product_tag-nembutal","21":"product_tag-nembutal-buy-australia","22":"product_tag-nembutal-buy-austria","23":"product_tag-nembutal-buy-germany","24":"product_tag-nembutal-buy-uk","25":"product_tag-nembutal-powder","26":"product_tag-nembutal-powder-buy","27":"product_tag-nembutal-powder-dose","28":"product_tag-nembutal-powder-for-sale","29":"product_tag-nembutal-powder-overdose","30":"product_tag-nembutal-powder-supplier","31":"product_tag-order-nembutal-powder","32":"product_tag-pentobarbital","33":"product_tag-pentobarbital-de-sodium-dose-letale","34":"product_tag-pentobarbital-sodium-anesthesia","35":"product_tag-pentobarbital-sodium-buy","36":"product_tag-pentobarbital-sodium-china","37":"product_tag-pentobarbital-sodium-death","38":"product_tag-pentobarbital-sodium-dosage","39":"product_tag-pentobarbital-sodium-for-dogs","40":"product_tag-pentobarbital-sodium-for-humans","41":"product_tag-pentobarbital-sodium-group","42":"product_tag-pentobarbital-sodium-injection-for-dogs","43":"product_tag-pentobarbital-sodium-injection-for-humans","44":"product_tag-pentobarbital-sodium-injection-solution","45":"product_tag-pentobarbital-sodium-injection-usp","46":"product_tag-pentobarbital-sodium-liquid","47":"product_tag-pentobarbital-sodium-nz","48":"product_tag-pentobarbital-sodium-oral","49":"product_tag-pentobarbital-sodium-over-the-counter","50":"product_tag-pentobarbital-sodium-pills","51":"product_tag-pentobarbital-sodium-powder","52":"product_tag-pentobarbital-sodium-prescription","53":"product_tag-pentobarbital-sodium-price","54":"product_tag-pentobarbital-sodium-salt","55":"product_tag-pentobarbital-sodium-sleeping-pills","56":"product_tag-pentobarbital-sodium-sleeping-pills-over-the-counter","57":"product_tag-pentobarbital-sodium-tablets","58":"product_tag-pentobarbital-sodium-where-to-buy","59":"product_tag-pentobarbital-use","60":"product_tag-phenobarbital-sodium-intravenous","61":"product_tag-sodium","62":"product_tag-sodium-pentobarbital-nembutal","63":"product_tag-sodium-pentobarbital-cost","64":"product_tag-sodium-pentobarbital-for-animal-euthanasia","65":"product_tag-sodium-pentobarbital-for-euthanasia","66":"product_tag-sodium-pentobarbital-manufacturers","67":"product_tag-sodium-pentobarbital-shelf-life","68":"product_tag-where-can-i-buy-nembutal-powder","69":"product_tag-where-can-i-buy-nembutal-sodium-pentobarbital","70":"product_tag-where-can-i-buy-pentobarbital-sodium","71":"product_tag-where-can-i-buy-pentobarbital-sodium-sleeping-pills","72":"product_tag-where-can-i-buy-sodium-pentobarbital","73":"product_tag-where-can-you-buy-pentobarbital-sodium","74":"product_tag-where-to-buy-pentobarbital-sodium","75":"product_tag-where-to-buy-pentobarbital-sodium-for-dogs","76":"product_tag-where-to-get-pentobarbital-sodium","78":"first","79":"instock","80":"shipping-taxable","81":"purchasable","82":"product-type-simple"},"_links":{"self":[{"href":"https:\/\/euthanitinl.org\/pl\/wp-json\/wp\/v2\/product\/1761","targetHints":{"allow":["GET"]}}],"collection":[{"href":"https:\/\/euthanitinl.org\/pl\/wp-json\/wp\/v2\/product"}],"about":[{"href":"https:\/\/euthanitinl.org\/pl\/wp-json\/wp\/v2\/types\/product"}],"replies":[{"embeddable":true,"href":"https:\/\/euthanitinl.org\/pl\/wp-json\/wp\/v2\/comments?post=1761"}],"wp:featuredmedia":[{"embeddable":true,"href":"https:\/\/euthanitinl.org\/pl\/wp-json\/wp\/v2\/media\/1762"}],"wp:attachment":[{"href":"https:\/\/euthanitinl.org\/pl\/wp-json\/wp\/v2\/media?parent=1761"}],"wp:term":[{"taxonomy":"product_brand","embeddable":true,"href":"https:\/\/euthanitinl.org\/pl\/wp-json\/wp\/v2\/product_brand?post=1761"},{"taxonomy":"product_cat","embeddable":true,"href":"https:\/\/euthanitinl.org\/pl\/wp-json\/wp\/v2\/product_cat?post=1761"},{"taxonomy":"product_tag","embeddable":true,"href":"https:\/\/euthanitinl.org\/pl\/wp-json\/wp\/v2\/product_tag?post=1761"}],"curies":[{"name":"wp","href":"https:\/\/api.w.org\/{rel}","templated":true}]}}