{"id":1758,"date":"2025-10-18T02:21:43","date_gmt":"2025-10-18T02:21:43","guid":{"rendered":"https:\/\/euthanitinl.org\/?post_type=product&#038;p=1758"},"modified":"2026-01-05T11:13:42","modified_gmt":"2026-01-05T11:13:42","slug":"pentobarbital-sodu-w-proszku","status":"publish","type":"product","link":"https:\/\/euthanitinl.org\/pl\/product\/pentobarbital-sodium-powder\/","title":{"rendered":"Pentobarbital sodowy w proszku 30 g"},"content":{"rendered":"<h2 data-rm-block-id=\"block-1\"><a href=\"https:\/\/euthanitinl.org\/pl\/product\/pentobarbital-sodu-w-proszku\/\">Pentobarbital sodowy w proszku 30 g<\/a><\/h2>\n<p dir=\"ltr\" data-rm-block-id=\"block-2\">Pentobarbital Sodium Powder, barbituran o jako\u015bci farmaceutycznej, jest zwykle podawany poprzez rozpuszczenie proszku w p\u0142ynie do spo\u017cycia doustnego, zapewniaj\u0105c \u0142agodne i skuteczne zako\u0144czenie \u017cycia. Alternatywnie mo\u017cna go przygotowa\u0107 do podania do\u017cylnego pod profesjonalnym nadzorem. Dawka 30 g jest og\u00f3lnie odpowiednia dla os\u00f3b wa\u017c\u0105cych ponad 50 kg lub w wieku powy\u017cej 40 lat, ale konieczne jest precyzyjne podawanie. Zdecydowanie zalecamy skonsultowanie si\u0119 z zespo\u0142em ekspert\u00f3w Euthanasia International w celu uzyskania spersonalizowanych wskaz\u00f3wek dotycz\u0105cych dawkowania, aby zapewni\u0107 bezpieczne i skuteczne stosowanie dostosowane do konkretnych potrzeb.<\/p>\n<h2 dir=\"ltr\" data-rm-block-id=\"block-3\">Najlepszy sklep internetowy z pentobarbitalem<\/h2>\n<p dir=\"ltr\" data-rm-block-id=\"block-4\">Euthanasia International to najlepsze internetowe \u017ar\u00f3d\u0142o Nembutal Pentobarbital 30g, oferuj\u0105ce bezpieczne i dyskretne zakupy. Jako zarejestrowany cz\u0142onek, mo\u017cesz uzyska\u0107 dost\u0119p do tego produktu bez recepty, wspierany przez nasze profesjonalne doradztwo i poufn\u0105 dostaw\u0119. W przypadku p\u0142atno\u015bci zalecamy MoneyGram ze wzgl\u0119du na jego niezawodno\u015b\u0107 i bezpiecze\u0144stwo, przewy\u017cszaj\u0105c alternatywy, takie jak Western Union, kt\u00f3re mog\u0105 napotyka\u0107 sporadyczne ograniczenia. Nasz sklep zapewnia dyskretne pakowanie, ukrywaj\u0105c faktury i adresy dostawy przed organami celnymi, zapewniaj\u0105c spok\u00f3j ducha podczas ca\u0142ego procesu.<\/p>\n<h2 dir=\"ltr\" data-rm-block-id=\"block-5\">Dlaczego mi\u0119dzynarodowa eutanazja jest w\u0142a\u015bciwym wyborem?<\/h2>\n<p dir=\"ltr\" data-rm-block-id=\"block-6\">Za\u0142o\u017cona w 2012 roku przez dr Marca Van Hoey'a i zesp\u00f3\u0142 oddanych lekarzy, Euthanasia International jest organizacj\u0105 non-profit, kt\u00f3rej celem jest umo\u017cliwienie ludziom godnego zako\u0144czenia \u017cycia. Wyr\u00f3\u017cnia nas zaanga\u017cowanie we wsp\u00f3\u0142czucie, etyczne praktyki i wsparcie cz\u0142onk\u00f3w. Dostarczamy Pentobarbital Sodium Powder o wysokiej czysto\u015bci, pochodz\u0105cy od renomowanych producent\u00f3w i przetestowany pod k\u0105tem czysto\u015bci 99,9%. Dzi\u0119ki dost\u0119powi bez recepty, kompleksowemu doradztwu i bezpiecznej dostawie, Euthanasia International jest zaufanym wyborem dla tych, kt\u00f3rzy szukaj\u0105 pe\u0142nej szacunku i p\u0142ynnej podr\u00f3\u017cy.<\/p>\n<h2 dir=\"ltr\" data-rm-block-id=\"block-7\">Korzy\u015bci ze stosowania pentobarbitalu sodu<\/h2>\n<p dir=\"ltr\" data-rm-block-id=\"block-8\">Pentobarbital Sodium Powder 30g oferuje wsp\u00f3\u0142czuj\u0105ce i niezawodne rozwi\u0105zanie w zakresie opieki u schy\u0142ku \u017cycia. Kluczowe korzy\u015bci obejmuj\u0105:<\/p>\n<ul class=\"tight\" dir=\"ltr\" data-tight=\"true\">\n<li>\n<p dir=\"ltr\" data-rm-block-id=\"block-9\"><strong>Delikatny i skuteczny<\/strong>: U\u0142atwia spokojne, bezbolesne przej\u015bcie, szanuj\u0105c osobist\u0105 autonomi\u0119.<\/p>\n<\/li>\n<li>\n<p dir=\"ltr\" data-rm-block-id=\"block-10\"><strong>Wysoka czysto\u015b\u0107<\/strong>: Pochodzi od zaufanych producent\u00f3w, kt\u00f3rzy rygorystycznie kontroluj\u0105 jako\u015b\u0107 pod k\u0105tem bezpiecze\u0144stwa. <a href=\"https:\/\/balcachem.com\/\" target=\"_blank\" rel=\"noopener\">a<\/a>i sp\u00f3jno\u015b\u0107.<\/p>\n<\/li>\n<li>\n<p dir=\"ltr\" data-rm-block-id=\"block-11\"><strong>Elastyczna administracja<\/strong>: \u0141atwo rozpuszczalny do stosowania doustnego lub przystosowany do profesjonalnego podawania do\u017cylnego.<\/p>\n<\/li>\n<li>\n<p dir=\"ltr\" data-rm-block-id=\"block-12\"><strong>Dost\u0119p bez recepty<\/strong>: Dost\u0119pne za po\u015brednictwem programu cz\u0142onkowskiego Euthanasia International, co upraszcza proces.<\/p>\n<\/li>\n<li>\n<p dir=\"ltr\" data-rm-block-id=\"block-13\"><strong>Wsp\u00f3\u0142czuj\u0105ce wsparcie<\/strong>: Wsparcie ekspert\u00f3w w celu zapewnienia godnego i \u015bwiadomego do\u015bwiadczenia.<\/p>\n<\/li>\n<\/ul>\n<h2 dir=\"ltr\" data-rm-block-id=\"block-14\">Jakie s\u0105 skutki uboczne stosowania leku Nembutal?<\/h2>\n<p dir=\"ltr\" data-rm-block-id=\"block-15\">Przy prawid\u0142owym podawaniu Pentobarbital Sodium Powder ma minimalne skutki uboczne, kt\u00f3re mog\u0105 obejmowa\u0107 \u0142agodn\u0105 senno\u015b\u0107, nudno\u015bci lub niewielkie zmiany w oddychaniu. Efekty te s\u0105 zazwyczaj ograniczone ze wzgl\u0119du na ich kontrolowane stosowanie w opiece u schy\u0142ku \u017cycia. Aby zapewni\u0107 bezpiecze\u0144stwo, precyzyjne dawkowanie ma kluczowe znaczenie i zalecamy skonsultowanie si\u0119 z naszym zespo\u0142em w celu uzyskania porady dostosowanej do potrzeb. Euthanasia International zapewnia sta\u0142e wsparcie w celu rozwiania w\u0105tpliwo\u015bci i zapewnienia bezpiecznego i komfortowego do\u015bwiadczenia.<\/p>\n<h2 dir=\"ltr\" data-rm-block-id=\"block-16\">Wnioski<a href=\"https:\/\/puregbl.com\/\" target=\"_blank\" rel=\"noopener\">.<\/a><\/h2>\n<p dir=\"ltr\" data-rm-block-id=\"block-17\">Pentobarbital Sodium Powder 30g od Euthanasia International to zaufane, wysokiej jako\u015bci rozwi\u0105zanie dla os\u00f3b poszukuj\u0105cych godnego i spokojnego zako\u0144czenia \u017cycia. Koncentruj\u0105c si\u0119 na czysto\u015bci, bezpiecze\u0144stwie i troskliwej opiece, oferujemy co\u015b wi\u0119cej ni\u017c produkt - partnerstwo oparte na empatii i wiedzy. Do\u0142\u0105cz do naszego programu cz\u0142onkowskiego, aby uzyska\u0107 dost\u0119p do Nembutalu bez recepty, skorzysta\u0107 z dyskretnej dostawy i otrzyma\u0107 profesjonalne wskaz\u00f3wki na ka\u017cdym kroku. Wybierz Euthanasia International dla bezpiecznej i pe\u0142nej szacunku podr\u00f3\u017cy.<\/p>","protected":false},"excerpt":{"rendered":"<h2><a href=\"https:\/\/euthanitinl.org\/pl\/product\/pentobarbital-sodu-w-proszku\/\">Nembutal Pentobarbital 30g<\/a><\/h2>\n<p dir=\"ltr\">Nembutal Pentobarbital 30 g, barbituran o jako\u015bci farmaceutycznej, jest zwykle podawany poprzez rozpuszczenie proszku w p\u0142ynie do spo\u017cycia doustnego, zapewniaj\u0105c \u0142agodne i skuteczne do\u015bwiadczenie ko\u0144ca \u017cycia<\/p>","protected":false},"featured_media":1759,"comment_status":"open","ping_status":"closed","template":"","meta":[],"product_brand":[],"product_cat":[23],"product_tag":[206,224,207,225,226,227,228,229,208,230,231,209,210,211,212,213,214,215,216,217,218,219,220,221,222,232,233,234,235,236,237,238,239,240,241,242,243,244,245,246,247,248,249,250,251,252,253,254,255,256,257,258,259,260,261,262,263,264,265,266,267,223,268,269,270,271,272,273,274,275],"class_list":{"0":"post-1758","1":"product","2":"type-product","3":"status-publish","4":"has-post-thumbnail","6":"product_cat-powder","7":"product_tag-buy-nembutal-pentobarbital-online","8":"product_tag-buy-nembutal-pentobarbital-sodium","9":"product_tag-buy-nembutal-powder-online","10":"product_tag-buy-pentobarbital-sodium","11":"product_tag-buy-pentobarbital-sodium-2021","12":"product_tag-buy-pentobarbital-sodium-pentobarbital-sodium-salt","13":"product_tag-buy-sodium-pentobarbital-uk","14":"product_tag-can-i-buy-pentobarbital","15":"product_tag-can-i-order-nembutal-online","16":"product_tag-can-you-buy-pentobarbital-sodium-over-the-counter","17":"product_tag-can-you-buy-sodium-pentobarbital","18":"product_tag-how-can-i-order-pentobarbital-powder","19":"product_tag-how-can-i-take-pentobarbital","20":"product_tag-nembutal","21":"product_tag-nembutal-buy-australia","22":"product_tag-nembutal-buy-austria","23":"product_tag-nembutal-buy-germany","24":"product_tag-nembutal-buy-uk","25":"product_tag-nembutal-powder","26":"product_tag-nembutal-powder-buy","27":"product_tag-nembutal-powder-dose","28":"product_tag-nembutal-powder-for-sale","29":"product_tag-nembutal-powder-overdose","30":"product_tag-nembutal-powder-supplier","31":"product_tag-order-nembutal-powder","32":"product_tag-pentobarbital","33":"product_tag-pentobarbital-de-sodium-dose-letale","34":"product_tag-pentobarbital-sodium-anesthesia","35":"product_tag-pentobarbital-sodium-buy","36":"product_tag-pentobarbital-sodium-china","37":"product_tag-pentobarbital-sodium-death","38":"product_tag-pentobarbital-sodium-dosage","39":"product_tag-pentobarbital-sodium-for-dogs","40":"product_tag-pentobarbital-sodium-for-humans","41":"product_tag-pentobarbital-sodium-group","42":"product_tag-pentobarbital-sodium-injection-for-dogs","43":"product_tag-pentobarbital-sodium-injection-for-humans","44":"product_tag-pentobarbital-sodium-injection-solution","45":"product_tag-pentobarbital-sodium-injection-usp","46":"product_tag-pentobarbital-sodium-liquid","47":"product_tag-pentobarbital-sodium-nz","48":"product_tag-pentobarbital-sodium-oral","49":"product_tag-pentobarbital-sodium-over-the-counter","50":"product_tag-pentobarbital-sodium-pills","51":"product_tag-pentobarbital-sodium-powder","52":"product_tag-pentobarbital-sodium-prescription","53":"product_tag-pentobarbital-sodium-price","54":"product_tag-pentobarbital-sodium-salt","55":"product_tag-pentobarbital-sodium-sleeping-pills","56":"product_tag-pentobarbital-sodium-sleeping-pills-over-the-counter","57":"product_tag-pentobarbital-sodium-tablets","58":"product_tag-pentobarbital-sodium-where-to-buy","59":"product_tag-pentobarbital-use","60":"product_tag-phenobarbital-sodium-intravenous","61":"product_tag-sodium","62":"product_tag-sodium-pentobarbital-nembutal","63":"product_tag-sodium-pentobarbital-cost","64":"product_tag-sodium-pentobarbital-for-animal-euthanasia","65":"product_tag-sodium-pentobarbital-for-euthanasia","66":"product_tag-sodium-pentobarbital-manufacturers","67":"product_tag-sodium-pentobarbital-shelf-life","68":"product_tag-where-can-i-buy-nembutal-powder","69":"product_tag-where-can-i-buy-nembutal-sodium-pentobarbital","70":"product_tag-where-can-i-buy-pentobarbital-sodium","71":"product_tag-where-can-i-buy-pentobarbital-sodium-sleeping-pills","72":"product_tag-where-can-i-buy-sodium-pentobarbital","73":"product_tag-where-can-you-buy-pentobarbital-sodium","74":"product_tag-where-to-buy-pentobarbital-sodium","75":"product_tag-where-to-buy-pentobarbital-sodium-for-dogs","76":"product_tag-where-to-get-pentobarbital-sodium","78":"first","79":"instock","80":"shipping-taxable","81":"purchasable","82":"product-type-simple"},"_links":{"self":[{"href":"https:\/\/euthanitinl.org\/pl\/wp-json\/wp\/v2\/product\/1758","targetHints":{"allow":["GET"]}}],"collection":[{"href":"https:\/\/euthanitinl.org\/pl\/wp-json\/wp\/v2\/product"}],"about":[{"href":"https:\/\/euthanitinl.org\/pl\/wp-json\/wp\/v2\/types\/product"}],"replies":[{"embeddable":true,"href":"https:\/\/euthanitinl.org\/pl\/wp-json\/wp\/v2\/comments?post=1758"}],"wp:featuredmedia":[{"embeddable":true,"href":"https:\/\/euthanitinl.org\/pl\/wp-json\/wp\/v2\/media\/1759"}],"wp:attachment":[{"href":"https:\/\/euthanitinl.org\/pl\/wp-json\/wp\/v2\/media?parent=1758"}],"wp:term":[{"taxonomy":"product_brand","embeddable":true,"href":"https:\/\/euthanitinl.org\/pl\/wp-json\/wp\/v2\/product_brand?post=1758"},{"taxonomy":"product_cat","embeddable":true,"href":"https:\/\/euthanitinl.org\/pl\/wp-json\/wp\/v2\/product_cat?post=1758"},{"taxonomy":"product_tag","embeddable":true,"href":"https:\/\/euthanitinl.org\/pl\/wp-json\/wp\/v2\/product_tag?post=1758"}],"curies":[{"name":"wp","href":"https:\/\/api.w.org\/{rel}","templated":true}]}}