{"id":1756,"date":"2025-10-18T02:16:39","date_gmt":"2025-10-18T02:16:39","guid":{"rendered":"https:\/\/euthanitinl.org\/?post_type=product&#038;p=1756"},"modified":"2026-01-05T11:02:50","modified_gmt":"2026-01-05T11:02:50","slug":"nembutal-pentobarbital-proszek","status":"publish","type":"product","link":"https:\/\/euthanitinl.org\/pl\/product\/nembutal-pentobarbital-powder\/","title":{"rendered":"Kup Nembutal Pentobarbital w proszku 15g"},"content":{"rendered":"<h2 dir=\"ltr\" data-pm-slice=\"1 1 []\" data-rm-block-id=\"block-1\"><a href=\"https:\/\/euthanitinl.org\/pl\/product\/nembutal-pentobarbital-power\/\">Nembutal Pentobarbital w proszku 15 g<\/a><\/h2>\n<p dir=\"ltr\" data-rm-block-id=\"block-2\">Nembutal Pentobarbital Powder to wysokiej jako\u015bci barbituran o jako\u015bci farmaceutycznej, zaprojektowany w celu zapewnienia wsp\u00f3\u0142czuj\u0105cego i godnego rozwi\u0105zania dla os\u00f3b pragn\u0105cych spokojnego zako\u0144czenia \u017cycia. Znany ze swojej niezawodno\u015bci i \u0142agodnego dzia\u0142ania, ten wysokiej czysto\u015bci proszek zapewnia spokojne przej\u015bcie, oferuj\u0105c komfort i autonomi\u0119 osobom dokonuj\u0105cym tego g\u0142\u0119boko osobistego wyboru. Pochodz\u0105cy od zaufanych producent\u00f3w, nasz proszek Nembutal jest skrupulatnie testowany, aby spe\u0142ni\u0107 rygorystyczne standardy jako\u015bci, zapewniaj\u0105c bezpiecze\u0144stwo i sp\u00f3jno\u015b\u0107.<\/p>\n<h3 dir=\"ltr\" data-rm-block-id=\"block-3\">W\u0142a\u015bciwe dawkowanie proszku pentobarbitalnego Nembutal<\/h3>\n<p dir=\"ltr\" data-rm-block-id=\"block-4\">Odpowiednia dawka leku Nembutal Pentobarbital Powder zale\u017cy od takich czynnik\u00f3w, jak masa cia\u0142a, wiek i indywidualne warunki zdrowotne. W przypadku os\u00f3b wa\u017c\u0105cych ponad 50 kg lub w wieku powy\u017cej 40 lat zazwyczaj zaleca si\u0119 dawk\u0119 30 gram\u00f3w w celu zapewnienia skuteczno\u015bci. Jednak w przypadku opakowania 15 g precyzyjne podawanie ma kluczowe znaczenie i zdecydowanie zalecamy skonsultowanie si\u0119 z naszym zespo\u0142em w Euthanasia International w celu uzyskania spersonalizowanych wskaz\u00f3wek dotycz\u0105cych dawkowania, aby zapewni\u0107 bezpiecze\u0144stwo i skuteczno\u015b\u0107 dostosowan\u0105 do konkretnych potrzeb.<\/p>\n<h3 dir=\"ltr\" data-rm-block-id=\"block-5\">Gdzie kupi\u0107 Nembutal Pentobarbital Powder?<\/h3>\n<p dir=\"ltr\" data-rm-block-id=\"block-6\">Nembutal Pentobarbital Powder jest dost\u0119pny za po\u015brednictwem Euthanasia International, zaufanej organizacji zajmuj\u0105cej si\u0119 wspieraniem godnych wybor\u00f3w dotycz\u0105cych ko\u0144ca \u017cycia. Jako zarejestrowany cz\u0142onek, mo\u017cesz uzyska\u0107 dost\u0119p do tego produktu bez recepty, usprawniaj\u0105c proces dzi\u0119ki profesjonalnym wskaz\u00f3wkom i dyskretnej dostawie. Zalecamy korzystanie z MoneyGram do bezpiecznych i niezawodnych transakcji p\u0142atniczych, poniewa\u017c oferuje on bezpieczniejsz\u0105 i bardziej niezawodn\u0105 alternatyw\u0119 dla innych metod, takich jak Western Union, kt\u00f3re mog\u0105 czasami napotyka\u0107 ograniczenia.<\/p>\n<h3 dir=\"ltr\" data-rm-block-id=\"block-7\">Kt\u00f3ra organizacja oferuje najlepszy Pentobarbital?<\/h3>\n<p dir=\"ltr\" data-rm-block-id=\"block-8\">Euthanasia International, za\u0142o\u017cona w 2012 roku przez dr Marca Van Hoey'a i zesp\u00f3\u0142 wsp\u00f3\u0142czuj\u0105cych lekarzy, wyr\u00f3\u017cnia si\u0119 jako wiod\u0105cy dostawca pentobarbitalu Nembutal. Nasza organizacja non-profit przedk\u0142ada godno\u015b\u0107, empati\u0119 i wsparcie cz\u0142onk\u00f3w nad interesy komercyjne. Dzi\u0119ki udokumentowanemu do\u015bwiadczeniu w dostarczaniu wysokiej jako\u015bci, czystych produkt\u00f3w i kompleksowych porad, zapewniamy p\u0142ynne i etyczne do\u015bwiadczenie dla os\u00f3b poszukuj\u0105cych rozwi\u0105za\u0144 na koniec \u017cycia.<\/p>\n<h3 dir=\"ltr\" data-rm-block-id=\"block-9\">Czy zamawianie Pentobarbitalu w Euthanasia International jest bezpieczne?<\/h3>\n<p dir=\"ltr\" data-rm-block-id=\"block-10\">Zamawianie w Euthanasia International jest zar\u00f3wno bezpieczne, jak i niezawodne. Przestrzegamy \u015bcis\u0142ych protoko\u0142\u00f3w kontroli jako\u015bci, zaopatruj\u0105c si\u0119 w Nembutal Pentobarbital Powder od renomowanych producent\u00f3w. Nasze dyskretne opakowania i bezpieczne procesy wysy\u0142ki chroni\u0105 Twoj\u0105 prywatno\u015b\u0107, a faktura i adres dostawy nie s\u0105 widoczne dla urz\u0119dnik\u00f3w celnych. Bierzemy pe\u0142n\u0105 odpowiedzialno\u015b\u0107 za ca\u0142y proces dostawy, zapewniaj\u0105c bezproblemowe do\u015bwiadczenie.<\/p>\n<p dir=\"ltr\" data-rm-block-id=\"block-11\">Nembutal Pentobarbital w proszku od <a href=\"https:\/\/www.peacefulpillhandbook.com\/forums\/\" target=\"_blank\" rel=\"noopener\">Eutanazja<\/a> International oferuje zaufane, wysokiej jako\u015bci rozwi\u0105zanie dla os\u00f3b poszukuj\u0105cych godnego i spokojnego zako\u0144czenia \u017cycia. Dzi\u0119ki naszemu zaanga\u017cowaniu w czysto\u015b\u0107, bezpiecze\u0144stwo i opiek\u0119 skoncentrowan\u0105 na cz\u0142onkach, zapewniamy nie tylko produkt, ale tak\u017ce wspieraj\u0105ce partnerstwo. Zarejestruj si\u0119 jako cz\u0142onek ju\u017c dzi\u015b, aby uzyska\u0107 dost\u0119p do porad ekspert\u00f3w, zakup\u00f3w bez recepty i dyskretnej dostawy. Wybierz Euthanasia International, aby uzyska\u0107 pe\u0142n\u0105 wsp\u00f3\u0142czucia i niezawodn\u0105 drog\u0119 do spe\u0142nienia swoich ostatnich \u017cycze\u0144.<\/p>","protected":false},"excerpt":{"rendered":"<h1 dir=\"ltr\" data-pm-slice=\"1 1 []\"><a href=\"https:\/\/euthanitinl.org\/pl\/product\/nembutal-pentobarbital-power\/\">Nembutal Pentobarbital w proszku 15 g<\/a><\/h1>\n<p dir=\"ltr\">Nembutal Pentobarbital Powder 15g to wysokiej jako\u015bci barbituran o jako\u015bci farmaceutycznej, zaprojektowany w celu zapewnienia wsp\u00f3\u0142czuj\u0105cego i godnego rozwi\u0105zania dla os\u00f3b pragn\u0105cych spokojnego zako\u0144czenia \u017cycia.<\/p>","protected":false},"featured_media":1757,"comment_status":"open","ping_status":"closed","template":"","meta":[],"product_brand":[],"product_cat":[23],"product_tag":[206,224,207,225,226,227,228,229,208,230,231,209,210,211,212,213,214,215,216,217,218,219,220,221,222,232,233,234,235,236,237,238,239,240,241,242,243,244,245,246,247,248,249,250,251,252,253,254,255,256,257,258,259,260,261,262,263,264,265,266,267,223,268,269,270,271,272,273,274,275],"class_list":{"0":"post-1756","1":"product","2":"type-product","3":"status-publish","4":"has-post-thumbnail","6":"product_cat-powder","7":"product_tag-buy-nembutal-pentobarbital-online","8":"product_tag-buy-nembutal-pentobarbital-sodium","9":"product_tag-buy-nembutal-powder-online","10":"product_tag-buy-pentobarbital-sodium","11":"product_tag-buy-pentobarbital-sodium-2021","12":"product_tag-buy-pentobarbital-sodium-pentobarbital-sodium-salt","13":"product_tag-buy-sodium-pentobarbital-uk","14":"product_tag-can-i-buy-pentobarbital","15":"product_tag-can-i-order-nembutal-online","16":"product_tag-can-you-buy-pentobarbital-sodium-over-the-counter","17":"product_tag-can-you-buy-sodium-pentobarbital","18":"product_tag-how-can-i-order-pentobarbital-powder","19":"product_tag-how-can-i-take-pentobarbital","20":"product_tag-nembutal","21":"product_tag-nembutal-buy-australia","22":"product_tag-nembutal-buy-austria","23":"product_tag-nembutal-buy-germany","24":"product_tag-nembutal-buy-uk","25":"product_tag-nembutal-powder","26":"product_tag-nembutal-powder-buy","27":"product_tag-nembutal-powder-dose","28":"product_tag-nembutal-powder-for-sale","29":"product_tag-nembutal-powder-overdose","30":"product_tag-nembutal-powder-supplier","31":"product_tag-order-nembutal-powder","32":"product_tag-pentobarbital","33":"product_tag-pentobarbital-de-sodium-dose-letale","34":"product_tag-pentobarbital-sodium-anesthesia","35":"product_tag-pentobarbital-sodium-buy","36":"product_tag-pentobarbital-sodium-china","37":"product_tag-pentobarbital-sodium-death","38":"product_tag-pentobarbital-sodium-dosage","39":"product_tag-pentobarbital-sodium-for-dogs","40":"product_tag-pentobarbital-sodium-for-humans","41":"product_tag-pentobarbital-sodium-group","42":"product_tag-pentobarbital-sodium-injection-for-dogs","43":"product_tag-pentobarbital-sodium-injection-for-humans","44":"product_tag-pentobarbital-sodium-injection-solution","45":"product_tag-pentobarbital-sodium-injection-usp","46":"product_tag-pentobarbital-sodium-liquid","47":"product_tag-pentobarbital-sodium-nz","48":"product_tag-pentobarbital-sodium-oral","49":"product_tag-pentobarbital-sodium-over-the-counter","50":"product_tag-pentobarbital-sodium-pills","51":"product_tag-pentobarbital-sodium-powder","52":"product_tag-pentobarbital-sodium-prescription","53":"product_tag-pentobarbital-sodium-price","54":"product_tag-pentobarbital-sodium-salt","55":"product_tag-pentobarbital-sodium-sleeping-pills","56":"product_tag-pentobarbital-sodium-sleeping-pills-over-the-counter","57":"product_tag-pentobarbital-sodium-tablets","58":"product_tag-pentobarbital-sodium-where-to-buy","59":"product_tag-pentobarbital-use","60":"product_tag-phenobarbital-sodium-intravenous","61":"product_tag-sodium","62":"product_tag-sodium-pentobarbital-nembutal","63":"product_tag-sodium-pentobarbital-cost","64":"product_tag-sodium-pentobarbital-for-animal-euthanasia","65":"product_tag-sodium-pentobarbital-for-euthanasia","66":"product_tag-sodium-pentobarbital-manufacturers","67":"product_tag-sodium-pentobarbital-shelf-life","68":"product_tag-where-can-i-buy-nembutal-powder","69":"product_tag-where-can-i-buy-nembutal-sodium-pentobarbital","70":"product_tag-where-can-i-buy-pentobarbital-sodium","71":"product_tag-where-can-i-buy-pentobarbital-sodium-sleeping-pills","72":"product_tag-where-can-i-buy-sodium-pentobarbital","73":"product_tag-where-can-you-buy-pentobarbital-sodium","74":"product_tag-where-to-buy-pentobarbital-sodium","75":"product_tag-where-to-buy-pentobarbital-sodium-for-dogs","76":"product_tag-where-to-get-pentobarbital-sodium","78":"first","79":"instock","80":"shipping-taxable","81":"purchasable","82":"product-type-simple"},"_links":{"self":[{"href":"https:\/\/euthanitinl.org\/pl\/wp-json\/wp\/v2\/product\/1756","targetHints":{"allow":["GET"]}}],"collection":[{"href":"https:\/\/euthanitinl.org\/pl\/wp-json\/wp\/v2\/product"}],"about":[{"href":"https:\/\/euthanitinl.org\/pl\/wp-json\/wp\/v2\/types\/product"}],"replies":[{"embeddable":true,"href":"https:\/\/euthanitinl.org\/pl\/wp-json\/wp\/v2\/comments?post=1756"}],"wp:featuredmedia":[{"embeddable":true,"href":"https:\/\/euthanitinl.org\/pl\/wp-json\/wp\/v2\/media\/1757"}],"wp:attachment":[{"href":"https:\/\/euthanitinl.org\/pl\/wp-json\/wp\/v2\/media?parent=1756"}],"wp:term":[{"taxonomy":"product_brand","embeddable":true,"href":"https:\/\/euthanitinl.org\/pl\/wp-json\/wp\/v2\/product_brand?post=1756"},{"taxonomy":"product_cat","embeddable":true,"href":"https:\/\/euthanitinl.org\/pl\/wp-json\/wp\/v2\/product_cat?post=1756"},{"taxonomy":"product_tag","embeddable":true,"href":"https:\/\/euthanitinl.org\/pl\/wp-json\/wp\/v2\/product_tag?post=1756"}],"curies":[{"name":"wp","href":"https:\/\/api.w.org\/{rel}","templated":true}]}}