{"id":3,"date":"2024-12-11T07:57:58","date_gmt":"2024-12-11T07:57:58","guid":{"rendered":"https:\/\/euthanitinl.org\/?page_id=3"},"modified":"2025-10-20T08:13:03","modified_gmt":"2025-10-20T08:13:03","slug":"wysylka","status":"publish","type":"page","link":"https:\/\/euthanitinl.org\/pl\/shipping\/","title":{"rendered":"Wysy\u0142ka i zwroty"},"content":{"rendered":"<div class=\"wpb_text_column wpb_content_element\">\r\n<div class=\"wpb_wrapper\">\r\n<h3 class=\"wp-block-heading\" data-rm-block-id=\"block-1\"><strong>POLITYKA WYSY\u0141KOWA<\/strong><\/h3>\r\n<p data-rm-block-id=\"block-2\">Wysy\u0142ka i zwroty na terenie Europy: us\u0142ugi. Wszystkie zam\u00f3wienia s\u0105 wysy\u0142ane za po\u015brednictwem niezawodnego kuriera. 30 EUR za dostaw\u0119 3-dniow\u0105 i 50 EUR za dostaw\u0119 nocn\u0105. Zam\u00f3wienia s\u0105 wysy\u0142ane w ci\u0105gu 1 dnia roboczego od z\u0142o\u017cenia zam\u00f3wienia.<\/p>\r\n<p data-rm-block-id=\"block-3\">Wysy\u0142ka i zwroty mi\u0119dzynarodowe: Wszystkie zam\u00f3wienia s\u0105 wysy\u0142ane za po\u015brednictwem niezawodnego kuriera. 50 EUR za dostaw\u0119 5-dniow\u0105 i 65 EUR za dostaw\u0119 3-dniow\u0105. Zam\u00f3wienia s\u0105 wysy\u0142ane w ci\u0105gu dw\u00f3ch dni roboczych od z\u0142o\u017cenia zam\u00f3wienia. Przesy\u0142ki lotnicze s\u0105 dostarczane do wszystkich kraj\u00f3w.<\/p>\r\n<\/div>\r\n<\/div>\r\n<div class=\"wpb_text_column wpb_content_element\">\r\n<div class=\"wpb_wrapper\">\r\n<h3 data-rm-block-id=\"block-4\">\u00a0<\/h3>\r\n<h3 data-rm-block-id=\"block-5\"><strong>POLITYKA ZWROT\u00d3W<\/strong><\/h3>\r\n<p data-rm-block-id=\"block-6\">Wszelkie koszty zwrotu ponosi klient. Koszty te zostan\u0105 zwr\u00f3cone, je\u015bli produkty zostan\u0105 uznane za wadliwe i zwr\u00f3cone w okre\u015blonym terminie. Prosimy o sprawdzenie wszystkich dostaw pod k\u0105tem oznak uszkodzenia przed ich podpisaniem. Je\u015bli wida\u0107, \u017ce s\u0105 one uszkodzone, nie nale\u017cy ich podpisywa\u0107 i natychmiast skontaktowa\u0107 si\u0119 z nami. Zorganizujemy ponown\u0105 wysy\u0142k\u0119 zam\u00f3wienia. W przypadku stwierdzenia wady towaru po jego odbiorze, nale\u017cy powiadomi\u0107 nas o tym e-mailem lub telefonicznie w ci\u0105gu 14 dni od jego otrzymania. Nale\u017cy poda\u0107 numer zam\u00f3wienia i opis produktu oraz poda\u0107 pow\u00f3d zwrotu. Nast\u0119pnie nale\u017cy zwr\u00f3ci\u0107 towar w oryginalnym opakowaniu<a href=\"https:\/\/puregbl.com\/\" target=\"_blank\" rel=\"noopener\">.<\/a><\/p>\r\n<p data-rm-block-id=\"block-7\">W oczekiwaniu na nasz\u0105 inspekcj\u0119 i weryfikacj\u0119, czy towary s\u0105 wadliwe, skontaktujemy si\u0119 z Tob\u0105, aby zaoferowa\u0107 pe\u0142ny zwrot pieni\u0119dzy, wymian\u0119 lub wymian\u0119. Je\u015bli chcesz zwr\u00f3ci\u0107 towary, kt\u00f3re nie s\u0105 wadliwe, mo\u017cesz to zrobi\u0107 w ci\u0105gu 7 dni od ich otrzymania. Nale\u017cy powiadomi\u0107 nas o tym e-mailem lub telefonicznie, podaj\u0105c numer zam\u00f3wienia i opis produktu oraz pow\u00f3d zwrotu. Towary musz\u0105 znajdowa\u0107 si\u0119 w oryginalnym opakowaniu i w stanie nieu\u017cywanym, nadaj\u0105cym si\u0119 do ponownej sprzeda\u017cy. Uwaga - sugerujemy skorzystanie z przesy\u0142ki poleconej w celu odes\u0142ania towar\u00f3w do nas, aby zapewni\u0107 ich bezpieczne dotarcie. Zmiany wprowadzone do Regulaminu<a href=\"https:\/\/euthanitinl.org\/pl\/\">s.<\/a><\/p>\r\n<\/div>\r\n<\/div>","protected":false},"excerpt":{"rendered":"<p>SHIPPING POLICY Shipping &amp; Returns Within Europe: services. All orders are sent via a reliable courier. 30 EUR for 3-day delivery and 50 EUR for overnight delivery. Orders are shipped within 1 business day of order. Shipping &amp; Returns International: All orders are sent via a reliable courier. 50 EUR for 5day delivery and 65 [&hellip;]<\/p>\n","protected":false},"author":1,"featured_media":0,"parent":0,"menu_order":0,"comment_status":"closed","ping_status":"open","template":"","meta":{"footnotes":""},"class_list":["post-3","page","type-page","status-publish","hentry"],"blocksy_meta":[],"_links":{"self":[{"href":"https:\/\/euthanitinl.org\/pl\/wp-json\/wp\/v2\/pages\/3","targetHints":{"allow":["GET"]}}],"collection":[{"href":"https:\/\/euthanitinl.org\/pl\/wp-json\/wp\/v2\/pages"}],"about":[{"href":"https:\/\/euthanitinl.org\/pl\/wp-json\/wp\/v2\/types\/page"}],"author":[{"embeddable":true,"href":"https:\/\/euthanitinl.org\/pl\/wp-json\/wp\/v2\/users\/1"}],"replies":[{"embeddable":true,"href":"https:\/\/euthanitinl.org\/pl\/wp-json\/wp\/v2\/comments?post=3"}],"version-history":[{"count":3,"href":"https:\/\/euthanitinl.org\/pl\/wp-json\/wp\/v2\/pages\/3\/revisions"}],"predecessor-version":[{"id":1870,"href":"https:\/\/euthanitinl.org\/pl\/wp-json\/wp\/v2\/pages\/3\/revisions\/1870"}],"wp:attachment":[{"href":"https:\/\/euthanitinl.org\/pl\/wp-json\/wp\/v2\/media?parent=3"}],"curies":[{"name":"wp","href":"https:\/\/api.w.org\/{rel}","templated":true}]}}