{"id":1283,"date":"2024-12-12T06:16:05","date_gmt":"2024-12-12T06:16:05","guid":{"rendered":"https:\/\/euthanitinl.org\/shop\/"},"modified":"2025-10-20T07:59:10","modified_gmt":"2025-10-20T07:59:10","slug":"sklep-pentobarbital-sodu-eutanazja-miedzynarodowa","status":"publish","type":"page","link":"https:\/\/euthanitinl.org\/pl\/shop-pentobarbital-sodium-euthanasia-international\/","title":{"rendered":"Sklep Pentobarbital sodowy"},"content":{"rendered":"<p style=\"text-align: center;\" data-rm-block-id=\"block-1\"><strong><br \/>\nWitamy na stronie zam\u00f3wienia EUTHANASIA INTERNATIONAL (EINT). Mamy Pentobarbital Sodium zar\u00f3wno w roztworze doustnym, jak i do\u017cylnym, jak wida\u0107 r\u00f3\u017cne opcje poni\u017cej.<\/strong><br \/>\n<strong>Aby z\u0142o\u017cy\u0107 u nas zam\u00f3wienie, wystarczy wybra\u0107 \u017c\u0105dan\u0105 opcj\u0119 i ilo\u015b\u0107, wype\u0142ni\u0107 formularz zam\u00f3wienia i przes\u0142a\u0107 go. Otrzymamy Twoje zam\u00f3wienie i przetworzymy je tak szybko, jak to mo\u017cliwe. Zach\u0119camy do wype\u0142nienia formularza zamiast kontaktowania si\u0119 z nami w celu r\u0119cznego z\u0142o\u017cenia zam\u00f3wienia. Wymagamy prawid\u0142owych informacji, poniewa\u017c chcemy utrzyma\u0107 wszystko na profesjonalnym poziomie i sprawi\u0107, aby proces zakupu Pentobarbital Sodium online by\u0142 dla Ciebie tak \u0142atwy i bezstresowy, jak to tylko mo\u017cliwe<a href=\"https:\/\/balcachem.com\/\" target=\"_blank\" rel=\"noopener\">.<\/a> W przypadku jakichkolwiek trudno\u015bci prosimy o kontakt za po\u015brednictwem poczty elektronicznej lub WhatsApp<\/strong><\/p>\n<h3 style=\"text-align: center;\" data-rm-block-id=\"block-2\"><strong><a href=\"https:\/\/euthanitinl.org\/pl\/kontakt\/\">Zam\u00f3w Pentobarbital Sodium +90 552 173 9668<\/a> lub <a href=\"https:\/\/euthanitinl.org\/pl\/kontakt\/\">Balcalabs@proton.me<\/a><\/strong><\/h3>","protected":false},"excerpt":{"rendered":"<p>Welcome to EUTHANASIA INTERNATIONAL (EINT) Order page. We have Pentobarbital Sodium in both Oral solution and IV solutions, as you can see the various options below. To place an order with us, just choose the option and quantity you want, fill out the order form, and submit. We will receive your order and process it [&hellip;]<\/p>\n","protected":false},"author":1,"featured_media":0,"parent":0,"menu_order":0,"comment_status":"closed","ping_status":"closed","template":"","meta":{"footnotes":""},"class_list":["post-1283","page","type-page","status-publish","hentry"],"blocksy_meta":[],"_links":{"self":[{"href":"https:\/\/euthanitinl.org\/pl\/wp-json\/wp\/v2\/pages\/1283","targetHints":{"allow":["GET"]}}],"collection":[{"href":"https:\/\/euthanitinl.org\/pl\/wp-json\/wp\/v2\/pages"}],"about":[{"href":"https:\/\/euthanitinl.org\/pl\/wp-json\/wp\/v2\/types\/page"}],"author":[{"embeddable":true,"href":"https:\/\/euthanitinl.org\/pl\/wp-json\/wp\/v2\/users\/1"}],"replies":[{"embeddable":true,"href":"https:\/\/euthanitinl.org\/pl\/wp-json\/wp\/v2\/comments?post=1283"}],"version-history":[{"count":6,"href":"https:\/\/euthanitinl.org\/pl\/wp-json\/wp\/v2\/pages\/1283\/revisions"}],"predecessor-version":[{"id":1866,"href":"https:\/\/euthanitinl.org\/pl\/wp-json\/wp\/v2\/pages\/1283\/revisions\/1866"}],"wp:attachment":[{"href":"https:\/\/euthanitinl.org\/pl\/wp-json\/wp\/v2\/media?parent=1283"}],"curies":[{"name":"wp","href":"https:\/\/api.w.org\/{rel}","templated":true}]}}