{"id":1761,"date":"2025-10-18T03:00:19","date_gmt":"2025-10-18T03:00:19","guid":{"rendered":"https:\/\/euthanitinl.org\/?post_type=product&#038;p=1761"},"modified":"2026-01-05T11:12:42","modified_gmt":"2026-01-05T11:12:42","slug":"acquistare-nembutal-polvere-50gr","status":"publish","type":"product","link":"https:\/\/euthanitinl.org\/it\/product\/buy-nembutal-powder-50gr\/","title":{"rendered":"Comprare Nembutal Polvere 50gr"},"content":{"rendered":"<h2 dir=\"ltr\" data-pm-slice=\"1 1 []\"><a href=\"https:\/\/euthanitinl.org\/it\/product\/acquistare-nembutal-polvere-50gr\/\">Comprare Nembutal Polvere 50gr<\/a><\/h2>\n<p dir=\"ltr\">Nembutal Powder 50gr, un pentobarbital sodico di grado farmaceutico, viene tipicamente somministrato sciogliendo la polvere in un liquido da assumere per via orale, fornendo una soluzione delicata ed efficace per le cure di fine vita. In alcuni casi, pu\u00f2 essere preparato per la somministrazione endovenosa sotto la supervisione di un professionista. La quantit\u00e0 di 50 g \u00e8 progettata per un dosaggio preciso, tipicamente adatto a persone di peso superiore a 50 kg o di et\u00e0 superiore a 40 anni, mentre 30 g sono spesso raccomandati come dose standard. Per una somministrazione sicura e accurata, consigliamo vivamente di consultare il team di esperti di Euthanasia International per una guida al dosaggio personalizzata e adatta alle vostre esigenze specifiche.<\/p>\n<h2 dir=\"ltr\">Il miglior negozio online di Nembutal in polvere<\/h2>\n<p dir=\"ltr\">Euthanasia International \u00e8 la principale fonte online di Nembutal Powder 50g, offrendo un'esperienza di acquisto sicura, discreta e affidabile. In qualit\u00e0 di membro registrato, \u00e8 possibile accedere a questo prodotto senza prescrizione medica, con il supporto della nostra guida professionale e del processo di consegna riservato. Raccomandiamo di utilizzare MoneyGram per i pagamenti grazie alla sua superiore affidabilit\u00e0 e sicurezza rispetto ad alternative come Western Union, che possono incontrare restrizioni occasionali. Il nostro negozio garantisce un imballaggio discreto, che nasconde le fatture e gli indirizzi di consegna ai funzionari doganali, per una transazione senza intoppi e privata.<\/p>\n<h2 dir=\"ltr\">Perch\u00e9 l'Eutanasia Internazionale \u00e8 la scelta giusta?<\/h2>\n<p dir=\"ltr\">Fondata nel 2012 dal dottor Marc Van Hoey e da un team di medici compassionevoli, Euthanasia International \u00e8 un'organizzazione no-profit dedicata al sostegno di scelte dignitose di fine vita. La nostra attenzione all'empatia, alle pratiche etiche e al supporto dei membri ci distingue dai fornitori commerciali. Offriamo Nembutal in polvere di elevata purezza, proveniente da produttori affidabili e rigorosamente testato per una purezza del 99,9%. Grazie all'accesso senza prescrizione medica, alla consulenza completa e alla consegna sicura, Euthanasia International \u00e8 il partner di fiducia per chi cerca una transizione rispettosa e pacifica.<\/p>\n<h2 dir=\"ltr\">Vantaggi dell'acquisto di Nembutal in polvere 50gr<\/h2>\n<p dir=\"ltr\">Nembutal Polvere 50g rappresenta una soluzione compassionevole ed efficace per coloro che desiderano un'esperienza di fine vita dignitosa. I vantaggi principali includono:<\/p>\n<ul class=\"tight\" dir=\"ltr\" data-tight=\"true\">\n<li>\n<p dir=\"ltr\"><strong>Sereno e indolore<\/strong>: Facilita una transizione calma e delicata, nel rispetto dell'autonomia personale.<\/p>\n<\/li>\n<li>\n<p dir=\"ltr\"><strong>Eccezionale purezza<\/strong>: Provengono da produttori di fiducia con rigorosi controlli di qualit\u00e0 per garantire sicurezza e coerenza.<\/p>\n<\/li>\n<li>\n<p dir=\"ltr\"><strong>Amministrazione flessibile<\/strong>: Facilmente dissolvibile per l'uso orale o adattabile per l'applicazione endovenosa professionale.<\/p>\n<\/li>\n<li>\n<p dir=\"ltr\"><strong>Accesso senza ricetta<\/strong>: Disponibile attraverso il programma di adesione di Euthanasia International, che semplifica l'approvvigionamento.<\/p>\n<\/li>\n<li>\n<p dir=\"ltr\"><strong>Supporto esperto<\/strong>: Sostenuto da una guida professionale per garantire un processo informato e compassionevole.<\/p>\n<\/li>\n<\/ul>\n<h2 dir=\"ltr\">Quali sono gli effetti collaterali del Nembutal?<\/h2>\n<p dir=\"ltr\">Se somministrato correttamente, il Nembutal in polvere ha effetti collaterali minimi, che possono includere lieve sonnolenza, nausea o leggere alterazioni respiratorie. Questi effetti sono generalmente limitati a causa del suo uso controllato nelle cure di fine vita. Un dosaggio accurato \u00e8 fondamentale per ridurre al minimo i rischi e consigliamo vivamente di consultare il nostro team per una consulenza personalizzata. Euthanasia International fornisce un supporto continuo per risolvere qualsiasi problema, garantendo un'esperienza sicura e confortevole. Comprare Nembutal polvere 50gr<\/p>\n<h2 dir=\"ltr\">Conclusione<\/h2>\n<p dir=\"ltr\">Il Nembutal in polvere 50g di Euthanasia International \u00e8 una soluzione affidabile e di alta qualit\u00e0 per chi cerca un'esperienza di fine vita dignitosa e pacifica. Con il nostro impegno per la purezza, la sicurezza e l'assistenza compassionevole, offriamo pi\u00f9 di un prodotto: una partnership di supporto radicata nell'empatia e nella competenza. Iscrivetevi al nostro programma di affiliazione per accedere al Nembutal senza prescrizione medica, beneficiare di una consegna discreta e ricevere una guida professionale in ogni fase del percorso. Scegliete Eutanasia International per un viaggio sicuro e rispettoso.<\/p>","protected":false},"excerpt":{"rendered":"<h2 dir=\"ltr\" data-pm-slice=\"1 1 []\"><a href=\"https:\/\/euthanitinl.org\/it\/product\/acquistare-nembutal-polvere-50gr\/\">Comprare Nembutal Polvere 50gr<\/a><\/h2>\n<p dir=\"ltr\">Nembutal Powder 50gr, un pentobarbital sodico di grado farmaceutico, \u00e8 tipicamente somministrato sciogliendo la polvere in un liquido per il consumo orale.<\/p>","protected":false},"featured_media":1762,"comment_status":"open","ping_status":"closed","template":"","meta":[],"product_brand":[],"product_cat":[23],"product_tag":[206,224,207,225,226,227,228,229,208,230,231,209,210,211,212,213,214,215,216,217,218,219,220,221,222,232,233,234,235,236,237,238,239,240,241,242,243,244,245,246,247,248,249,250,251,252,253,254,255,256,257,258,259,260,261,262,263,264,265,266,267,223,268,269,270,271,272,273,274,275],"class_list":{"0":"post-1761","1":"product","2":"type-product","3":"status-publish","4":"has-post-thumbnail","6":"product_cat-powder","7":"product_tag-buy-nembutal-pentobarbital-online","8":"product_tag-buy-nembutal-pentobarbital-sodium","9":"product_tag-buy-nembutal-powder-online","10":"product_tag-buy-pentobarbital-sodium","11":"product_tag-buy-pentobarbital-sodium-2021","12":"product_tag-buy-pentobarbital-sodium-pentobarbital-sodium-salt","13":"product_tag-buy-sodium-pentobarbital-uk","14":"product_tag-can-i-buy-pentobarbital","15":"product_tag-can-i-order-nembutal-online","16":"product_tag-can-you-buy-pentobarbital-sodium-over-the-counter","17":"product_tag-can-you-buy-sodium-pentobarbital","18":"product_tag-how-can-i-order-pentobarbital-powder","19":"product_tag-how-can-i-take-pentobarbital","20":"product_tag-nembutal","21":"product_tag-nembutal-buy-australia","22":"product_tag-nembutal-buy-austria","23":"product_tag-nembutal-buy-germany","24":"product_tag-nembutal-buy-uk","25":"product_tag-nembutal-powder","26":"product_tag-nembutal-powder-buy","27":"product_tag-nembutal-powder-dose","28":"product_tag-nembutal-powder-for-sale","29":"product_tag-nembutal-powder-overdose","30":"product_tag-nembutal-powder-supplier","31":"product_tag-order-nembutal-powder","32":"product_tag-pentobarbital","33":"product_tag-pentobarbital-de-sodium-dose-letale","34":"product_tag-pentobarbital-sodium-anesthesia","35":"product_tag-pentobarbital-sodium-buy","36":"product_tag-pentobarbital-sodium-china","37":"product_tag-pentobarbital-sodium-death","38":"product_tag-pentobarbital-sodium-dosage","39":"product_tag-pentobarbital-sodium-for-dogs","40":"product_tag-pentobarbital-sodium-for-humans","41":"product_tag-pentobarbital-sodium-group","42":"product_tag-pentobarbital-sodium-injection-for-dogs","43":"product_tag-pentobarbital-sodium-injection-for-humans","44":"product_tag-pentobarbital-sodium-injection-solution","45":"product_tag-pentobarbital-sodium-injection-usp","46":"product_tag-pentobarbital-sodium-liquid","47":"product_tag-pentobarbital-sodium-nz","48":"product_tag-pentobarbital-sodium-oral","49":"product_tag-pentobarbital-sodium-over-the-counter","50":"product_tag-pentobarbital-sodium-pills","51":"product_tag-pentobarbital-sodium-powder","52":"product_tag-pentobarbital-sodium-prescription","53":"product_tag-pentobarbital-sodium-price","54":"product_tag-pentobarbital-sodium-salt","55":"product_tag-pentobarbital-sodium-sleeping-pills","56":"product_tag-pentobarbital-sodium-sleeping-pills-over-the-counter","57":"product_tag-pentobarbital-sodium-tablets","58":"product_tag-pentobarbital-sodium-where-to-buy","59":"product_tag-pentobarbital-use","60":"product_tag-phenobarbital-sodium-intravenous","61":"product_tag-sodium","62":"product_tag-sodium-pentobarbital-nembutal","63":"product_tag-sodium-pentobarbital-cost","64":"product_tag-sodium-pentobarbital-for-animal-euthanasia","65":"product_tag-sodium-pentobarbital-for-euthanasia","66":"product_tag-sodium-pentobarbital-manufacturers","67":"product_tag-sodium-pentobarbital-shelf-life","68":"product_tag-where-can-i-buy-nembutal-powder","69":"product_tag-where-can-i-buy-nembutal-sodium-pentobarbital","70":"product_tag-where-can-i-buy-pentobarbital-sodium","71":"product_tag-where-can-i-buy-pentobarbital-sodium-sleeping-pills","72":"product_tag-where-can-i-buy-sodium-pentobarbital","73":"product_tag-where-can-you-buy-pentobarbital-sodium","74":"product_tag-where-to-buy-pentobarbital-sodium","75":"product_tag-where-to-buy-pentobarbital-sodium-for-dogs","76":"product_tag-where-to-get-pentobarbital-sodium","78":"first","79":"instock","80":"shipping-taxable","81":"purchasable","82":"product-type-simple"},"_links":{"self":[{"href":"https:\/\/euthanitinl.org\/it\/wp-json\/wp\/v2\/product\/1761","targetHints":{"allow":["GET"]}}],"collection":[{"href":"https:\/\/euthanitinl.org\/it\/wp-json\/wp\/v2\/product"}],"about":[{"href":"https:\/\/euthanitinl.org\/it\/wp-json\/wp\/v2\/types\/product"}],"replies":[{"embeddable":true,"href":"https:\/\/euthanitinl.org\/it\/wp-json\/wp\/v2\/comments?post=1761"}],"wp:featuredmedia":[{"embeddable":true,"href":"https:\/\/euthanitinl.org\/it\/wp-json\/wp\/v2\/media\/1762"}],"wp:attachment":[{"href":"https:\/\/euthanitinl.org\/it\/wp-json\/wp\/v2\/media?parent=1761"}],"wp:term":[{"taxonomy":"product_brand","embeddable":true,"href":"https:\/\/euthanitinl.org\/it\/wp-json\/wp\/v2\/product_brand?post=1761"},{"taxonomy":"product_cat","embeddable":true,"href":"https:\/\/euthanitinl.org\/it\/wp-json\/wp\/v2\/product_cat?post=1761"},{"taxonomy":"product_tag","embeddable":true,"href":"https:\/\/euthanitinl.org\/it\/wp-json\/wp\/v2\/product_tag?post=1761"}],"curies":[{"name":"wp","href":"https:\/\/api.w.org\/{rel}","templated":true}]}}