{"id":3,"date":"2024-12-11T07:57:58","date_gmt":"2024-12-11T07:57:58","guid":{"rendered":"https:\/\/euthanitinl.org\/?page_id=3"},"modified":"2025-10-20T08:13:03","modified_gmt":"2025-10-20T08:13:03","slug":"spedizione","status":"publish","type":"page","link":"https:\/\/euthanitinl.org\/it\/shipping\/","title":{"rendered":"Spedizione e restituzione"},"content":{"rendered":"<div class=\"wpb_text_column wpb_content_element\">\r\n<div class=\"wpb_wrapper\">\r\n<h3 class=\"wp-block-heading\" data-rm-block-id=\"block-1\"><strong>POLITICA DI SPEDIZIONE<\/strong><\/h3>\r\n<p data-rm-block-id=\"block-2\">Spedizione e restituzione in Europa: servizi. Tutti gli ordini vengono inviati tramite un corriere affidabile. 30 euro per la consegna in 3 giorni e 50 euro per la consegna notturna. Gli ordini vengono spediti entro 1 giorno lavorativo dall'ordine.<\/p>\r\n<p data-rm-block-id=\"block-3\">Spedizione e restituzione Internazionale: Tutti gli ordini vengono inviati tramite un corriere affidabile. 50 EUR per la consegna in 5 giorni e 65 EUR per la consegna in 3 giorni. Gli ordini vengono spediti entro due giorni lavorativi dall'ordine. La posta aerea viene consegnata a tutti i paesi.<\/p>\r\n<\/div>\r\n<\/div>\r\n<div class=\"wpb_text_column wpb_content_element\">\r\n<div class=\"wpb_wrapper\">\r\n<h3 data-rm-block-id=\"block-4\">\u00a0<\/h3>\r\n<h3 data-rm-block-id=\"block-5\"><strong>POLITICA DI RESTITUZIONE<\/strong><\/h3>\r\n<p data-rm-block-id=\"block-6\">Tutte le spese di restituzione sono a carico del cliente. Il rimborso \u00e8 previsto se i prodotti risultano difettosi e vengono restituiti entro i termini previsti. Vi chiediamo di controllare che tutte le consegne non presentino segni di danneggiamento prima di firmarle. Se si nota che sono danneggiate, non firmare e contattarci immediatamente. Provvederemo a rispedire l'ordine. Se si scopre che la merce \u00e8 difettosa dopo averla firmata, si prega di comunicarlo via e-mail o telefono entro 14 giorni dal ricevimento. \u00c8 necessario indicare il numero d'ordine e la descrizione del prodotto, nonch\u00e9 il motivo della restituzione. La merce deve essere restituita nella sua confezione originale<a href=\"https:\/\/puregbl.com\/\" target=\"_blank\" rel=\"noopener\">.<\/a><\/p>\r\n<p data-rm-block-id=\"block-7\">In attesa della nostra ispezione e della verifica del difetto della merce, vi contatteremo per offrirvi un rimborso completo, una sostituzione o un cambio. Se desiderate restituire la merce non difettosa, potete farlo entro 7 giorni dal ricevimento della stessa. Dovete informarci via e-mail o telefono, citando il vostro numero d'ordine e le descrizioni dei prodotti, e indicando il motivo della restituzione. La merce deve essere nella sua confezione originale e in condizioni di non utilizzo e rivendibilit\u00e0. NB - Suggeriamo di utilizzare una raccomandata per rispedirci la merce, per garantire che arrivi in modo sicuro. Modifiche apportate a Termini e condizioni<a href=\"https:\/\/euthanitinl.org\/it\/\">s.<\/a><\/p>\r\n<\/div>\r\n<\/div>","protected":false},"excerpt":{"rendered":"<p>SHIPPING POLICY Shipping &amp; Returns Within Europe: services. All orders are sent via a reliable courier. 30 EUR for 3-day delivery and 50 EUR for overnight delivery. Orders are shipped within 1 business day of order. Shipping &amp; Returns International: All orders are sent via a reliable courier. 50 EUR for 5day delivery and 65 [&hellip;]<\/p>\n","protected":false},"author":1,"featured_media":0,"parent":0,"menu_order":0,"comment_status":"closed","ping_status":"open","template":"","meta":{"footnotes":""},"class_list":["post-3","page","type-page","status-publish","hentry"],"blocksy_meta":[],"_links":{"self":[{"href":"https:\/\/euthanitinl.org\/it\/wp-json\/wp\/v2\/pages\/3","targetHints":{"allow":["GET"]}}],"collection":[{"href":"https:\/\/euthanitinl.org\/it\/wp-json\/wp\/v2\/pages"}],"about":[{"href":"https:\/\/euthanitinl.org\/it\/wp-json\/wp\/v2\/types\/page"}],"author":[{"embeddable":true,"href":"https:\/\/euthanitinl.org\/it\/wp-json\/wp\/v2\/users\/1"}],"replies":[{"embeddable":true,"href":"https:\/\/euthanitinl.org\/it\/wp-json\/wp\/v2\/comments?post=3"}],"version-history":[{"count":3,"href":"https:\/\/euthanitinl.org\/it\/wp-json\/wp\/v2\/pages\/3\/revisions"}],"predecessor-version":[{"id":1870,"href":"https:\/\/euthanitinl.org\/it\/wp-json\/wp\/v2\/pages\/3\/revisions\/1870"}],"wp:attachment":[{"href":"https:\/\/euthanitinl.org\/it\/wp-json\/wp\/v2\/media?parent=3"}],"curies":[{"name":"wp","href":"https:\/\/api.w.org\/{rel}","templated":true}]}}