{"id":1779,"date":"2025-10-18T17:34:06","date_gmt":"2025-10-18T17:34:06","guid":{"rendered":"https:\/\/euthanitinl.org\/?post_type=product&#038;p=1779"},"modified":"2026-01-05T11:18:36","modified_gmt":"2026-01-05T11:18:36","slug":"pentobarbital-sodico-liquido","status":"publish","type":"product","link":"https:\/\/euthanitinl.org\/es\/product\/pentobarbital-sodium-liquid\/","title":{"rendered":"Comprar Pentobarbital S\u00f3dico l\u00edquido 100ml"},"content":{"rendered":"<h1 dir=\"ltr\" data-pm-slice=\"1 1 []\"><a href=\"https:\/\/euthanitinl.org\/es\/product\/pentobarbital-sodico-liquido\/\">Pentobarbital S\u00f3dico l\u00edquido 100ml<\/a><\/h1>\n<p dir=\"ltr\">Pentobarbital S\u00f3dico l\u00edquido 100ml. En Euthanasia International, proporcionamos Pentobarbital S\u00f3dico 100ml de alta calidad para aquellos que buscan una soluci\u00f3n compasiva y digna para el final de la vida. Nuestro producto de calidad farmac\u00e9utica, con una pureza del 99,8%, garantiza su fiabilidad y eficacia. A continuaci\u00f3n, resumimos los detalles clave sobre el Pentobarbital S\u00f3dico L\u00edquido Oral para ayudarle a tomar decisiones informadas.<\/p>\n<h2 dir=\"ltr\">\u00bfQu\u00e9 es el Pentobarbital L\u00edquido Oral?<\/h2>\n<p dir=\"ltr\">El pentobarbital s\u00f3dico l\u00edquido oral es una soluci\u00f3n de barbit\u00faricos utilizada principalmente por sus propiedades sedantes y anest\u00e9sicas. Como depresor, ralentiza el sistema nervioso central, lo que lo hace eficaz para inducir el sue\u00f1o, controlar las convulsiones o facilitar un fallecimiento pac\u00edfico y sin dolor en la eutanasia voluntaria. A menudo se prefiere la forma l\u00edquida por su facilidad de administraci\u00f3n en comparaci\u00f3n con los comprimidos o las soluciones inyectables.<\/p>\n<h2 dir=\"ltr\">\u00bfPor qu\u00e9 comprar pentobarbital s\u00f3dico l\u00edquido oral?<\/h2>\n<p dir=\"ltr\">El pentobarbital s\u00f3dico l\u00edquido se elige por sus efectos fiables y de acci\u00f3n r\u00e1pida, que ofrecen una transici\u00f3n suave para quienes desean una opci\u00f3n digna al final de la vida. Su alta pureza garantiza una potencia constante, y la forma l\u00edquida permite una dosificaci\u00f3n precisa, por lo que es m\u00e1s f\u00e1cil de administrar que otras formas. En Euthanasia International, damos prioridad a la entrega discreta, segura y r\u00e1pida, garantizando que usted reciba un producto de primera calidad sin complicaciones.<\/p>\n<h2 dir=\"ltr\">\u00bfC\u00f3mo tomar pentobarbital s\u00f3dico por v\u00eda oral?<\/h2>\n<p dir=\"ltr\">Para tomar Pentobarbital S\u00f3dico L\u00edquido, siga las instrucciones precisas proporcionadas por nuestro equipo de expertos en Eutanasia Internacional. El l\u00edquido se suele consumir mezcl\u00e1ndolo con una peque\u00f1a cantidad de agua o zumo para enmascarar su sabor amargo. La dosis depende de factores como el peso corporal y la edad; normalmente, la dosis letal para adultos de m\u00e1s de 50 kg es de unos 30 gramos. Consulte siempre a nuestros especialistas para obtener una orientaci\u00f3n personalizada que garantice un uso seguro y eficaz.<\/p>\n<h2 dir=\"ltr\">Uso m\u00e9dico del pentobarbital l\u00edquido oral<\/h2>\n<p dir=\"ltr\">El pentobarbital s\u00f3dico l\u00edquido se utiliza m\u00e9dicamente para el tratamiento a corto plazo del insomnio, como intervenci\u00f3n de urgencia en caso de convulsiones y para inducir la sedaci\u00f3n antes de procedimientos quir\u00fargicos. En el contexto de la eutanasia voluntaria, se valora por su capacidad para proporcionar una muerte pac\u00edfica e indolora en cuesti\u00f3n de minutos cuando se administra a la dosis letal adecuada. Su versatilidad y fiabilidad lo convierten en una opci\u00f3n de confianza para los cuidados al final de la vida.<\/p>\n<h2 dir=\"ltr\">\u00bfC\u00f3mo utilizar Pentobarbital L\u00edquido Oral?<\/h2>\n<p dir=\"ltr\">El uso de Pentobarbital S\u00f3dico L\u00edquido Oral requiere una cuidadosa atenci\u00f3n a la dosis y administraci\u00f3n. El l\u00edquido debe medirse con precisi\u00f3n utilizando una jeringa o un cuentagotas para garantizar que se consume la cantidad correcta. Para prop\u00f3sitos de eutanasia, se toma t\u00edpicamente en una sola dosis, seguida de un paso tranquilo y reposado. Nuestro equipo de Eutanasia Internacional ofrece un asesoramiento completo para guiarle a lo largo del proceso, garantizando la seguridad y la dignidad.<\/p>\n<h2 dir=\"ltr\">\u00bfD\u00f3nde comprar pentobarbital oral l\u00edquido de forma segura?<\/h2>\n<p dir=\"ltr\">Eutanasia Internacional es su fuente de confianza para comprar Pentobarbital S\u00f3dico L\u00edquido Oral de forma segura. Como miembro registrado, puede acceder a nuestro producto de alta pureza sin receta, benefici\u00e1ndose de nuestros discretos y r\u00e1pidos servicios de entrega en Alemania, Austria y Suiza. Nuestro equipo de expertos ofrece asistencia personalizada, garantizando que reciba la medicaci\u00f3n y orientaci\u00f3n de la m\u00e1s alta calidad. P\u00f3ngase en contacto con nosotros hoy mismo para registrarse u obtener m\u00e1s informaci\u00f3n sobre nuestros servicios.<\/p>","protected":false},"excerpt":{"rendered":"<h1 dir=\"ltr\" data-pm-slice=\"1 1 []\"><a href=\"https:\/\/euthanitinl.org\/es\/product\/pentobarbital-sodico-liquido\/\">Pentobarbital S\u00f3dico l\u00edquido 100ml<\/a><\/h1>\n<p dir=\"ltr\">Pentobarbital S\u00f3dico l\u00edquido 100ml. En Eutanasia Internacional, proporcionamos Pentobarbital S\u00f3dico 100ml de alta calidad para aquellos que buscan una soluci\u00f3n compasiva y digna para el final de la vida.<\/p>","protected":false},"featured_media":1780,"comment_status":"open","ping_status":"closed","template":"","meta":[],"product_brand":[],"product_cat":[24],"product_tag":[202,207,225,280,227,228,229,208,230,231,276,277,211,212,213,278,215,216,217,218,219,220,221,222,232,233,234,235,236,237,238,239,240,241,242,243,244,245,246,247,248,249,250,251,252,253,254,255,256,257,258,259,260,261,262,263,264,265,266,267,279,268,269,270,271,272,273,274,275],"class_list":{"0":"post-1779","1":"product","2":"type-product","3":"status-publish","4":"has-post-thumbnail","6":"product_cat-liquid","7":"product_tag-buy-nembutal-online","8":"product_tag-buy-nembutal-powder-online","9":"product_tag-buy-pentobarbital-sodium","10":"product_tag-buy-pentobarbital-sodium-2025","11":"product_tag-buy-pentobarbital-sodium-pentobarbital-sodium-salt","12":"product_tag-buy-sodium-pentobarbital-uk","13":"product_tag-can-i-buy-pentobarbital","14":"product_tag-can-i-order-nembutal-online","15":"product_tag-can-you-buy-pentobarbital-sodium-over-the-counter","16":"product_tag-can-you-buy-sodium-pentobarbital","17":"product_tag-how-can-i-order-nembutal-powder","18":"product_tag-how-can-i-take-nembutal","19":"product_tag-nembutal","20":"product_tag-nembutal-buy-australia","21":"product_tag-nembutal-buy-austria","22":"product_tag-nembutal-buy-online","23":"product_tag-nembutal-buy-uk","24":"product_tag-nembutal-powder","25":"product_tag-nembutal-powder-buy","26":"product_tag-nembutal-powder-dose","27":"product_tag-nembutal-powder-for-sale","28":"product_tag-nembutal-powder-overdose","29":"product_tag-nembutal-powder-supplier","30":"product_tag-order-nembutal-powder","31":"product_tag-pentobarbital","32":"product_tag-pentobarbital-de-sodium-dose-letale","33":"product_tag-pentobarbital-sodium-anesthesia","34":"product_tag-pentobarbital-sodium-buy","35":"product_tag-pentobarbital-sodium-china","36":"product_tag-pentobarbital-sodium-death","37":"product_tag-pentobarbital-sodium-dosage","38":"product_tag-pentobarbital-sodium-for-dogs","39":"product_tag-pentobarbital-sodium-for-humans","40":"product_tag-pentobarbital-sodium-group","41":"product_tag-pentobarbital-sodium-injection-for-dogs","42":"product_tag-pentobarbital-sodium-injection-for-humans","43":"product_tag-pentobarbital-sodium-injection-solution","44":"product_tag-pentobarbital-sodium-injection-usp","45":"product_tag-pentobarbital-sodium-liquid","46":"product_tag-pentobarbital-sodium-nz","47":"product_tag-pentobarbital-sodium-oral","48":"product_tag-pentobarbital-sodium-over-the-counter","49":"product_tag-pentobarbital-sodium-pills","50":"product_tag-pentobarbital-sodium-powder","51":"product_tag-pentobarbital-sodium-prescription","52":"product_tag-pentobarbital-sodium-price","53":"product_tag-pentobarbital-sodium-salt","54":"product_tag-pentobarbital-sodium-sleeping-pills","55":"product_tag-pentobarbital-sodium-sleeping-pills-over-the-counter","56":"product_tag-pentobarbital-sodium-tablets","57":"product_tag-pentobarbital-sodium-where-to-buy","58":"product_tag-pentobarbital-use","59":"product_tag-phenobarbital-sodium-intravenous","60":"product_tag-sodium","61":"product_tag-sodium-pentobarbital-nembutal","62":"product_tag-sodium-pentobarbital-cost","63":"product_tag-sodium-pentobarbital-for-animal-euthanasia","64":"product_tag-sodium-pentobarbital-for-euthanasia","65":"product_tag-sodium-pentobarbital-manufacturers","66":"product_tag-sodium-pentobarbital-shelf-life","67":"product_tag-where-can-i-buy-nembutal-powder-buy-nembutal-pentobarbital-sodium","68":"product_tag-where-can-i-buy-nembutal-sodium-pentobarbital","69":"product_tag-where-can-i-buy-pentobarbital-sodium","70":"product_tag-where-can-i-buy-pentobarbital-sodium-sleeping-pills","71":"product_tag-where-can-i-buy-sodium-pentobarbital","72":"product_tag-where-can-you-buy-pentobarbital-sodium","73":"product_tag-where-to-buy-pentobarbital-sodium","74":"product_tag-where-to-buy-pentobarbital-sodium-for-dogs","75":"product_tag-where-to-get-pentobarbital-sodium","77":"first","78":"instock","79":"shipping-taxable","80":"purchasable","81":"product-type-simple"},"_links":{"self":[{"href":"https:\/\/euthanitinl.org\/es\/wp-json\/wp\/v2\/product\/1779","targetHints":{"allow":["GET"]}}],"collection":[{"href":"https:\/\/euthanitinl.org\/es\/wp-json\/wp\/v2\/product"}],"about":[{"href":"https:\/\/euthanitinl.org\/es\/wp-json\/wp\/v2\/types\/product"}],"replies":[{"embeddable":true,"href":"https:\/\/euthanitinl.org\/es\/wp-json\/wp\/v2\/comments?post=1779"}],"wp:featuredmedia":[{"embeddable":true,"href":"https:\/\/euthanitinl.org\/es\/wp-json\/wp\/v2\/media\/1780"}],"wp:attachment":[{"href":"https:\/\/euthanitinl.org\/es\/wp-json\/wp\/v2\/media?parent=1779"}],"wp:term":[{"taxonomy":"product_brand","embeddable":true,"href":"https:\/\/euthanitinl.org\/es\/wp-json\/wp\/v2\/product_brand?post=1779"},{"taxonomy":"product_cat","embeddable":true,"href":"https:\/\/euthanitinl.org\/es\/wp-json\/wp\/v2\/product_cat?post=1779"},{"taxonomy":"product_tag","embeddable":true,"href":"https:\/\/euthanitinl.org\/es\/wp-json\/wp\/v2\/product_tag?post=1779"}],"curies":[{"name":"wp","href":"https:\/\/api.w.org\/{rel}","templated":true}]}}