{"id":1758,"date":"2025-10-18T02:21:43","date_gmt":"2025-10-18T02:21:43","guid":{"rendered":"https:\/\/euthanitinl.org\/?post_type=product&#038;p=1758"},"modified":"2026-01-05T11:13:42","modified_gmt":"2026-01-05T11:13:42","slug":"pentobarbital-sodico-en-polvo","status":"publish","type":"product","link":"https:\/\/euthanitinl.org\/es\/product\/pentobarbital-sodium-powder\/","title":{"rendered":"Pentobarbital S\u00f3dico Polvo 30g"},"content":{"rendered":"<h2 data-rm-block-id=\"block-1\"><a href=\"https:\/\/euthanitinl.org\/es\/product\/pentobarbital-sodico-en-polvo\/\">Pentobarbital S\u00f3dico Polvo 30g<\/a><\/h2>\n<p dir=\"ltr\" data-rm-block-id=\"block-2\">El pentobarbital s\u00f3dico en polvo, un barbit\u00farico de calidad farmac\u00e9utica, se administra normalmente disolviendo el polvo en un l\u00edquido para consumo oral, lo que garantiza una experiencia suave y eficaz al final de la vida. Tambi\u00e9n puede prepararse para uso intravenoso bajo supervisi\u00f3n profesional. La dosis de 30 g suele ser adecuada para personas que pesen m\u00e1s de 50 kg o tengan m\u00e1s de 40 a\u00f1os, pero es esencial una administraci\u00f3n precisa. Recomendamos encarecidamente consultar al equipo de expertos de Euthanasia International para obtener una gu\u00eda de dosificaci\u00f3n personalizada que garantice un uso seguro y eficaz adaptado a sus necesidades espec\u00edficas.<\/p>\n<h2 dir=\"ltr\" data-rm-block-id=\"block-3\">Mejor Pentobarbital Tienda Online<\/h2>\n<p dir=\"ltr\" data-rm-block-id=\"block-4\">Eutanasia Internacional es la principal fuente en l\u00ednea para Nembutal Pentobarbital 30g, ofreciendo una experiencia de compra segura y discreta. Como miembro registrado, puede acceder a este producto sin receta, con el apoyo de nuestra orientaci\u00f3n profesional y entrega confidencial. Para los pagos, recomendamos MoneyGram por su fiabilidad y seguridad, superando alternativas como Western Union, que puede enfrentarse a restricciones ocasionales. Nuestra tienda garantiza un embalaje discreto, ocultando las facturas y direcciones de entrega de las aduanas, proporcionando tranquilidad durante todo el proceso.<\/p>\n<h2 dir=\"ltr\" data-rm-block-id=\"block-5\">\u00bfPor qu\u00e9 la eutanasia internacional es la opci\u00f3n correcta?<\/h2>\n<p dir=\"ltr\" data-rm-block-id=\"block-6\">Fundada en 2012 por el Dr. Marc Van Hoey y un equipo de m\u00e9dicos dedicados, Eutanasia Internacional es una organizaci\u00f3n sin \u00e1nimo de lucro centrada en capacitar a las personas para lograr una experiencia digna al final de la vida. Nuestro compromiso con la compasi\u00f3n, las pr\u00e1cticas \u00e9ticas y el apoyo a los miembros nos distingue. Proporcionamos polvo de pentobarbital s\u00f3dico de gran pureza, procedente de fabricantes acreditados y con una pureza probada del 99,9%. Con acceso libre de prescripci\u00f3n, asesoramiento integral y entrega segura, Eutanasia Internacional es la opci\u00f3n de confianza para aquellos que buscan un viaje respetuoso y sin problemas.<\/p>\n<h2 dir=\"ltr\" data-rm-block-id=\"block-7\">Beneficios del pentobarbital s\u00f3dico<\/h2>\n<p dir=\"ltr\" data-rm-block-id=\"block-8\">Pentobarbital S\u00f3dico Polvo 30g ofrece una soluci\u00f3n compasiva y fiable para los cuidados al final de la vida. Los beneficios clave incluyen:<\/p>\n<ul class=\"tight\" dir=\"ltr\" data-tight=\"true\">\n<li>\n<p dir=\"ltr\" data-rm-block-id=\"block-9\"><strong>Suave y eficaz<\/strong>: Facilita una transici\u00f3n serena e indolora, respetando la autonom\u00eda personal.<\/p>\n<\/li>\n<li>\n<p dir=\"ltr\" data-rm-block-id=\"block-10\"><strong>Alta pureza<\/strong>: Procedentes de fabricantes de confianza con rigurosos controles de calidad para garantizar la seguridad. <a href=\"https:\/\/balcachem.com\/\" target=\"_blank\" rel=\"noopener\">a<\/a>y coherencia.<\/p>\n<\/li>\n<li>\n<p dir=\"ltr\" data-rm-block-id=\"block-11\"><strong>Administraci\u00f3n flexible<\/strong>: F\u00e1cilmente disoluble para uso oral o adaptable para aplicaci\u00f3n intravenosa profesional.<\/p>\n<\/li>\n<li>\n<p dir=\"ltr\" data-rm-block-id=\"block-12\"><strong>Acceso sin receta<\/strong>: Disponible a trav\u00e9s del programa de afiliaci\u00f3n de Eutanasia Internacional, lo que simplifica el proceso.<\/p>\n<\/li>\n<li>\n<p dir=\"ltr\" data-rm-block-id=\"block-13\"><strong>Apoyo compasivo<\/strong>: Con el apoyo de expertos para garantizar una experiencia digna e informada.<\/p>\n<\/li>\n<\/ul>\n<h2 dir=\"ltr\" data-rm-block-id=\"block-14\">\u00bfCu\u00e1les son los efectos secundarios del Nembutal?<\/h2>\n<p dir=\"ltr\" data-rm-block-id=\"block-15\">Cuando se administra correctamente, el Pentobarbital S\u00f3dico en Polvo tiene efectos secundarios m\u00ednimos, que pueden incluir somnolencia leve, n\u00e1useas o ligeros cambios respiratorios. Estos efectos suelen ser limitados debido a su uso controlado en los cuidados al final de la vida. Para garantizar la seguridad, es fundamental una dosificaci\u00f3n precisa, por lo que recomendamos consultar a nuestro equipo para obtener asesoramiento personalizado. Euthanasia International proporciona apoyo continuo para abordar las preocupaciones y garantizar una experiencia segura y c\u00f3moda.<\/p>\n<h2 dir=\"ltr\" data-rm-block-id=\"block-16\">Conclusi\u00f3n<a href=\"https:\/\/puregbl.com\/\" target=\"_blank\" rel=\"noopener\">.<\/a><\/h2>\n<p dir=\"ltr\" data-rm-block-id=\"block-17\">Pentobarbital S\u00f3dico en Polvo 30g de Euthanasia International es una soluci\u00f3n fiable y de alta calidad para aquellos que buscan una experiencia digna y pac\u00edfica al final de la vida. Con nuestro enfoque en la pureza, la seguridad y la atenci\u00f3n compasiva, ofrecemos m\u00e1s que un producto, una asociaci\u00f3n basada en la empat\u00eda y la experiencia. \u00danase a nuestro programa de socios para acceder a Nembutal sin receta, beneficiarse de una entrega discreta y recibir orientaci\u00f3n profesional en cada paso del camino. Elija Eutanasia Internacional para un viaje seguro y respetuoso.<\/p>","protected":false},"excerpt":{"rendered":"<h2><a href=\"https:\/\/euthanitinl.org\/es\/product\/pentobarbital-sodico-en-polvo\/\">Nembutal Pentobarbital 30g<\/a><\/h2>\n<p dir=\"ltr\">Nembutal Pentobarbital 30 g, un barbit\u00farico de calidad farmac\u00e9utica, se administra normalmente disolviendo el polvo en un l\u00edquido para consumo oral, lo que garantiza una experiencia suave y eficaz al final de la vida.<\/p>","protected":false},"featured_media":1759,"comment_status":"open","ping_status":"closed","template":"","meta":[],"product_brand":[],"product_cat":[23],"product_tag":[206,224,207,225,226,227,228,229,208,230,231,209,210,211,212,213,214,215,216,217,218,219,220,221,222,232,233,234,235,236,237,238,239,240,241,242,243,244,245,246,247,248,249,250,251,252,253,254,255,256,257,258,259,260,261,262,263,264,265,266,267,223,268,269,270,271,272,273,274,275],"class_list":{"0":"post-1758","1":"product","2":"type-product","3":"status-publish","4":"has-post-thumbnail","6":"product_cat-powder","7":"product_tag-buy-nembutal-pentobarbital-online","8":"product_tag-buy-nembutal-pentobarbital-sodium","9":"product_tag-buy-nembutal-powder-online","10":"product_tag-buy-pentobarbital-sodium","11":"product_tag-buy-pentobarbital-sodium-2021","12":"product_tag-buy-pentobarbital-sodium-pentobarbital-sodium-salt","13":"product_tag-buy-sodium-pentobarbital-uk","14":"product_tag-can-i-buy-pentobarbital","15":"product_tag-can-i-order-nembutal-online","16":"product_tag-can-you-buy-pentobarbital-sodium-over-the-counter","17":"product_tag-can-you-buy-sodium-pentobarbital","18":"product_tag-how-can-i-order-pentobarbital-powder","19":"product_tag-how-can-i-take-pentobarbital","20":"product_tag-nembutal","21":"product_tag-nembutal-buy-australia","22":"product_tag-nembutal-buy-austria","23":"product_tag-nembutal-buy-germany","24":"product_tag-nembutal-buy-uk","25":"product_tag-nembutal-powder","26":"product_tag-nembutal-powder-buy","27":"product_tag-nembutal-powder-dose","28":"product_tag-nembutal-powder-for-sale","29":"product_tag-nembutal-powder-overdose","30":"product_tag-nembutal-powder-supplier","31":"product_tag-order-nembutal-powder","32":"product_tag-pentobarbital","33":"product_tag-pentobarbital-de-sodium-dose-letale","34":"product_tag-pentobarbital-sodium-anesthesia","35":"product_tag-pentobarbital-sodium-buy","36":"product_tag-pentobarbital-sodium-china","37":"product_tag-pentobarbital-sodium-death","38":"product_tag-pentobarbital-sodium-dosage","39":"product_tag-pentobarbital-sodium-for-dogs","40":"product_tag-pentobarbital-sodium-for-humans","41":"product_tag-pentobarbital-sodium-group","42":"product_tag-pentobarbital-sodium-injection-for-dogs","43":"product_tag-pentobarbital-sodium-injection-for-humans","44":"product_tag-pentobarbital-sodium-injection-solution","45":"product_tag-pentobarbital-sodium-injection-usp","46":"product_tag-pentobarbital-sodium-liquid","47":"product_tag-pentobarbital-sodium-nz","48":"product_tag-pentobarbital-sodium-oral","49":"product_tag-pentobarbital-sodium-over-the-counter","50":"product_tag-pentobarbital-sodium-pills","51":"product_tag-pentobarbital-sodium-powder","52":"product_tag-pentobarbital-sodium-prescription","53":"product_tag-pentobarbital-sodium-price","54":"product_tag-pentobarbital-sodium-salt","55":"product_tag-pentobarbital-sodium-sleeping-pills","56":"product_tag-pentobarbital-sodium-sleeping-pills-over-the-counter","57":"product_tag-pentobarbital-sodium-tablets","58":"product_tag-pentobarbital-sodium-where-to-buy","59":"product_tag-pentobarbital-use","60":"product_tag-phenobarbital-sodium-intravenous","61":"product_tag-sodium","62":"product_tag-sodium-pentobarbital-nembutal","63":"product_tag-sodium-pentobarbital-cost","64":"product_tag-sodium-pentobarbital-for-animal-euthanasia","65":"product_tag-sodium-pentobarbital-for-euthanasia","66":"product_tag-sodium-pentobarbital-manufacturers","67":"product_tag-sodium-pentobarbital-shelf-life","68":"product_tag-where-can-i-buy-nembutal-powder","69":"product_tag-where-can-i-buy-nembutal-sodium-pentobarbital","70":"product_tag-where-can-i-buy-pentobarbital-sodium","71":"product_tag-where-can-i-buy-pentobarbital-sodium-sleeping-pills","72":"product_tag-where-can-i-buy-sodium-pentobarbital","73":"product_tag-where-can-you-buy-pentobarbital-sodium","74":"product_tag-where-to-buy-pentobarbital-sodium","75":"product_tag-where-to-buy-pentobarbital-sodium-for-dogs","76":"product_tag-where-to-get-pentobarbital-sodium","78":"first","79":"instock","80":"shipping-taxable","81":"purchasable","82":"product-type-simple"},"_links":{"self":[{"href":"https:\/\/euthanitinl.org\/es\/wp-json\/wp\/v2\/product\/1758","targetHints":{"allow":["GET"]}}],"collection":[{"href":"https:\/\/euthanitinl.org\/es\/wp-json\/wp\/v2\/product"}],"about":[{"href":"https:\/\/euthanitinl.org\/es\/wp-json\/wp\/v2\/types\/product"}],"replies":[{"embeddable":true,"href":"https:\/\/euthanitinl.org\/es\/wp-json\/wp\/v2\/comments?post=1758"}],"wp:featuredmedia":[{"embeddable":true,"href":"https:\/\/euthanitinl.org\/es\/wp-json\/wp\/v2\/media\/1759"}],"wp:attachment":[{"href":"https:\/\/euthanitinl.org\/es\/wp-json\/wp\/v2\/media?parent=1758"}],"wp:term":[{"taxonomy":"product_brand","embeddable":true,"href":"https:\/\/euthanitinl.org\/es\/wp-json\/wp\/v2\/product_brand?post=1758"},{"taxonomy":"product_cat","embeddable":true,"href":"https:\/\/euthanitinl.org\/es\/wp-json\/wp\/v2\/product_cat?post=1758"},{"taxonomy":"product_tag","embeddable":true,"href":"https:\/\/euthanitinl.org\/es\/wp-json\/wp\/v2\/product_tag?post=1758"}],"curies":[{"name":"wp","href":"https:\/\/api.w.org\/{rel}","templated":true}]}}