{"id":3,"date":"2024-12-11T07:57:58","date_gmt":"2024-12-11T07:57:58","guid":{"rendered":"https:\/\/euthanitinl.org\/?page_id=3"},"modified":"2025-10-20T08:13:03","modified_gmt":"2025-10-20T08:13:03","slug":"envio","status":"publish","type":"page","link":"https:\/\/euthanitinl.org\/es\/shipping\/","title":{"rendered":"Env\u00edos y devoluciones"},"content":{"rendered":"<div class=\"wpb_text_column wpb_content_element\">\r\n<div class=\"wpb_wrapper\">\r\n<h3 class=\"wp-block-heading\" data-rm-block-id=\"block-1\"><strong>POL\u00cdTICA DE ENV\u00cdOS<\/strong><\/h3>\r\n<p data-rm-block-id=\"block-2\">Env\u00edos y devoluciones Dentro de Europa: servicios. Todos los pedidos se env\u00edan a trav\u00e9s de un servicio de mensajer\u00eda fiable. 30 EUR para la entrega en 3 d\u00edas y 50 EUR para la entrega al d\u00eda siguiente. Los pedidos se env\u00edan en el plazo de 1 d\u00eda laborable a partir del pedido.<\/p>\r\n<p data-rm-block-id=\"block-3\">Env\u00edos y devoluciones Internacionales: Todos los pedidos se env\u00edan a trav\u00e9s de un servicio de mensajer\u00eda fiable. 50 EUR para entrega en 5 d\u00edas y 65 EUR para entrega en 3 d\u00edas. Los pedidos se env\u00edan en un plazo de dos d\u00edas laborables a partir del pedido. El correo a\u00e9reo se entrega en todos los pa\u00edses.<\/p>\r\n<\/div>\r\n<\/div>\r\n<div class=\"wpb_text_column wpb_content_element\">\r\n<div class=\"wpb_wrapper\">\r\n<h3 data-rm-block-id=\"block-4\">\u00a0<\/h3>\r\n<h3 data-rm-block-id=\"block-5\"><strong>POL\u00cdTICA DE DEVOLUCIONES<\/strong><\/h3>\r\n<p data-rm-block-id=\"block-6\">Todos los gastos de devoluci\u00f3n corren a cargo del cliente. Se reembolsar\u00e1n si los productos resultan defectuosos y se devuelven dentro del plazo especificado. Le rogamos que compruebe todos los env\u00edos en busca de signos de da\u00f1os antes de firmar por ellos. Si ve que est\u00e1n da\u00f1ados, no los firme y p\u00f3ngase en contacto con nosotros inmediatamente. Nos encargaremos de reexpedir su pedido. Si descubre que los productos son defectuosos despu\u00e9s de haber firmado su recepci\u00f3n, notif\u00edquenoslo por correo electr\u00f3nico o por tel\u00e9fono en un plazo de 14 d\u00edas a partir de la fecha de recepci\u00f3n. Deber\u00e1 indicar el n\u00famero de pedido y la descripci\u00f3n del producto, as\u00ed como el motivo de la devoluci\u00f3n. A continuaci\u00f3n, devuelva los productos en su embalaje original.<a href=\"https:\/\/puregbl.com\/\" target=\"_blank\" rel=\"noopener\">.<\/a><\/p>\r\n<p data-rm-block-id=\"block-7\">A la espera de que inspeccionemos y verifiquemos que los productos son defectuosos, nos pondremos en contacto con usted para ofrecerle un reembolso completo, una sustituci\u00f3n o un cambio. Si desea devolver productos que no est\u00e1n defectuosos, puede hacerlo en un plazo de 7 d\u00edas a partir de la fecha de recepci\u00f3n. Deber\u00e1 notific\u00e1rnoslo por correo electr\u00f3nico o por tel\u00e9fono, indicando su n\u00famero de pedido y la descripci\u00f3n del producto, as\u00ed como el motivo de la devoluci\u00f3n. Los productos deben estar en su embalaje original, sin usar y en condiciones de ser revendidos. NB - Le sugerimos que utilice un servicio de correo certificado para devolvernos los productos y asegurarse de que llegan a su destino de forma segura. Cambios realizados en los T\u00e9rminos y Condiciones<a href=\"https:\/\/euthanitinl.org\/es\/\">s.<\/a><\/p>\r\n<\/div>\r\n<\/div>","protected":false},"excerpt":{"rendered":"<p>SHIPPING POLICY Shipping &amp; Returns Within Europe: services. All orders are sent via a reliable courier. 30 EUR for 3-day delivery and 50 EUR for overnight delivery. Orders are shipped within 1 business day of order. Shipping &amp; Returns International: All orders are sent via a reliable courier. 50 EUR for 5day delivery and 65 [&hellip;]<\/p>\n","protected":false},"author":1,"featured_media":0,"parent":0,"menu_order":0,"comment_status":"closed","ping_status":"open","template":"","meta":{"footnotes":""},"class_list":["post-3","page","type-page","status-publish","hentry"],"blocksy_meta":[],"_links":{"self":[{"href":"https:\/\/euthanitinl.org\/es\/wp-json\/wp\/v2\/pages\/3","targetHints":{"allow":["GET"]}}],"collection":[{"href":"https:\/\/euthanitinl.org\/es\/wp-json\/wp\/v2\/pages"}],"about":[{"href":"https:\/\/euthanitinl.org\/es\/wp-json\/wp\/v2\/types\/page"}],"author":[{"embeddable":true,"href":"https:\/\/euthanitinl.org\/es\/wp-json\/wp\/v2\/users\/1"}],"replies":[{"embeddable":true,"href":"https:\/\/euthanitinl.org\/es\/wp-json\/wp\/v2\/comments?post=3"}],"version-history":[{"count":3,"href":"https:\/\/euthanitinl.org\/es\/wp-json\/wp\/v2\/pages\/3\/revisions"}],"predecessor-version":[{"id":1870,"href":"https:\/\/euthanitinl.org\/es\/wp-json\/wp\/v2\/pages\/3\/revisions\/1870"}],"wp:attachment":[{"href":"https:\/\/euthanitinl.org\/es\/wp-json\/wp\/v2\/media?parent=3"}],"curies":[{"name":"wp","href":"https:\/\/api.w.org\/{rel}","templated":true}]}}