{"id":1779,"date":"2025-10-18T17:34:06","date_gmt":"2025-10-18T17:34:06","guid":{"rendered":"https:\/\/euthanitinl.org\/?post_type=product&#038;p=1779"},"modified":"2026-01-05T11:18:36","modified_gmt":"2026-01-05T11:18:36","slug":"pentobarbital-natrium-flussig","status":"publish","type":"product","link":"https:\/\/euthanitinl.org\/de\/product\/pentobarbital-sodium-liquid\/","title":{"rendered":"Pentobarbital Natrium fl\u00fcssig 100ml kaufen"},"content":{"rendered":"<h1 dir=\"ltr\" data-pm-slice=\"1 1 []\"><a href=\"https:\/\/euthanitinl.org\/de\/product\/pentobarbital-natrium-flussig\/\">Pentobarbital-Natrium fl\u00fcssig 100ml<\/a><\/h1>\n<p dir=\"ltr\">Pentobarbital-Natrium fl\u00fcssig 100ml. Bei Euthanasia International bieten wir qualitativ hochwertiges Pentobarbital-Natrium 100ml f\u00fcr diejenigen, die eine mitf\u00fchlende und w\u00fcrdevolle L\u00f6sung f\u00fcr das Lebensende suchen. Unser Produkt in pharmazeutischer Qualit\u00e4t mit einem Reinheitsgrad von 99,8% gew\u00e4hrleistet Zuverl\u00e4ssigkeit und Wirksamkeit. Im Folgenden finden Sie die wichtigsten Informationen \u00fcber Pentobarbital-Natrium zum Einnehmen, damit Sie eine fundierte Entscheidung treffen k\u00f6nnen.<\/p>\n<h2 dir=\"ltr\">Was ist Pentobarbital Oral Liquid?<\/h2>\n<p dir=\"ltr\">Pentobarbital-Natrium zum Einnehmen ist eine Barbituratl\u00f6sung, die vor allem wegen ihrer sedierenden und bet\u00e4ubenden Eigenschaften verwendet wird. Als Beruhigungsmittel verlangsamt es das zentrale Nervensystem, wodurch es wirksam zur Herbeif\u00fchrung von Schlaf, zur Bew\u00e4ltigung von Krampfanf\u00e4llen oder zur Erleichterung eines friedlichen und schmerzlosen Ablebens bei der freiwilligen Euthanasie ist. Die fl\u00fcssige Form wird oft bevorzugt, da sie im Vergleich zu Tabletten oder injizierbaren L\u00f6sungen einfach zu verabreichen ist.<\/p>\n<h2 dir=\"ltr\">Warum Pentobarbital-Natrium zum Einnehmen kaufen?<\/h2>\n<p dir=\"ltr\">Pentobarbital-Natrium fl\u00fcssig wird wegen seiner schnellen und zuverl\u00e4ssigen Wirkung ausgew\u00e4hlt und bietet einen sanften \u00dcbergang f\u00fcr diejenigen, die sich f\u00fcr ein w\u00fcrdevolles Ende des Lebens entscheiden. Sein hoher Reinheitsgrad gew\u00e4hrleistet eine gleichbleibende Wirksamkeit, und die fl\u00fcssige Form erm\u00f6glicht eine pr\u00e4zise Dosierung, wodurch es einfacher zu verabreichen ist als andere Formen. Bei Euthanasia International legen wir gro\u00dfen Wert auf eine diskrete, sichere und schnelle Lieferung, damit Sie ein hochwertiges Produkt ohne Komplikationen erhalten.<\/p>\n<h2 dir=\"ltr\">Wie wird Pentobarbital-Natrium oral eingenommen?<\/h2>\n<p dir=\"ltr\">Um Pentobarbital-Natrium-Fl\u00fcssigkeit einzunehmen, befolgen Sie die genauen Anweisungen unseres Expertenteams von Euthanasia International. Die Fl\u00fcssigkeit wird normalerweise mit einer kleinen Menge Wasser oder Saft gemischt, um den bitteren Geschmack zu \u00fcberdecken. Die Dosierung h\u00e4ngt von Faktoren wie K\u00f6rpergewicht und Alter ab - in der Regel betr\u00e4gt die t\u00f6dliche Dosis f\u00fcr Erwachsene \u00fcber 50 kg etwa 30 Gramm. Lassen Sie sich immer von unseren Spezialisten beraten, um eine sichere und wirksame Anwendung zu gew\u00e4hrleisten.<\/p>\n<h2 dir=\"ltr\">Medizinische Verwendung von Pentobarbital Oral Liquid<\/h2>\n<p dir=\"ltr\">Pentobarbital-Natrium fl\u00fcssig wird medizinisch zur kurzfristigen Behandlung von Schlaflosigkeit, als Notfallma\u00dfnahme bei Krampfanf\u00e4llen und zur Sedierung vor chirurgischen Eingriffen verwendet. Im Rahmen der freiwilligen Sterbehilfe wird es f\u00fcr seine F\u00e4higkeit gesch\u00e4tzt, innerhalb von Minuten einen friedlichen und schmerzlosen Tod herbeizuf\u00fchren, wenn es in der richtigen t\u00f6dlichen Dosis verabreicht wird. Seine Vielseitigkeit und Zuverl\u00e4ssigkeit machen es zu einer vertrauensw\u00fcrdigen Option f\u00fcr die Betreuung am Lebensende.<\/p>\n<h2 dir=\"ltr\">Wie verwendet man Pentobarbital Oral Liquid?<\/h2>\n<p dir=\"ltr\">Bei der Anwendung von Pentobarbital-Natrium zum Einnehmen muss die Dosierung und Verabreichung sorgf\u00e4ltig beachtet werden. Die Fl\u00fcssigkeit sollte mit einer Spritze oder einem Tropfer genau abgemessen werden, um sicherzustellen, dass die richtige Menge verbraucht wird. Zu Euthanasiezwecken wird es in der Regel in einer einzigen Dosis eingenommen, gefolgt von einem ruhigen und erholsamen Einschlafen. Unser Team von Euthanasia International bietet Ihnen eine umfassende Beratung, um Sie durch den Prozess zu f\u00fchren und Sicherheit und W\u00fcrde zu gew\u00e4hrleisten.<\/p>\n<h2 dir=\"ltr\">Wo kann man Pentobarbital Oral Liquid sicher kaufen?<\/h2>\n<p dir=\"ltr\">Euthanasia International ist Ihre vertrauensw\u00fcrdige Quelle f\u00fcr den sicheren Kauf von Pentobarbital Natrium Oral Liquid. Als registriertes Mitglied k\u00f6nnen Sie auf unser hochreines Produkt ohne Rezept zugreifen und profitieren von unserem diskreten und schnellen Lieferservice in Deutschland, \u00d6sterreich und der Schweiz. Unser Expertenteam bietet Ihnen pers\u00f6nliche Unterst\u00fctzung und stellt sicher, dass Sie die beste Qualit\u00e4t an Medikamenten und Beratung erhalten. Kontaktieren Sie uns noch heute, um sich zu registrieren oder mehr \u00fcber unsere Dienstleistungen zu erfahren.<\/p>","protected":false},"excerpt":{"rendered":"<h1 dir=\"ltr\" data-pm-slice=\"1 1 []\"><a href=\"https:\/\/euthanitinl.org\/de\/product\/pentobarbital-natrium-flussig\/\">Pentobarbital-Natrium fl\u00fcssig 100ml<\/a><\/h1>\n<p dir=\"ltr\">Pentobarbital-Natrium fl\u00fcssig 100ml. Bei Euthanasia International bieten wir qualitativ hochwertiges Pentobarbital-Natrium 100ml f\u00fcr diejenigen, die eine mitf\u00fchlende und w\u00fcrdevolle L\u00f6sung f\u00fcr das Lebensende suchen<\/p>","protected":false},"featured_media":1780,"comment_status":"open","ping_status":"closed","template":"","meta":[],"product_brand":[],"product_cat":[24],"product_tag":[202,207,225,280,227,228,229,208,230,231,276,277,211,212,213,278,215,216,217,218,219,220,221,222,232,233,234,235,236,237,238,239,240,241,242,243,244,245,246,247,248,249,250,251,252,253,254,255,256,257,258,259,260,261,262,263,264,265,266,267,279,268,269,270,271,272,273,274,275],"class_list":{"0":"post-1779","1":"product","2":"type-product","3":"status-publish","4":"has-post-thumbnail","6":"product_cat-liquid","7":"product_tag-buy-nembutal-online","8":"product_tag-buy-nembutal-powder-online","9":"product_tag-buy-pentobarbital-sodium","10":"product_tag-buy-pentobarbital-sodium-2025","11":"product_tag-buy-pentobarbital-sodium-pentobarbital-sodium-salt","12":"product_tag-buy-sodium-pentobarbital-uk","13":"product_tag-can-i-buy-pentobarbital","14":"product_tag-can-i-order-nembutal-online","15":"product_tag-can-you-buy-pentobarbital-sodium-over-the-counter","16":"product_tag-can-you-buy-sodium-pentobarbital","17":"product_tag-how-can-i-order-nembutal-powder","18":"product_tag-how-can-i-take-nembutal","19":"product_tag-nembutal","20":"product_tag-nembutal-buy-australia","21":"product_tag-nembutal-buy-austria","22":"product_tag-nembutal-buy-online","23":"product_tag-nembutal-buy-uk","24":"product_tag-nembutal-powder","25":"product_tag-nembutal-powder-buy","26":"product_tag-nembutal-powder-dose","27":"product_tag-nembutal-powder-for-sale","28":"product_tag-nembutal-powder-overdose","29":"product_tag-nembutal-powder-supplier","30":"product_tag-order-nembutal-powder","31":"product_tag-pentobarbital","32":"product_tag-pentobarbital-de-sodium-dose-letale","33":"product_tag-pentobarbital-sodium-anesthesia","34":"product_tag-pentobarbital-sodium-buy","35":"product_tag-pentobarbital-sodium-china","36":"product_tag-pentobarbital-sodium-death","37":"product_tag-pentobarbital-sodium-dosage","38":"product_tag-pentobarbital-sodium-for-dogs","39":"product_tag-pentobarbital-sodium-for-humans","40":"product_tag-pentobarbital-sodium-group","41":"product_tag-pentobarbital-sodium-injection-for-dogs","42":"product_tag-pentobarbital-sodium-injection-for-humans","43":"product_tag-pentobarbital-sodium-injection-solution","44":"product_tag-pentobarbital-sodium-injection-usp","45":"product_tag-pentobarbital-sodium-liquid","46":"product_tag-pentobarbital-sodium-nz","47":"product_tag-pentobarbital-sodium-oral","48":"product_tag-pentobarbital-sodium-over-the-counter","49":"product_tag-pentobarbital-sodium-pills","50":"product_tag-pentobarbital-sodium-powder","51":"product_tag-pentobarbital-sodium-prescription","52":"product_tag-pentobarbital-sodium-price","53":"product_tag-pentobarbital-sodium-salt","54":"product_tag-pentobarbital-sodium-sleeping-pills","55":"product_tag-pentobarbital-sodium-sleeping-pills-over-the-counter","56":"product_tag-pentobarbital-sodium-tablets","57":"product_tag-pentobarbital-sodium-where-to-buy","58":"product_tag-pentobarbital-use","59":"product_tag-phenobarbital-sodium-intravenous","60":"product_tag-sodium","61":"product_tag-sodium-pentobarbital-nembutal","62":"product_tag-sodium-pentobarbital-cost","63":"product_tag-sodium-pentobarbital-for-animal-euthanasia","64":"product_tag-sodium-pentobarbital-for-euthanasia","65":"product_tag-sodium-pentobarbital-manufacturers","66":"product_tag-sodium-pentobarbital-shelf-life","67":"product_tag-where-can-i-buy-nembutal-powder-buy-nembutal-pentobarbital-sodium","68":"product_tag-where-can-i-buy-nembutal-sodium-pentobarbital","69":"product_tag-where-can-i-buy-pentobarbital-sodium","70":"product_tag-where-can-i-buy-pentobarbital-sodium-sleeping-pills","71":"product_tag-where-can-i-buy-sodium-pentobarbital","72":"product_tag-where-can-you-buy-pentobarbital-sodium","73":"product_tag-where-to-buy-pentobarbital-sodium","74":"product_tag-where-to-buy-pentobarbital-sodium-for-dogs","75":"product_tag-where-to-get-pentobarbital-sodium","77":"first","78":"instock","79":"shipping-taxable","80":"purchasable","81":"product-type-simple"},"_links":{"self":[{"href":"https:\/\/euthanitinl.org\/de\/wp-json\/wp\/v2\/product\/1779","targetHints":{"allow":["GET"]}}],"collection":[{"href":"https:\/\/euthanitinl.org\/de\/wp-json\/wp\/v2\/product"}],"about":[{"href":"https:\/\/euthanitinl.org\/de\/wp-json\/wp\/v2\/types\/product"}],"replies":[{"embeddable":true,"href":"https:\/\/euthanitinl.org\/de\/wp-json\/wp\/v2\/comments?post=1779"}],"wp:featuredmedia":[{"embeddable":true,"href":"https:\/\/euthanitinl.org\/de\/wp-json\/wp\/v2\/media\/1780"}],"wp:attachment":[{"href":"https:\/\/euthanitinl.org\/de\/wp-json\/wp\/v2\/media?parent=1779"}],"wp:term":[{"taxonomy":"product_brand","embeddable":true,"href":"https:\/\/euthanitinl.org\/de\/wp-json\/wp\/v2\/product_brand?post=1779"},{"taxonomy":"product_cat","embeddable":true,"href":"https:\/\/euthanitinl.org\/de\/wp-json\/wp\/v2\/product_cat?post=1779"},{"taxonomy":"product_tag","embeddable":true,"href":"https:\/\/euthanitinl.org\/de\/wp-json\/wp\/v2\/product_tag?post=1779"}],"curies":[{"name":"wp","href":"https:\/\/api.w.org\/{rel}","templated":true}]}}