{"id":1763,"date":"2025-10-18T03:11:31","date_gmt":"2025-10-18T03:11:31","guid":{"rendered":"https:\/\/euthanitinl.org\/?post_type=product&#038;p=1763"},"modified":"2026-01-05T11:13:05","modified_gmt":"2026-01-05T11:13:05","slug":"pentobarbital-pulver-kaufen","status":"publish","type":"product","link":"https:\/\/euthanitinl.org\/de\/product\/buy-pentobarbital-powder\/","title":{"rendered":"Pentobarbital-Pulver 100g kaufen"},"content":{"rendered":"<h1 dir=\"ltr\" data-pm-slice=\"1 1 []\">Pentobarbital-Pulver 100g kaufen<\/h1>\n<p dir=\"ltr\">Kaufen Sie Pentobarbital Powder 100g, ein Barbiturat in pharmazeutischer Qualit\u00e4t, und bewahren Sie es an einem k\u00fchlen, trockenen Ort auf, fern von direktem Sonnenlicht und Feuchtigkeit, um seine Wirksamkeit und Sicherheit zu erhalten. Bewahren Sie das Pulver in seinem originalen, luftdichten Beh\u00e4lter auf, idealerweise bei einer Temperatur zwischen 15-25\u00b0C (59-77\u00b0F), und lagern Sie es au\u00dferhalb der Reichweite von Kindern oder unbefugten Personen. F\u00fcr eine optimale Aufbewahrung sollten Sie extreme Temperaturen oder Feuchtigkeit vermeiden. Wenden Sie sich immer an Euthanasia International, wenn Sie spezielle Lagerungshinweise ben\u00f6tigen, um sicherzustellen, dass das Produkt f\u00fcr die vorgesehene Verwendung wirksam bleibt.<\/p>\n<h2 dir=\"ltr\">Bester Pentobarbital-Pulver-Shop online<\/h2>\n<p dir=\"ltr\">Euthanasia International ist Ihre erste Adresse, um Pentobarbital Powder 100g online zu kaufen. Als vertrauensw\u00fcrdige Non-Profit-Organisation bieten wir einen sicheren und vertraulichen Kaufprozess, der es registrierten Mitgliedern erm\u00f6glicht, dieses Produkt ohne Rezept zu erhalten. Wir empfehlen die Verwendung von MoneyGram f\u00fcr Zahlungen aufgrund seiner bew\u00e4hrten Zuverl\u00e4ssigkeit und Sicherheit und bieten eine reibungslosere Erfahrung im Vergleich zu Alternativen wie Western Union, die gelegentlich Einschr\u00e4nkungen haben k\u00f6nnen. Unser diskreter Versand stellt sicher, dass keine Rechnungen oder Lieferadressen f\u00fcr den Zoll sichtbar sind, was Privatsph\u00e4re und Seelenfrieden garantiert.<\/p>\n<h2 dir=\"ltr\">Vorteile von Pentobarbital-Pulver<\/h2>\n<p dir=\"ltr\">Buy Pentobarbital Powder 100g bietet eine mitf\u00fchlende und wirksame L\u00f6sung f\u00fcr alle, die ein w\u00fcrdiges Lebensende anstreben. Die wichtigsten Vorteile sind:<\/p>\n<ul class=\"tight\" dir=\"ltr\" data-tight=\"true\">\n<li>\n<p dir=\"ltr\"><strong>Sanfter \u00dcbergang<\/strong>: Erm\u00f6glicht ein ruhiges und schmerzloses Ende unter Wahrung der individuellen Autonomie.<\/p>\n<\/li>\n<li>\n<p dir=\"ltr\"><strong>H\u00f6chste Reinheit<\/strong>: Von namhaften Herstellern bezogen und auf 99,9%-Reinheit getestet, um Sicherheit und Zuverl\u00e4ssigkeit zu gew\u00e4hrleisten.<\/p>\n<\/li>\n<li>\n<p dir=\"ltr\"><strong>Vielseitiger Einsatz<\/strong>: Leicht aufl\u00f6sbar f\u00fcr die orale Verabreichung oder anpassbar f\u00fcr den professionellen medizinischen Einsatz.<\/p>\n<\/li>\n<li>\n<p dir=\"ltr\"><strong>Zug\u00e4ngliche Beschaffung<\/strong>: Erh\u00e4ltlich \u00fcber unser Mitgliedschaftsprogramm, das die Verschreibungsh\u00fcrden beseitigt.<\/p>\n<\/li>\n<li>\n<p dir=\"ltr\"><strong>Umfassende Unterst\u00fctzung<\/strong>: Gepaart mit fachkundiger Anleitung von Euthanasia International f\u00fcr einen respektvollen und informierten Prozess<a href=\"https:\/\/puregbl.com\/\" target=\"_blank\" rel=\"noopener\">.<\/a><\/p>\n<\/li>\n<\/ul>\n<h2 dir=\"ltr\">Beste orale Form von Pentobarbital<\/h2>\n<p dir=\"ltr\">Buy Pentobarbital Powder 100g ist die ideale orale Form f\u00fcr alle, die Wert auf einfache Anwendung und Flexibilit\u00e4t legen. Das Pulver kann in einer kleinen Menge Wasser oder Saft aufgel\u00f6st werden, was eine pr\u00e4zise Dosierung und bequeme Verabreichung erm\u00f6glicht. Im Gegensatz zu Tabletten erm\u00f6glicht die Pulverform ma\u00dfgeschneiderte Anpassungen an die individuellen Bed\u00fcrfnisse, was sie f\u00fcr viele zur bevorzugten Wahl macht. Euthanasia International stellt sicher, dass unser Pentobarbital-Pulver von h\u00f6chster Qualit\u00e4t ist und eine zuverl\u00e4ssige und sanfte Option f\u00fcr die Sterbebegleitung darstellt, wenn es unter professioneller Anleitung verabreicht wird.<\/p>\n<h2 dir=\"ltr\">Was sind die Nebenwirkungen von Nembutal?<\/h2>\n<p dir=\"ltr\">Bei bestimmungsgem\u00e4\u00dfem Gebrauch hat Pentobarbital-Pulver (Nembutal) in der Regel nur minimale Nebenwirkungen bei der Anwendung am Lebensende. M\u00f6gliche Wirkungen k\u00f6nnen leichte Schl\u00e4frigkeit, leichte \u00dcbelkeit oder vor\u00fcbergehende Verlangsamung der Atmung sein. Diese lassen sich im Allgemeinen mit der richtigen Dosierung gut in den Griff bekommen. Um die Sicherheit zu gew\u00e4hrleisten, ist eine pr\u00e4zise Verabreichung unerl\u00e4sslich, und wir empfehlen, unser Team f\u00fcr eine individuelle Beratung zu konsultieren. Euthanasia International bietet kontinuierliche Unterst\u00fctzung, um alle Bedenken auszur\u00e4umen und eine sichere und angenehme Erfahrung zu gew\u00e4hrleisten.<\/p>\n<h2 dir=\"ltr\">Schlussfolgerung<\/h2>\n<p dir=\"ltr\">Pentobarbital Powder 100g von Euthanasia International ist eine vertrauensw\u00fcrdige, hochreine L\u00f6sung f\u00fcr diejenigen, die eine friedliche und w\u00fcrdevolle Reise am Ende des Lebens suchen. Unterst\u00fctzt durch unsere gemeinn\u00fctzige Mission, die 2012 von Dr. Marc Van Hoey und einem Team von mitf\u00fchlenden \u00c4rzten gegr\u00fcndet wurde, bieten wir nicht nur ein Produkt, sondern eine unterst\u00fctzende Partnerschaft. Nehmen Sie an unserem Mitgliedschaftsprogramm teil, um Zugang zu diesem hochwertigen Pulver ohne Rezept zu erhalten, von einer diskreten Lieferung zu profitieren und bei jedem Schritt fachkundige Unterst\u00fctzung zu erhalten. W\u00e4hlen Sie Euthanasia International f\u00fcr eine mitf\u00fchlende und sichere Erfahrung<\/p>","protected":false},"excerpt":{"rendered":"<p>Kaufen Sie Pentobarbital Powder 100g, ein Barbiturat in pharmazeutischer Qualit\u00e4t, sollte an einem k\u00fchlen, trockenen Ort fern von direktem Sonnenlicht und Feuchtigkeit gelagert werden, um seine Wirksamkeit und Sicherheit zu erhalten<\/p>","protected":false},"featured_media":1764,"comment_status":"open","ping_status":"closed","template":"","meta":[],"product_brand":[],"product_cat":[23],"product_tag":[206,224,207,225,226,227,228,229,208,230,231,209,210,211,212,213,214,215,216,217,218,219,220,221,222,232,233,234,235,236,237,238,239,240,241,242,243,244,245,246,247,248,249,250,251,252,253,254,255,256,257,258,259,260,261,262,263,264,265,266,267,223,268,269,270,271,272,273,274,275],"class_list":{"0":"post-1763","1":"product","2":"type-product","3":"status-publish","4":"has-post-thumbnail","6":"product_cat-powder","7":"product_tag-buy-nembutal-pentobarbital-online","8":"product_tag-buy-nembutal-pentobarbital-sodium","9":"product_tag-buy-nembutal-powder-online","10":"product_tag-buy-pentobarbital-sodium","11":"product_tag-buy-pentobarbital-sodium-2021","12":"product_tag-buy-pentobarbital-sodium-pentobarbital-sodium-salt","13":"product_tag-buy-sodium-pentobarbital-uk","14":"product_tag-can-i-buy-pentobarbital","15":"product_tag-can-i-order-nembutal-online","16":"product_tag-can-you-buy-pentobarbital-sodium-over-the-counter","17":"product_tag-can-you-buy-sodium-pentobarbital","18":"product_tag-how-can-i-order-pentobarbital-powder","19":"product_tag-how-can-i-take-pentobarbital","20":"product_tag-nembutal","21":"product_tag-nembutal-buy-australia","22":"product_tag-nembutal-buy-austria","23":"product_tag-nembutal-buy-germany","24":"product_tag-nembutal-buy-uk","25":"product_tag-nembutal-powder","26":"product_tag-nembutal-powder-buy","27":"product_tag-nembutal-powder-dose","28":"product_tag-nembutal-powder-for-sale","29":"product_tag-nembutal-powder-overdose","30":"product_tag-nembutal-powder-supplier","31":"product_tag-order-nembutal-powder","32":"product_tag-pentobarbital","33":"product_tag-pentobarbital-de-sodium-dose-letale","34":"product_tag-pentobarbital-sodium-anesthesia","35":"product_tag-pentobarbital-sodium-buy","36":"product_tag-pentobarbital-sodium-china","37":"product_tag-pentobarbital-sodium-death","38":"product_tag-pentobarbital-sodium-dosage","39":"product_tag-pentobarbital-sodium-for-dogs","40":"product_tag-pentobarbital-sodium-for-humans","41":"product_tag-pentobarbital-sodium-group","42":"product_tag-pentobarbital-sodium-injection-for-dogs","43":"product_tag-pentobarbital-sodium-injection-for-humans","44":"product_tag-pentobarbital-sodium-injection-solution","45":"product_tag-pentobarbital-sodium-injection-usp","46":"product_tag-pentobarbital-sodium-liquid","47":"product_tag-pentobarbital-sodium-nz","48":"product_tag-pentobarbital-sodium-oral","49":"product_tag-pentobarbital-sodium-over-the-counter","50":"product_tag-pentobarbital-sodium-pills","51":"product_tag-pentobarbital-sodium-powder","52":"product_tag-pentobarbital-sodium-prescription","53":"product_tag-pentobarbital-sodium-price","54":"product_tag-pentobarbital-sodium-salt","55":"product_tag-pentobarbital-sodium-sleeping-pills","56":"product_tag-pentobarbital-sodium-sleeping-pills-over-the-counter","57":"product_tag-pentobarbital-sodium-tablets","58":"product_tag-pentobarbital-sodium-where-to-buy","59":"product_tag-pentobarbital-use","60":"product_tag-phenobarbital-sodium-intravenous","61":"product_tag-sodium","62":"product_tag-sodium-pentobarbital-nembutal","63":"product_tag-sodium-pentobarbital-cost","64":"product_tag-sodium-pentobarbital-for-animal-euthanasia","65":"product_tag-sodium-pentobarbital-for-euthanasia","66":"product_tag-sodium-pentobarbital-manufacturers","67":"product_tag-sodium-pentobarbital-shelf-life","68":"product_tag-where-can-i-buy-nembutal-powder","69":"product_tag-where-can-i-buy-nembutal-sodium-pentobarbital","70":"product_tag-where-can-i-buy-pentobarbital-sodium","71":"product_tag-where-can-i-buy-pentobarbital-sodium-sleeping-pills","72":"product_tag-where-can-i-buy-sodium-pentobarbital","73":"product_tag-where-can-you-buy-pentobarbital-sodium","74":"product_tag-where-to-buy-pentobarbital-sodium","75":"product_tag-where-to-buy-pentobarbital-sodium-for-dogs","76":"product_tag-where-to-get-pentobarbital-sodium","78":"first","79":"instock","80":"shipping-taxable","81":"purchasable","82":"product-type-simple"},"_links":{"self":[{"href":"https:\/\/euthanitinl.org\/de\/wp-json\/wp\/v2\/product\/1763","targetHints":{"allow":["GET"]}}],"collection":[{"href":"https:\/\/euthanitinl.org\/de\/wp-json\/wp\/v2\/product"}],"about":[{"href":"https:\/\/euthanitinl.org\/de\/wp-json\/wp\/v2\/types\/product"}],"replies":[{"embeddable":true,"href":"https:\/\/euthanitinl.org\/de\/wp-json\/wp\/v2\/comments?post=1763"}],"wp:featuredmedia":[{"embeddable":true,"href":"https:\/\/euthanitinl.org\/de\/wp-json\/wp\/v2\/media\/1764"}],"wp:attachment":[{"href":"https:\/\/euthanitinl.org\/de\/wp-json\/wp\/v2\/media?parent=1763"}],"wp:term":[{"taxonomy":"product_brand","embeddable":true,"href":"https:\/\/euthanitinl.org\/de\/wp-json\/wp\/v2\/product_brand?post=1763"},{"taxonomy":"product_cat","embeddable":true,"href":"https:\/\/euthanitinl.org\/de\/wp-json\/wp\/v2\/product_cat?post=1763"},{"taxonomy":"product_tag","embeddable":true,"href":"https:\/\/euthanitinl.org\/de\/wp-json\/wp\/v2\/product_tag?post=1763"}],"curies":[{"name":"wp","href":"https:\/\/api.w.org\/{rel}","templated":true}]}}