{"id":1761,"date":"2025-10-18T03:00:19","date_gmt":"2025-10-18T03:00:19","guid":{"rendered":"https:\/\/euthanitinl.org\/?post_type=product&#038;p=1761"},"modified":"2026-01-05T11:12:42","modified_gmt":"2026-01-05T11:12:42","slug":"nembutal-pulver-50gr-kaufen","status":"publish","type":"product","link":"https:\/\/euthanitinl.org\/de\/product\/buy-nembutal-powder-50gr\/","title":{"rendered":"Kaufen Nembutal Pulver 50gr"},"content":{"rendered":"<h2 dir=\"ltr\" data-pm-slice=\"1 1 []\"><a href=\"https:\/\/euthanitinl.org\/de\/product\/nembutal-pulver-50gr-kaufen\/\">Kaufen Nembutal Pulver 50gr<\/a><\/h2>\n<p dir=\"ltr\">Buy Nembutal Powder 50gr, ein Pentobarbital-Natrium in pharmazeutischer Qualit\u00e4t, wird in der Regel durch Aufl\u00f6sen des Pulvers in einer Fl\u00fcssigkeit zur oralen Einnahme verabreicht und stellt eine sanfte und wirksame L\u00f6sung f\u00fcr die Versorgung am Lebensende dar. In bestimmten F\u00e4llen kann es unter fachlicher Aufsicht auch f\u00fcr die intraven\u00f6se Verabreichung vorbereitet werden. Die Menge von 50 g ist f\u00fcr eine pr\u00e4zise Dosierung ausgelegt und eignet sich in der Regel f\u00fcr Personen mit einem Gewicht von \u00fcber 50 kg oder einem Alter von \u00fcber 40 Jahren, wobei h\u00e4ufig 30 g als Standarddosis empfohlen werden. Um eine sichere und genaue Verabreichung zu gew\u00e4hrleisten, empfehlen wir dringend, das Expertenteam von Euthanasia International zu konsultieren, um eine individuelle, auf Ihre Bed\u00fcrfnisse zugeschnittene Dosierungsanleitung zu erhalten.<\/p>\n<h2 dir=\"ltr\">Bester Nembutal-Pulver Shop Online<\/h2>\n<p dir=\"ltr\">Euthanasia International ist die f\u00fchrende Online-Quelle f\u00fcr Nembutal Powder 50g und bietet eine sichere, diskrete und zuverl\u00e4ssige Kauferfahrung. Als registriertes Mitglied k\u00f6nnen Sie auf dieses Produkt ohne Rezept zugreifen, unterst\u00fctzt durch unsere professionelle Beratung und vertraulichen Lieferprozess. Wir empfehlen, MoneyGram f\u00fcr Zahlungen zu verwenden, da es im Vergleich zu Alternativen wie Western Union, bei denen es gelegentlich zu Einschr\u00e4nkungen kommen kann, eine h\u00f6here Zuverl\u00e4ssigkeit und Sicherheit bietet. Unser Shop sorgt f\u00fcr eine diskrete Verpackung und verbirgt Rechnungen und Lieferadressen vor Zollbeamten, um eine reibungslose und private Transaktion zu gew\u00e4hrleisten.<\/p>\n<h2 dir=\"ltr\">Warum ist Euthanasie International die richtige Wahl?<\/h2>\n<p dir=\"ltr\">Euthanasia International wurde 2012 von Dr. Marc Van Hoey und einem Team von mitf\u00fchlenden \u00c4rzten gegr\u00fcndet und ist eine gemeinn\u00fctzige Organisation, die sich f\u00fcr eine w\u00fcrdevolle Entscheidung am Lebensende einsetzt. Unser Fokus auf Empathie, ethische Praktiken und Mitgliederunterst\u00fctzung unterscheidet uns von kommerziellen Anbietern. Wir bieten hochreines Nembutal-Pulver an, das von seri\u00f6sen Herstellern bezogen und streng auf 99,9% Reinheit gepr\u00fcft wird. Mit rezeptfreiem Zugang, umfassender Beratung und sicherer Lieferung ist Euthanasia International der vertrauensw\u00fcrdige Partner f\u00fcr alle, die einen respektvollen und friedlichen \u00dcbergang suchen.<\/p>\n<h2 dir=\"ltr\">Vorteile von Buy Nembutal Powder 50gr<\/h2>\n<p dir=\"ltr\">Nembutal Powder 50g bietet eine mitf\u00fchlende und wirksame L\u00f6sung f\u00fcr Menschen, die ein w\u00fcrdevolles Lebensende anstreben. Die wichtigsten Vorteile sind:<\/p>\n<ul class=\"tight\" dir=\"ltr\" data-tight=\"true\">\n<li>\n<p dir=\"ltr\"><strong>Gelassen und schmerzfrei<\/strong>: Erm\u00f6glicht einen ruhigen und sanften \u00dcbergang unter Wahrung der pers\u00f6nlichen Autonomie.<\/p>\n<\/li>\n<li>\n<p dir=\"ltr\"><strong>Au\u00dfergew\u00f6hnliche Reinheit<\/strong>: Bezogen von vertrauensw\u00fcrdigen Herstellern mit strenger Qualit\u00e4tskontrolle f\u00fcr Sicherheit und Konsistenz.<\/p>\n<\/li>\n<li>\n<p dir=\"ltr\"><strong>Flexible Verwaltung<\/strong>: Leicht aufl\u00f6sbar f\u00fcr die orale Anwendung oder geeignet f\u00fcr die professionelle intraven\u00f6se Anwendung.<\/p>\n<\/li>\n<li>\n<p dir=\"ltr\"><strong>Rezeptfreier Zugang<\/strong>: Erh\u00e4ltlich \u00fcber das Mitgliedschaftsprogramm von Euthanasia International, das die Beschaffung vereinfacht.<\/p>\n<\/li>\n<li>\n<p dir=\"ltr\"><strong>Unterst\u00fctzung durch Experten<\/strong>: Unterst\u00fctzt durch professionelle Beratung, um einen informierten und einf\u00fchlsamen Prozess zu gew\u00e4hrleisten.<\/p>\n<\/li>\n<\/ul>\n<h2 dir=\"ltr\">Was sind die Nebenwirkungen von Nembutal?<\/h2>\n<p dir=\"ltr\">Bei ordnungsgem\u00e4\u00dfer Verabreichung hat Nembutal-Pulver nur minimale Nebenwirkungen, die leichte Schl\u00e4frigkeit, \u00dcbelkeit oder leichte Ver\u00e4nderungen der Atmung umfassen k\u00f6nnen. Diese Wirkungen sind aufgrund der kontrollierten Anwendung in der Sterbebegleitung im Allgemeinen begrenzt. Eine genaue Dosierung ist entscheidend, um die Risiken zu minimieren, und wir empfehlen dringend, unser Team f\u00fcr eine pers\u00f6nliche Beratung zu konsultieren. Euthanasia International bietet kontinuierliche Unterst\u00fctzung, um alle Bedenken zu zerstreuen und eine sichere und angenehme Erfahrung zu gew\u00e4hrleisten. Nembutal Pulver 50gr kaufen<\/p>\n<h2 dir=\"ltr\">Schlussfolgerung<\/h2>\n<p dir=\"ltr\">Nembutal Powder 50g von Euthanasia International ist eine vertrauensw\u00fcrdige, qualitativ hochwertige L\u00f6sung f\u00fcr alle, die ein w\u00fcrdevolles und friedliches Ende ihres Lebens anstreben. Mit unserem Engagement f\u00fcr Reinheit, Sicherheit und einf\u00fchlsame Betreuung bieten wir mehr als ein Produkt - eine unterst\u00fctzende Partnerschaft, die auf Empathie und Fachwissen beruht. Nehmen Sie an unserem Mitgliedschaftsprogramm teil, um Nembutal ohne Rezept zu erhalten, von einer diskreten Lieferung zu profitieren und bei jedem Schritt professionelle Unterst\u00fctzung zu erhalten. W\u00e4hlen Sie Euthanasia International f\u00fcr einen sicheren und respektvollen Weg.<\/p>","protected":false},"excerpt":{"rendered":"<h2 dir=\"ltr\" data-pm-slice=\"1 1 []\"><a href=\"https:\/\/euthanitinl.org\/de\/product\/nembutal-pulver-50gr-kaufen\/\">Kaufen Nembutal Pulver 50gr<\/a><\/h2>\n<p dir=\"ltr\">Buy Nembutal Powder 50gr, ein Pentobarbital-Natrium in pharmazeutischer Qualit\u00e4t, wird normalerweise durch Aufl\u00f6sen des Pulvers in einer Fl\u00fcssigkeit zum oralen Verzehr verabreicht<\/p>","protected":false},"featured_media":1762,"comment_status":"open","ping_status":"closed","template":"","meta":[],"product_brand":[],"product_cat":[23],"product_tag":[206,224,207,225,226,227,228,229,208,230,231,209,210,211,212,213,214,215,216,217,218,219,220,221,222,232,233,234,235,236,237,238,239,240,241,242,243,244,245,246,247,248,249,250,251,252,253,254,255,256,257,258,259,260,261,262,263,264,265,266,267,223,268,269,270,271,272,273,274,275],"class_list":{"0":"post-1761","1":"product","2":"type-product","3":"status-publish","4":"has-post-thumbnail","6":"product_cat-powder","7":"product_tag-buy-nembutal-pentobarbital-online","8":"product_tag-buy-nembutal-pentobarbital-sodium","9":"product_tag-buy-nembutal-powder-online","10":"product_tag-buy-pentobarbital-sodium","11":"product_tag-buy-pentobarbital-sodium-2021","12":"product_tag-buy-pentobarbital-sodium-pentobarbital-sodium-salt","13":"product_tag-buy-sodium-pentobarbital-uk","14":"product_tag-can-i-buy-pentobarbital","15":"product_tag-can-i-order-nembutal-online","16":"product_tag-can-you-buy-pentobarbital-sodium-over-the-counter","17":"product_tag-can-you-buy-sodium-pentobarbital","18":"product_tag-how-can-i-order-pentobarbital-powder","19":"product_tag-how-can-i-take-pentobarbital","20":"product_tag-nembutal","21":"product_tag-nembutal-buy-australia","22":"product_tag-nembutal-buy-austria","23":"product_tag-nembutal-buy-germany","24":"product_tag-nembutal-buy-uk","25":"product_tag-nembutal-powder","26":"product_tag-nembutal-powder-buy","27":"product_tag-nembutal-powder-dose","28":"product_tag-nembutal-powder-for-sale","29":"product_tag-nembutal-powder-overdose","30":"product_tag-nembutal-powder-supplier","31":"product_tag-order-nembutal-powder","32":"product_tag-pentobarbital","33":"product_tag-pentobarbital-de-sodium-dose-letale","34":"product_tag-pentobarbital-sodium-anesthesia","35":"product_tag-pentobarbital-sodium-buy","36":"product_tag-pentobarbital-sodium-china","37":"product_tag-pentobarbital-sodium-death","38":"product_tag-pentobarbital-sodium-dosage","39":"product_tag-pentobarbital-sodium-for-dogs","40":"product_tag-pentobarbital-sodium-for-humans","41":"product_tag-pentobarbital-sodium-group","42":"product_tag-pentobarbital-sodium-injection-for-dogs","43":"product_tag-pentobarbital-sodium-injection-for-humans","44":"product_tag-pentobarbital-sodium-injection-solution","45":"product_tag-pentobarbital-sodium-injection-usp","46":"product_tag-pentobarbital-sodium-liquid","47":"product_tag-pentobarbital-sodium-nz","48":"product_tag-pentobarbital-sodium-oral","49":"product_tag-pentobarbital-sodium-over-the-counter","50":"product_tag-pentobarbital-sodium-pills","51":"product_tag-pentobarbital-sodium-powder","52":"product_tag-pentobarbital-sodium-prescription","53":"product_tag-pentobarbital-sodium-price","54":"product_tag-pentobarbital-sodium-salt","55":"product_tag-pentobarbital-sodium-sleeping-pills","56":"product_tag-pentobarbital-sodium-sleeping-pills-over-the-counter","57":"product_tag-pentobarbital-sodium-tablets","58":"product_tag-pentobarbital-sodium-where-to-buy","59":"product_tag-pentobarbital-use","60":"product_tag-phenobarbital-sodium-intravenous","61":"product_tag-sodium","62":"product_tag-sodium-pentobarbital-nembutal","63":"product_tag-sodium-pentobarbital-cost","64":"product_tag-sodium-pentobarbital-for-animal-euthanasia","65":"product_tag-sodium-pentobarbital-for-euthanasia","66":"product_tag-sodium-pentobarbital-manufacturers","67":"product_tag-sodium-pentobarbital-shelf-life","68":"product_tag-where-can-i-buy-nembutal-powder","69":"product_tag-where-can-i-buy-nembutal-sodium-pentobarbital","70":"product_tag-where-can-i-buy-pentobarbital-sodium","71":"product_tag-where-can-i-buy-pentobarbital-sodium-sleeping-pills","72":"product_tag-where-can-i-buy-sodium-pentobarbital","73":"product_tag-where-can-you-buy-pentobarbital-sodium","74":"product_tag-where-to-buy-pentobarbital-sodium","75":"product_tag-where-to-buy-pentobarbital-sodium-for-dogs","76":"product_tag-where-to-get-pentobarbital-sodium","78":"first","79":"instock","80":"shipping-taxable","81":"purchasable","82":"product-type-simple"},"_links":{"self":[{"href":"https:\/\/euthanitinl.org\/de\/wp-json\/wp\/v2\/product\/1761","targetHints":{"allow":["GET"]}}],"collection":[{"href":"https:\/\/euthanitinl.org\/de\/wp-json\/wp\/v2\/product"}],"about":[{"href":"https:\/\/euthanitinl.org\/de\/wp-json\/wp\/v2\/types\/product"}],"replies":[{"embeddable":true,"href":"https:\/\/euthanitinl.org\/de\/wp-json\/wp\/v2\/comments?post=1761"}],"wp:featuredmedia":[{"embeddable":true,"href":"https:\/\/euthanitinl.org\/de\/wp-json\/wp\/v2\/media\/1762"}],"wp:attachment":[{"href":"https:\/\/euthanitinl.org\/de\/wp-json\/wp\/v2\/media?parent=1761"}],"wp:term":[{"taxonomy":"product_brand","embeddable":true,"href":"https:\/\/euthanitinl.org\/de\/wp-json\/wp\/v2\/product_brand?post=1761"},{"taxonomy":"product_cat","embeddable":true,"href":"https:\/\/euthanitinl.org\/de\/wp-json\/wp\/v2\/product_cat?post=1761"},{"taxonomy":"product_tag","embeddable":true,"href":"https:\/\/euthanitinl.org\/de\/wp-json\/wp\/v2\/product_tag?post=1761"}],"curies":[{"name":"wp","href":"https:\/\/api.w.org\/{rel}","templated":true}]}}