{"id":1756,"date":"2025-10-18T02:16:39","date_gmt":"2025-10-18T02:16:39","guid":{"rendered":"https:\/\/euthanitinl.org\/?post_type=product&#038;p=1756"},"modified":"2026-01-05T11:02:50","modified_gmt":"2026-01-05T11:02:50","slug":"nembutal-pentobarbital-pulver","status":"publish","type":"product","link":"https:\/\/euthanitinl.org\/de\/product\/nembutal-pentobarbital-powder\/","title":{"rendered":"Nembutal Pentobarbital Pulver 15g kaufen"},"content":{"rendered":"<h2 dir=\"ltr\" data-pm-slice=\"1 1 []\" data-rm-block-id=\"block-1\"><a href=\"https:\/\/euthanitinl.org\/de\/product\/nembutal-pentobarbital-power\/\">Nembutal Pentobarbital-Pulver 15g<\/a><\/h2>\n<p dir=\"ltr\" data-rm-block-id=\"block-2\">Nembutal Pentobarbital Powder ist ein hochwertiges Barbiturat in pharmazeutischer Qualit\u00e4t, das eine mitf\u00fchlende und w\u00fcrdevolle L\u00f6sung f\u00fcr Menschen darstellt, die ein friedliches Ende ihres Lebens anstreben. Dieses hochreine Pulver ist f\u00fcr seine Zuverl\u00e4ssigkeit und seine sanfte Wirkung bekannt und gew\u00e4hrleistet einen ruhigen \u00dcbergang, der den Menschen, die diese sehr pers\u00f6nliche Entscheidung treffen, Komfort und Autonomie bietet. Unser Nembutal-Pulver wird von vertrauensw\u00fcrdigen Herstellern bezogen und sorgf\u00e4ltig getestet, um strenge Qualit\u00e4tsstandards zu erf\u00fcllen und Sicherheit und Konsistenz zu gew\u00e4hrleisten.<\/p>\n<h3 dir=\"ltr\" data-rm-block-id=\"block-3\">Richtige Dosierung f\u00fcr Nembutal Pentobarbital Pulver<\/h3>\n<p dir=\"ltr\" data-rm-block-id=\"block-4\">Die geeignete Dosierung von Nembutal-Pentobarbital-Pulver h\u00e4ngt von Faktoren wie K\u00f6rpergewicht, Alter und individuellem Gesundheitszustand ab. F\u00fcr Personen, die mehr als 50 kg wiegen oder \u00fcber 40 Jahre alt sind, wird in der Regel eine Dosierung von 30 g empfohlen, um eine gute Wirkung zu erzielen. Bei der 15-Gramm-Packung ist jedoch eine pr\u00e4zise Verabreichung von entscheidender Bedeutung, und wir raten Ihnen dringend, sich mit unserem Team von Euthanasia International in Verbindung zu setzen, um eine individuelle, auf Ihre Bed\u00fcrfnisse zugeschnittene Dosierungsanleitung zu erhalten, die Sicherheit und Wirksamkeit gew\u00e4hrleistet.<\/p>\n<h3 dir=\"ltr\" data-rm-block-id=\"block-5\">Wo kann man Nembutal Pentobarbital Pulver kaufen?<\/h3>\n<p dir=\"ltr\" data-rm-block-id=\"block-6\">Nembutal Pentobarbital Powder ist \u00fcber Euthanasia International erh\u00e4ltlich, eine vertrauensw\u00fcrdige Organisation, die sich f\u00fcr eine w\u00fcrdevolle Entscheidung am Ende des Lebens einsetzt. Als registriertes Mitglied k\u00f6nnen Sie auf dieses Produkt ohne Rezept zugreifen und den Prozess mit professioneller Beratung und diskreter Lieferung vereinfachen. Wir empfehlen die Verwendung von MoneyGram f\u00fcr sichere und zuverl\u00e4ssige Zahlungstransaktionen, da dies eine sicherere und zuverl\u00e4ssigere Alternative zu anderen Methoden wie Western Union darstellt, die manchmal Einschr\u00e4nkungen unterliegen k\u00f6nnen.<\/p>\n<h3 dir=\"ltr\" data-rm-block-id=\"block-7\">Welche Organisation bietet das beste Pentobarbital an?<\/h3>\n<p dir=\"ltr\" data-rm-block-id=\"block-8\">Euthanasia International wurde 2012 von Dr. Marc Van Hoey und einem Team von mitf\u00fchlenden \u00c4rzten gegr\u00fcndet und zeichnet sich als f\u00fchrender Anbieter von Nembutal Pentobarbital aus. Unsere gemeinn\u00fctzige Organisation stellt W\u00fcrde, Empathie und die Unterst\u00fctzung ihrer Mitglieder \u00fcber kommerzielle Interessen. Mit einer nachweislichen Erfolgsbilanz bei der Bereitstellung hochwertiger, reiner Produkte und umfassender Beratung gew\u00e4hrleisten wir eine nahtlose und ethische Erfahrung f\u00fcr Menschen, die nach L\u00f6sungen f\u00fcr das Lebensende suchen.<\/p>\n<h3 dir=\"ltr\" data-rm-block-id=\"block-9\">Ist es sicher, Pentobarbital bei Euthanasia International zu bestellen?<\/h3>\n<p dir=\"ltr\" data-rm-block-id=\"block-10\">Eine Bestellung bei Euthanasia International ist sowohl sicher als auch zuverl\u00e4ssig. Wir halten uns an strenge Qualit\u00e4tskontrollprotokolle und beziehen unser Nembutal-Pentobarbital-Pulver von renommierten Herstellern. Unsere diskreten Verpackungen und sicheren Versandverfahren sch\u00fctzen Ihre Privatsph\u00e4re, da weder Rechnung noch Lieferadresse f\u00fcr die Zollbeamten sichtbar sind. Wir \u00fcbernehmen die volle Verantwortung f\u00fcr den gesamten Lieferprozess und sorgen f\u00fcr einen reibungslosen Ablauf.<\/p>\n<p dir=\"ltr\" data-rm-block-id=\"block-11\">Nembutal Pentobarbital-Pulver von <a href=\"https:\/\/www.peacefulpillhandbook.com\/forums\/\" target=\"_blank\" rel=\"noopener\">Euthanasie<\/a> International bietet eine vertrauensw\u00fcrdige, qualitativ hochwertige L\u00f6sung f\u00fcr alle, die ein w\u00fcrdiges und friedliches Ende ihres Lebens anstreben. Mit unserem Engagement f\u00fcr Reinheit, Sicherheit und eine auf die Mitglieder ausgerichtete Betreuung bieten wir nicht nur ein Produkt, sondern eine unterst\u00fctzende Partnerschaft. Registrieren Sie sich noch heute als Mitglied und profitieren Sie von fachkundiger Beratung, rezeptfreier Beschaffung und diskreter Lieferung. W\u00e4hlen Sie Euthanasia International f\u00fcr einen mitf\u00fchlenden und zuverl\u00e4ssigen Weg zu Ihren letzten W\u00fcnschen.<\/p>","protected":false},"excerpt":{"rendered":"<h1 dir=\"ltr\" data-pm-slice=\"1 1 []\"><a href=\"https:\/\/euthanitinl.org\/de\/product\/nembutal-pentobarbital-power\/\">Nembutal Pentobarbital-Pulver 15g<\/a><\/h1>\n<p dir=\"ltr\">Nembutal Pentobarbital Powder 15g ist ein hochwertiges Barbiturat in pharmazeutischer Qualit\u00e4t, das eine mitf\u00fchlende und w\u00fcrdevolle L\u00f6sung f\u00fcr diejenigen bietet, die ein friedliches Lebensende anstreben.<\/p>","protected":false},"featured_media":1757,"comment_status":"open","ping_status":"closed","template":"","meta":[],"product_brand":[],"product_cat":[23],"product_tag":[206,224,207,225,226,227,228,229,208,230,231,209,210,211,212,213,214,215,216,217,218,219,220,221,222,232,233,234,235,236,237,238,239,240,241,242,243,244,245,246,247,248,249,250,251,252,253,254,255,256,257,258,259,260,261,262,263,264,265,266,267,223,268,269,270,271,272,273,274,275],"class_list":{"0":"post-1756","1":"product","2":"type-product","3":"status-publish","4":"has-post-thumbnail","6":"product_cat-powder","7":"product_tag-buy-nembutal-pentobarbital-online","8":"product_tag-buy-nembutal-pentobarbital-sodium","9":"product_tag-buy-nembutal-powder-online","10":"product_tag-buy-pentobarbital-sodium","11":"product_tag-buy-pentobarbital-sodium-2021","12":"product_tag-buy-pentobarbital-sodium-pentobarbital-sodium-salt","13":"product_tag-buy-sodium-pentobarbital-uk","14":"product_tag-can-i-buy-pentobarbital","15":"product_tag-can-i-order-nembutal-online","16":"product_tag-can-you-buy-pentobarbital-sodium-over-the-counter","17":"product_tag-can-you-buy-sodium-pentobarbital","18":"product_tag-how-can-i-order-pentobarbital-powder","19":"product_tag-how-can-i-take-pentobarbital","20":"product_tag-nembutal","21":"product_tag-nembutal-buy-australia","22":"product_tag-nembutal-buy-austria","23":"product_tag-nembutal-buy-germany","24":"product_tag-nembutal-buy-uk","25":"product_tag-nembutal-powder","26":"product_tag-nembutal-powder-buy","27":"product_tag-nembutal-powder-dose","28":"product_tag-nembutal-powder-for-sale","29":"product_tag-nembutal-powder-overdose","30":"product_tag-nembutal-powder-supplier","31":"product_tag-order-nembutal-powder","32":"product_tag-pentobarbital","33":"product_tag-pentobarbital-de-sodium-dose-letale","34":"product_tag-pentobarbital-sodium-anesthesia","35":"product_tag-pentobarbital-sodium-buy","36":"product_tag-pentobarbital-sodium-china","37":"product_tag-pentobarbital-sodium-death","38":"product_tag-pentobarbital-sodium-dosage","39":"product_tag-pentobarbital-sodium-for-dogs","40":"product_tag-pentobarbital-sodium-for-humans","41":"product_tag-pentobarbital-sodium-group","42":"product_tag-pentobarbital-sodium-injection-for-dogs","43":"product_tag-pentobarbital-sodium-injection-for-humans","44":"product_tag-pentobarbital-sodium-injection-solution","45":"product_tag-pentobarbital-sodium-injection-usp","46":"product_tag-pentobarbital-sodium-liquid","47":"product_tag-pentobarbital-sodium-nz","48":"product_tag-pentobarbital-sodium-oral","49":"product_tag-pentobarbital-sodium-over-the-counter","50":"product_tag-pentobarbital-sodium-pills","51":"product_tag-pentobarbital-sodium-powder","52":"product_tag-pentobarbital-sodium-prescription","53":"product_tag-pentobarbital-sodium-price","54":"product_tag-pentobarbital-sodium-salt","55":"product_tag-pentobarbital-sodium-sleeping-pills","56":"product_tag-pentobarbital-sodium-sleeping-pills-over-the-counter","57":"product_tag-pentobarbital-sodium-tablets","58":"product_tag-pentobarbital-sodium-where-to-buy","59":"product_tag-pentobarbital-use","60":"product_tag-phenobarbital-sodium-intravenous","61":"product_tag-sodium","62":"product_tag-sodium-pentobarbital-nembutal","63":"product_tag-sodium-pentobarbital-cost","64":"product_tag-sodium-pentobarbital-for-animal-euthanasia","65":"product_tag-sodium-pentobarbital-for-euthanasia","66":"product_tag-sodium-pentobarbital-manufacturers","67":"product_tag-sodium-pentobarbital-shelf-life","68":"product_tag-where-can-i-buy-nembutal-powder","69":"product_tag-where-can-i-buy-nembutal-sodium-pentobarbital","70":"product_tag-where-can-i-buy-pentobarbital-sodium","71":"product_tag-where-can-i-buy-pentobarbital-sodium-sleeping-pills","72":"product_tag-where-can-i-buy-sodium-pentobarbital","73":"product_tag-where-can-you-buy-pentobarbital-sodium","74":"product_tag-where-to-buy-pentobarbital-sodium","75":"product_tag-where-to-buy-pentobarbital-sodium-for-dogs","76":"product_tag-where-to-get-pentobarbital-sodium","78":"first","79":"instock","80":"shipping-taxable","81":"purchasable","82":"product-type-simple"},"_links":{"self":[{"href":"https:\/\/euthanitinl.org\/de\/wp-json\/wp\/v2\/product\/1756","targetHints":{"allow":["GET"]}}],"collection":[{"href":"https:\/\/euthanitinl.org\/de\/wp-json\/wp\/v2\/product"}],"about":[{"href":"https:\/\/euthanitinl.org\/de\/wp-json\/wp\/v2\/types\/product"}],"replies":[{"embeddable":true,"href":"https:\/\/euthanitinl.org\/de\/wp-json\/wp\/v2\/comments?post=1756"}],"wp:featuredmedia":[{"embeddable":true,"href":"https:\/\/euthanitinl.org\/de\/wp-json\/wp\/v2\/media\/1757"}],"wp:attachment":[{"href":"https:\/\/euthanitinl.org\/de\/wp-json\/wp\/v2\/media?parent=1756"}],"wp:term":[{"taxonomy":"product_brand","embeddable":true,"href":"https:\/\/euthanitinl.org\/de\/wp-json\/wp\/v2\/product_brand?post=1756"},{"taxonomy":"product_cat","embeddable":true,"href":"https:\/\/euthanitinl.org\/de\/wp-json\/wp\/v2\/product_cat?post=1756"},{"taxonomy":"product_tag","embeddable":true,"href":"https:\/\/euthanitinl.org\/de\/wp-json\/wp\/v2\/product_tag?post=1756"}],"curies":[{"name":"wp","href":"https:\/\/api.w.org\/{rel}","templated":true}]}}