{"id":3,"date":"2024-12-11T07:57:58","date_gmt":"2024-12-11T07:57:58","guid":{"rendered":"https:\/\/euthanitinl.org\/?page_id=3"},"modified":"2025-10-20T08:13:03","modified_gmt":"2025-10-20T08:13:03","slug":"versand","status":"publish","type":"page","link":"https:\/\/euthanitinl.org\/de\/shipping\/","title":{"rendered":"Versand und R\u00fcckgabe"},"content":{"rendered":"<div class=\"wpb_text_column wpb_content_element\">\r\n<div class=\"wpb_wrapper\">\r\n<h3 class=\"wp-block-heading\" data-rm-block-id=\"block-1\"><strong>SCHIFFFAHRTSPOLITIK<\/strong><\/h3>\r\n<p data-rm-block-id=\"block-2\">Versand und R\u00fccksendung innerhalb Europas: Dienstleistungen. Alle Bestellungen werden \u00fcber einen zuverl\u00e4ssigen Kurierdienst verschickt. 30 EUR f\u00fcr eine 3-t\u00e4gige Lieferung und 50 EUR f\u00fcr eine Lieferung \u00fcber Nacht. Bestellungen werden innerhalb von 1 Werktag nach Bestellung versandt.<\/p>\r\n<p data-rm-block-id=\"block-3\">Versand und R\u00fcckgabe International: Alle Bestellungen werden \u00fcber einen zuverl\u00e4ssigen Kurierdienst verschickt. 50 EUR f\u00fcr 5 Tage Lieferung und 65 EUR f\u00fcr 3 Tage Lieferung. Die Bestellungen werden innerhalb von zwei Werktagen nach der Bestellung versandt. Luftpost wird in alle L\u00e4nder geliefert.<\/p>\r\n<\/div>\r\n<\/div>\r\n<div class=\"wpb_text_column wpb_content_element\">\r\n<div class=\"wpb_wrapper\">\r\n<h3 data-rm-block-id=\"block-4\">\u00a0<\/h3>\r\n<h3 data-rm-block-id=\"block-5\"><strong>R\u00dcCKGABE-POLITIK<\/strong><\/h3>\r\n<p data-rm-block-id=\"block-6\">Alle Kosten f\u00fcr R\u00fccksendungen gehen zu Lasten des Kunden. Diese werden zur\u00fcckerstattet, wenn sich die Produkte als fehlerhaft erweisen und innerhalb der angegebenen Frist zur\u00fcckgeschickt werden. Wir bitten Sie, alle Lieferungen auf Anzeichen von Besch\u00e4digungen zu \u00fcberpr\u00fcfen, bevor Sie sie unterschreiben. Wenn Sie erkennen k\u00f6nnen, dass die Ware besch\u00e4digt ist, unterschreiben Sie nicht und kontaktieren Sie uns sofort. Wir veranlassen dann die erneute Versendung Ihrer Bestellung. Wenn Sie feststellen, dass die Ware fehlerhaft ist, nachdem Sie sie entgegengenommen haben, benachrichtigen Sie uns bitte innerhalb von 14 Tagen nach Erhalt der Ware per E-Mail oder Telefon. Dabei m\u00fcssen Sie Ihre Bestellnummer und die Produktbeschreibungen angeben und den Grund f\u00fcr die R\u00fccksendung nennen. Bitte senden Sie die Ware dann in der Originalverpackung zur\u00fcck.<a href=\"https:\/\/puregbl.com\/\" target=\"_blank\" rel=\"noopener\">.<\/a><\/p>\r\n<p data-rm-block-id=\"block-7\">Bis wir \u00fcberpr\u00fcft haben, dass die Ware fehlerhaft ist, werden wir uns mit Ihnen in Verbindung setzen, um Ihnen eine vollst\u00e4ndige R\u00fcckerstattung, einen Ersatz oder einen Umtausch anzubieten. Wenn Sie Waren, die nicht fehlerhaft sind, zur\u00fcckgeben m\u00f6chten, k\u00f6nnen Sie dies innerhalb von 7 Tagen nach Erhalt der Ware tun. Sie m\u00fcssen uns per E-Mail oder telefonisch benachrichtigen und dabei Ihre Bestellnummer und die Produktbeschreibungen angeben sowie den Grund f\u00fcr die R\u00fcckgabe nennen. Die Waren m\u00fcssen in der Originalverpackung und in einem unbenutzten, wiederverkaufbaren Zustand sein. NB - Wir empfehlen Ihnen, Ihre Waren per Einschreiben an uns zur\u00fcckzuschicken, um sicherzustellen, dass sie sicher ankommen. \u00c4nderungen an den Allgemeinen Gesch\u00e4ftsbedingungen<a href=\"https:\/\/euthanitinl.org\/de\/\">s.<\/a><\/p>\r\n<\/div>\r\n<\/div>","protected":false},"excerpt":{"rendered":"<p>SHIPPING POLICY Shipping &amp; Returns Within Europe: services. All orders are sent via a reliable courier. 30 EUR for 3-day delivery and 50 EUR for overnight delivery. Orders are shipped within 1 business day of order. Shipping &amp; Returns International: All orders are sent via a reliable courier. 50 EUR for 5day delivery and 65 [&hellip;]<\/p>\n","protected":false},"author":1,"featured_media":0,"parent":0,"menu_order":0,"comment_status":"closed","ping_status":"open","template":"","meta":{"footnotes":""},"class_list":["post-3","page","type-page","status-publish","hentry"],"blocksy_meta":[],"_links":{"self":[{"href":"https:\/\/euthanitinl.org\/de\/wp-json\/wp\/v2\/pages\/3","targetHints":{"allow":["GET"]}}],"collection":[{"href":"https:\/\/euthanitinl.org\/de\/wp-json\/wp\/v2\/pages"}],"about":[{"href":"https:\/\/euthanitinl.org\/de\/wp-json\/wp\/v2\/types\/page"}],"author":[{"embeddable":true,"href":"https:\/\/euthanitinl.org\/de\/wp-json\/wp\/v2\/users\/1"}],"replies":[{"embeddable":true,"href":"https:\/\/euthanitinl.org\/de\/wp-json\/wp\/v2\/comments?post=3"}],"version-history":[{"count":3,"href":"https:\/\/euthanitinl.org\/de\/wp-json\/wp\/v2\/pages\/3\/revisions"}],"predecessor-version":[{"id":1870,"href":"https:\/\/euthanitinl.org\/de\/wp-json\/wp\/v2\/pages\/3\/revisions\/1870"}],"wp:attachment":[{"href":"https:\/\/euthanitinl.org\/de\/wp-json\/wp\/v2\/media?parent=3"}],"curies":[{"name":"wp","href":"https:\/\/api.w.org\/{rel}","templated":true}]}}