{"id":1763,"date":"2025-10-18T03:11:31","date_gmt":"2025-10-18T03:11:31","guid":{"rendered":"https:\/\/euthanitinl.org\/?post_type=product&#038;p=1763"},"modified":"2026-01-05T11:13:05","modified_gmt":"2026-01-05T11:13:05","slug":"koupit-pentobarbital-v-prasku","status":"publish","type":"product","link":"https:\/\/euthanitinl.org\/cs\/product\/buy-pentobarbital-powder\/","title":{"rendered":"Koupit Pentobarbital pr\u00e1\u0161ek 100g"},"content":{"rendered":"<h1 dir=\"ltr\" data-pm-slice=\"1 1 []\">Koupit Pentobarbital pr\u00e1\u0161ek 100g<\/h1>\n<p dir=\"ltr\">Koupit Pentobarbital pr\u00e1\u0161ek 100g, barbitur\u00e1t farmaceutick\u00e9 kvality, by m\u011bl b\u00fdt skladov\u00e1n na chladn\u00e9m a such\u00e9m m\u00edst\u011b mimo dosah p\u0159\u00edm\u00e9ho slune\u010dn\u00edho sv\u011btla a vlhkosti, aby si zachoval svou \u00fa\u010dinnost a bezpe\u010dnost. Pr\u00e1\u0161ek uchov\u00e1vejte v p\u016fvodn\u00edm vzduchot\u011bsn\u00e9m obalu, ide\u00e1ln\u011b p\u0159i teplot\u011b 15-25 \u00b0C, a skladujte jej mimo dosah d\u011bt\u00ed nebo nepovolan\u00fdch osob. Pro optim\u00e1ln\u00ed uchov\u00e1n\u00ed nevystavujte pr\u00e1\u0161ek extr\u00e9mn\u00edm teplot\u00e1m nebo vlhkosti. V\u017edy se pora\u010fte s Euthanasia International o konkr\u00e9tn\u00edch pokynech pro skladov\u00e1n\u00ed, abyste zajistili, \u017ee p\u0159\u00edpravek z\u016fstane \u00fa\u010dinn\u00fd pro zam\u00fd\u0161len\u00e9 pou\u017eit\u00ed.<\/p>\n<h2 dir=\"ltr\">Nejlep\u0161\u00ed pentobarbitalov\u00fd pr\u00e1\u0161ek online<\/h2>\n<p dir=\"ltr\">Euthanasia International je va\u0161\u00edm hlavn\u00edm c\u00edlem pro n\u00e1kup Pentobarbital Powder 100g online. Jako d\u016fv\u011bryhodn\u00e1 neziskov\u00e1 organizace poskytujeme bezpe\u010dn\u00fd a d\u016fv\u011brn\u00fd n\u00e1kupn\u00ed proces, kter\u00fd umo\u017e\u0148uje registrovan\u00fdm \u010dlen\u016fm z\u00edskat tento produkt bez l\u00e9ka\u0159sk\u00e9ho p\u0159edpisu. Pro platby doporu\u010dujeme pou\u017e\u00edvat slu\u017ebu MoneyGram vzhledem k jej\u00ed osv\u011bd\u010den\u00e9 spolehlivosti a bezpe\u010dnosti, kter\u00e1 nab\u00edz\u00ed hlad\u0161\u00ed pr\u016fb\u011bh ve srovn\u00e1n\u00ed s alternativami, jako je Western Union, kter\u00e9 se mohou pot\u00fdkat s ob\u010dasn\u00fdmi omezen\u00edmi. Na\u0161e diskr\u00e9tn\u00ed p\u0159eprava zaji\u0161\u0165uje, \u017ee \u017e\u00e1dn\u00e9 faktury ani dodac\u00ed adresy nejsou viditeln\u00e9 pro celn\u00ed org\u00e1ny, co\u017e zaru\u010duje soukrom\u00ed a klid.<\/p>\n<h2 dir=\"ltr\">V\u00fdhody pentobarbitalov\u00e9ho pr\u00e1\u0161ku<\/h2>\n<p dir=\"ltr\">Koupit Pentobarbital v pr\u00e1\u0161ku 100 g nab\u00edz\u00ed soucitn\u00e9 a \u00fa\u010dinn\u00e9 \u0159e\u0161en\u00ed pro ty, kte\u0159\u00ed cht\u011bj\u00ed d\u016fstojn\u011b ukon\u010dit sv\u016fj \u017eivot. Mezi hlavn\u00ed v\u00fdhody pat\u0159\u00ed:<\/p>\n<ul class=\"tight\" dir=\"ltr\" data-tight=\"true\">\n<li>\n<p dir=\"ltr\"><strong>Jemn\u00fd p\u0159echod<\/strong>: Poskytuje klidn\u00fd a bezbolestn\u00fd konec, respektuje autonomii jednotlivce.<\/p>\n<\/li>\n<li>\n<p dir=\"ltr\"><strong>Vynikaj\u00edc\u00ed \u010distota<\/strong>: Poch\u00e1zej\u00ed od renomovan\u00fdch v\u00fdrobc\u016f a jsou testov\u00e1ny na \u010distotu 99,9%, aby byla zaji\u0161t\u011bna bezpe\u010dnost a spolehlivost.<\/p>\n<\/li>\n<li>\n<p dir=\"ltr\"><strong>V\u0161estrann\u00e9 pou\u017eit\u00ed<\/strong>: Snadno se rozpou\u0161t\u00ed pro peror\u00e1ln\u00ed pod\u00e1n\u00ed nebo se d\u00e1 p\u0159izp\u016fsobit pro profesion\u00e1ln\u00ed l\u00e9ka\u0159sk\u00e9 prost\u0159ed\u00ed.<\/p>\n<\/li>\n<li>\n<p dir=\"ltr\"><strong>P\u0159\u00edstupn\u00e9 zad\u00e1v\u00e1n\u00ed ve\u0159ejn\u00fdch zak\u00e1zek<\/strong>: K dispozici prost\u0159ednictv\u00edm na\u0161eho \u010dlensk\u00e9ho programu, kter\u00fd odstra\u0148uje p\u0159ek\u00e1\u017eky v p\u0159edepisov\u00e1n\u00ed.<\/p>\n<\/li>\n<li>\n<p dir=\"ltr\"><strong>Komplexn\u00ed podpora<\/strong>: Ve spojen\u00ed s odborn\u00fdm poradenstv\u00edm od Euthanasia International pro respektuj\u00edc\u00ed a informovan\u00fd proces.<a href=\"https:\/\/puregbl.com\/\" target=\"_blank\" rel=\"noopener\">.<\/a><\/p>\n<\/li>\n<\/ul>\n<h2 dir=\"ltr\">Nejlep\u0161\u00ed peror\u00e1ln\u00ed forma pentobarbitalu<\/h2>\n<p dir=\"ltr\">Koupit Pentobarbital pr\u00e1\u0161ek 100 g je ide\u00e1ln\u00ed peror\u00e1ln\u00ed forma pro ty, kte\u0159\u00ed up\u0159ednost\u0148uj\u00ed snadn\u00e9 pou\u017eit\u00ed a flexibilitu. Pr\u00e1\u0161ek lze rozpustit v mal\u00e9m mno\u017estv\u00ed vody nebo d\u017eusu, co\u017e umo\u017e\u0148uje p\u0159esn\u00e9 d\u00e1vkov\u00e1n\u00ed a pohodln\u00e9 pod\u00e1v\u00e1n\u00ed. Na rozd\u00edl od tablet umo\u017e\u0148uje pr\u00e1\u0161kov\u00e1 forma p\u0159izp\u016fsoben\u00ed individu\u00e1ln\u00edm pot\u0159eb\u00e1m, co\u017e z n\u00ed \u010din\u00ed pro mnoh\u00e9 preferovanou volbu. Spole\u010dnost Euthanasia International zaru\u010duje, \u017ee n\u00e1\u0161 pentobarbitalov\u00fd pr\u00e1\u0161ek je nejvy\u0161\u0161\u00ed kvality a nab\u00edz\u00ed spolehlivou a \u0161etrnou mo\u017enost p\u00e9\u010de na konci \u017eivota, pokud je pod\u00e1v\u00e1n pod odborn\u00fdm veden\u00edm.<\/p>\n<h2 dir=\"ltr\">Jak\u00e9 jsou vedlej\u0161\u00ed \u00fa\u010dinky p\u0159\u00edpravku Nembutal?<\/h2>\n<p dir=\"ltr\">P\u0159i pou\u017eit\u00ed podle pokyn\u016f m\u00e1 pentobarbitalov\u00fd pr\u00e1\u0161ek (Nembutal) obvykle minim\u00e1ln\u00ed vedlej\u0161\u00ed \u00fa\u010dinky p\u0159i pou\u017eit\u00ed na konci \u017eivota. Mo\u017en\u00e9 \u00fa\u010dinky mohou zahrnovat m\u00edrnou ospalost, m\u00edrnou nevolnost nebo do\u010dasn\u00e9 zpomalen\u00ed d\u00fdch\u00e1n\u00ed. Ty jsou obecn\u011b dob\u0159e zvl\u00e1dnuteln\u00e9 p\u0159i spr\u00e1vn\u00e9m d\u00e1vkov\u00e1n\u00ed. Pro zaji\u0161t\u011bn\u00ed bezpe\u010dnosti je nezbytn\u00e9 p\u0159esn\u00e9 pod\u00e1v\u00e1n\u00ed a doporu\u010dujeme konzultaci s na\u0161\u00edm t\u00fdmem pro individu\u00e1ln\u00ed poradenstv\u00ed. Spole\u010dnost Euthanasia International nab\u00edz\u00ed pr\u016fb\u011b\u017enou podporu p\u0159i \u0159e\u0161en\u00ed jak\u00fdchkoli obav a zaji\u0161\u0165uje tak bezpe\u010dnou a pohodlnou zku\u0161enost.<\/p>\n<h2 dir=\"ltr\">Z\u00e1v\u011br<\/h2>\n<p dir=\"ltr\">Koupit Pentobarbital Powder 100g od Euthanasia International je d\u016fv\u011bryhodn\u00e9 \u0159e\u0161en\u00ed s vysokou \u010distotou pro ty, kte\u0159\u00ed cht\u011bj\u00ed klidn\u011b a d\u016fstojn\u011b ukon\u010dit sv\u016fj \u017eivot. S podporou na\u0161eho neziskov\u00e9ho posl\u00e1n\u00ed, kter\u00e9 v roce 2012 zalo\u017eil Dr. Marc Van Hoey a t\u00fdm soucitn\u00fdch l\u00e9ka\u0159\u016f, neposkytujeme pouze produkt, ale podp\u016frn\u00e9 partnerstv\u00ed. Zapojte se do na\u0161eho \u010dlensk\u00e9ho programu a z\u00edskejte p\u0159\u00edstup k tomuto pr\u00e9miov\u00e9mu pr\u00e1\u0161ku bez l\u00e9ka\u0159sk\u00e9ho p\u0159edpisu, vyu\u017eijte diskr\u00e9tn\u00edho doru\u010den\u00ed a z\u00edskejte odborn\u00e9 veden\u00ed na ka\u017ed\u00e9m kroku. Vyberte si Euthanasia International pro soucitn\u00fd a bezpe\u010dn\u00fd z\u00e1\u017eitek.<\/p>","protected":false},"excerpt":{"rendered":"<p>Koupit Pentobarbital Powder 100g, barbitur\u00e1t farmaceutick\u00e9 kvality, by m\u011bl b\u00fdt skladov\u00e1n na chladn\u00e9m a such\u00e9m m\u00edst\u011b mimo dosah p\u0159\u00edm\u00e9ho slune\u010dn\u00edho sv\u011btla a vlhkosti, aby si zachoval svou \u00fa\u010dinnost a bezpe\u010dnost.<\/p>","protected":false},"featured_media":1764,"comment_status":"open","ping_status":"closed","template":"","meta":[],"product_brand":[],"product_cat":[23],"product_tag":[206,224,207,225,226,227,228,229,208,230,231,209,210,211,212,213,214,215,216,217,218,219,220,221,222,232,233,234,235,236,237,238,239,240,241,242,243,244,245,246,247,248,249,250,251,252,253,254,255,256,257,258,259,260,261,262,263,264,265,266,267,223,268,269,270,271,272,273,274,275],"class_list":{"0":"post-1763","1":"product","2":"type-product","3":"status-publish","4":"has-post-thumbnail","6":"product_cat-powder","7":"product_tag-buy-nembutal-pentobarbital-online","8":"product_tag-buy-nembutal-pentobarbital-sodium","9":"product_tag-buy-nembutal-powder-online","10":"product_tag-buy-pentobarbital-sodium","11":"product_tag-buy-pentobarbital-sodium-2021","12":"product_tag-buy-pentobarbital-sodium-pentobarbital-sodium-salt","13":"product_tag-buy-sodium-pentobarbital-uk","14":"product_tag-can-i-buy-pentobarbital","15":"product_tag-can-i-order-nembutal-online","16":"product_tag-can-you-buy-pentobarbital-sodium-over-the-counter","17":"product_tag-can-you-buy-sodium-pentobarbital","18":"product_tag-how-can-i-order-pentobarbital-powder","19":"product_tag-how-can-i-take-pentobarbital","20":"product_tag-nembutal","21":"product_tag-nembutal-buy-australia","22":"product_tag-nembutal-buy-austria","23":"product_tag-nembutal-buy-germany","24":"product_tag-nembutal-buy-uk","25":"product_tag-nembutal-powder","26":"product_tag-nembutal-powder-buy","27":"product_tag-nembutal-powder-dose","28":"product_tag-nembutal-powder-for-sale","29":"product_tag-nembutal-powder-overdose","30":"product_tag-nembutal-powder-supplier","31":"product_tag-order-nembutal-powder","32":"product_tag-pentobarbital","33":"product_tag-pentobarbital-de-sodium-dose-letale","34":"product_tag-pentobarbital-sodium-anesthesia","35":"product_tag-pentobarbital-sodium-buy","36":"product_tag-pentobarbital-sodium-china","37":"product_tag-pentobarbital-sodium-death","38":"product_tag-pentobarbital-sodium-dosage","39":"product_tag-pentobarbital-sodium-for-dogs","40":"product_tag-pentobarbital-sodium-for-humans","41":"product_tag-pentobarbital-sodium-group","42":"product_tag-pentobarbital-sodium-injection-for-dogs","43":"product_tag-pentobarbital-sodium-injection-for-humans","44":"product_tag-pentobarbital-sodium-injection-solution","45":"product_tag-pentobarbital-sodium-injection-usp","46":"product_tag-pentobarbital-sodium-liquid","47":"product_tag-pentobarbital-sodium-nz","48":"product_tag-pentobarbital-sodium-oral","49":"product_tag-pentobarbital-sodium-over-the-counter","50":"product_tag-pentobarbital-sodium-pills","51":"product_tag-pentobarbital-sodium-powder","52":"product_tag-pentobarbital-sodium-prescription","53":"product_tag-pentobarbital-sodium-price","54":"product_tag-pentobarbital-sodium-salt","55":"product_tag-pentobarbital-sodium-sleeping-pills","56":"product_tag-pentobarbital-sodium-sleeping-pills-over-the-counter","57":"product_tag-pentobarbital-sodium-tablets","58":"product_tag-pentobarbital-sodium-where-to-buy","59":"product_tag-pentobarbital-use","60":"product_tag-phenobarbital-sodium-intravenous","61":"product_tag-sodium","62":"product_tag-sodium-pentobarbital-nembutal","63":"product_tag-sodium-pentobarbital-cost","64":"product_tag-sodium-pentobarbital-for-animal-euthanasia","65":"product_tag-sodium-pentobarbital-for-euthanasia","66":"product_tag-sodium-pentobarbital-manufacturers","67":"product_tag-sodium-pentobarbital-shelf-life","68":"product_tag-where-can-i-buy-nembutal-powder","69":"product_tag-where-can-i-buy-nembutal-sodium-pentobarbital","70":"product_tag-where-can-i-buy-pentobarbital-sodium","71":"product_tag-where-can-i-buy-pentobarbital-sodium-sleeping-pills","72":"product_tag-where-can-i-buy-sodium-pentobarbital","73":"product_tag-where-can-you-buy-pentobarbital-sodium","74":"product_tag-where-to-buy-pentobarbital-sodium","75":"product_tag-where-to-buy-pentobarbital-sodium-for-dogs","76":"product_tag-where-to-get-pentobarbital-sodium","78":"first","79":"instock","80":"shipping-taxable","81":"purchasable","82":"product-type-simple"},"_links":{"self":[{"href":"https:\/\/euthanitinl.org\/cs\/wp-json\/wp\/v2\/product\/1763","targetHints":{"allow":["GET"]}}],"collection":[{"href":"https:\/\/euthanitinl.org\/cs\/wp-json\/wp\/v2\/product"}],"about":[{"href":"https:\/\/euthanitinl.org\/cs\/wp-json\/wp\/v2\/types\/product"}],"replies":[{"embeddable":true,"href":"https:\/\/euthanitinl.org\/cs\/wp-json\/wp\/v2\/comments?post=1763"}],"wp:featuredmedia":[{"embeddable":true,"href":"https:\/\/euthanitinl.org\/cs\/wp-json\/wp\/v2\/media\/1764"}],"wp:attachment":[{"href":"https:\/\/euthanitinl.org\/cs\/wp-json\/wp\/v2\/media?parent=1763"}],"wp:term":[{"taxonomy":"product_brand","embeddable":true,"href":"https:\/\/euthanitinl.org\/cs\/wp-json\/wp\/v2\/product_brand?post=1763"},{"taxonomy":"product_cat","embeddable":true,"href":"https:\/\/euthanitinl.org\/cs\/wp-json\/wp\/v2\/product_cat?post=1763"},{"taxonomy":"product_tag","embeddable":true,"href":"https:\/\/euthanitinl.org\/cs\/wp-json\/wp\/v2\/product_tag?post=1763"}],"curies":[{"name":"wp","href":"https:\/\/api.w.org\/{rel}","templated":true}]}}