{"id":1761,"date":"2025-10-18T03:00:19","date_gmt":"2025-10-18T03:00:19","guid":{"rendered":"https:\/\/euthanitinl.org\/?post_type=product&#038;p=1761"},"modified":"2026-01-05T11:12:42","modified_gmt":"2026-01-05T11:12:42","slug":"koupit-nembutal-prasek-50gr","status":"publish","type":"product","link":"https:\/\/euthanitinl.org\/cs\/product\/buy-nembutal-powder-50gr\/","title":{"rendered":"Koupit Nembutal pr\u00e1\u0161ek 50gr"},"content":{"rendered":"<h2 dir=\"ltr\" data-pm-slice=\"1 1 []\"><a href=\"https:\/\/euthanitinl.org\/cs\/product\/koupit-nembutal-prasek-50gr\/\">Koupit Nembutal pr\u00e1\u0161ek 50gr<\/a><\/h2>\n<p dir=\"ltr\">Koupit Nembutal pr\u00e1\u0161ek 50gr, pentobarbital sodn\u00fd farmaceutick\u00e9 kvality, se obvykle pod\u00e1v\u00e1 rozpu\u0161t\u011bn\u00edm pr\u00e1\u0161ku v tekutin\u011b k peror\u00e1ln\u00edmu u\u017eit\u00ed, co\u017e p\u0159edstavuje \u0161etrn\u00e9 a \u00fa\u010dinn\u00e9 \u0159e\u0161en\u00ed pro p\u00e9\u010di na konci \u017eivota. V n\u011bkter\u00fdch p\u0159\u00edpadech m\u016f\u017ee b\u00fdt pod odborn\u00fdm dohledem p\u0159ipraven k intraven\u00f3zn\u00edmu pod\u00e1n\u00ed. Mno\u017estv\u00ed 50 g je ur\u010deno pro p\u0159esn\u00e9 d\u00e1vkov\u00e1n\u00ed, obvykle vhodn\u00e9 pro osoby s hmotnost\u00ed nad 50 kg nebo ve v\u011bku nad 40 let, p\u0159i\u010dem\u017e jako standardn\u00ed d\u00e1vka se \u010dasto doporu\u010duje 30 g. Pro bezpe\u010dn\u00e9 a p\u0159esn\u00e9 pod\u00e1n\u00ed d\u016frazn\u011b doporu\u010dujeme konzultaci s odborn\u00fdm t\u00fdmem spole\u010dnosti Euthanasia International, kter\u00fd v\u00e1m poskytne individu\u00e1ln\u00ed pokyny k d\u00e1vkov\u00e1n\u00ed p\u0159izp\u016fsoben\u00e9 va\u0161im specifick\u00fdm pot\u0159eb\u00e1m.<\/p>\n<h2 dir=\"ltr\">Nejlep\u0161\u00ed online obchod s pr\u00e1\u0161kem Nembutal<\/h2>\n<p dir=\"ltr\">Euthanasia International je p\u0159edn\u00edm online zdrojem pro Nembutal Powder 50g, kter\u00fd nab\u00edz\u00ed bezpe\u010dn\u00fd, diskr\u00e9tn\u00ed a spolehliv\u00fd n\u00e1kup. Jako registrovan\u00fd \u010dlen m\u00e1te p\u0159\u00edstup k tomuto produktu bez l\u00e9ka\u0159sk\u00e9ho p\u0159edpisu, za podpory na\u0161eho odborn\u00e9ho poradenstv\u00ed a d\u016fv\u011brn\u00e9ho procesu doru\u010den\u00ed. Pro platby doporu\u010dujeme pou\u017e\u00edvat slu\u017ebu MoneyGram d\u00edky jej\u00ed vy\u0161\u0161\u00ed spolehlivosti a bezpe\u010dnosti ve srovn\u00e1n\u00ed s alternativami, jako je Western Union, kter\u00e9 se mohou setkat s ob\u010dasn\u00fdmi omezen\u00edmi. N\u00e1\u0161 obchod zaji\u0161\u0165uje diskr\u00e9tn\u00ed balen\u00ed, utajen\u00ed faktur a dodac\u00edch adres p\u0159ed celn\u00edmi \u00fa\u0159edn\u00edky, pro bezprobl\u00e9movou a soukromou transakci.<\/p>\n<h2 dir=\"ltr\">Pro\u010d je mezin\u00e1rodn\u00ed eutanazie spr\u00e1vnou volbou?<\/h2>\n<p dir=\"ltr\">Euthanasia International je neziskov\u00e1 organizace, kterou v roce 2012 zalo\u017eil Dr. Marc Van Hoey s t\u00fdmem soucitn\u00fdch l\u00e9ka\u0159\u016f a kter\u00e1 se v\u011bnuje podpo\u0159e d\u016fstojn\u00e9ho rozhodov\u00e1n\u00ed o ukon\u010den\u00ed \u017eivota. Od komer\u010dn\u00edch poskytovatel\u016f se odli\u0161ujeme d\u016frazem na empatii, etick\u00e9 postupy a podporu \u010dlen\u016f. Nab\u00edz\u00edme vysoce \u010dist\u00fd pr\u00e1\u0161ek Nembutal, kter\u00fd poch\u00e1z\u00ed od renomovan\u00fdch v\u00fdrobc\u016f a je p\u0159\u00edsn\u011b testov\u00e1n na \u010distotu 99,9%. D\u00edky p\u0159\u00edstupu bez l\u00e9ka\u0159sk\u00e9ho p\u0159edpisu, komplexn\u00edmu poradenstv\u00ed a bezpe\u010dn\u00e9mu doru\u010den\u00ed je spole\u010dnost Euthanasia International d\u016fv\u011bryhodn\u00fdm partnerem pro ty, kte\u0159\u00ed hledaj\u00ed uctiv\u00fd a klidn\u00fd p\u0159echod.<\/p>\n<h2 dir=\"ltr\">V\u00fdhody n\u00e1kupu pr\u00e1\u0161ku Nembutal 50gr<\/h2>\n<p dir=\"ltr\">Nembutal v pr\u00e1\u0161ku 50 g je soucitn\u00fdm a \u00fa\u010dinn\u00fdm \u0159e\u0161en\u00edm pro ty, kte\u0159\u00ed cht\u011bj\u00ed d\u016fstojn\u011b ukon\u010dit sv\u016fj \u017eivot. Mezi hlavn\u00ed v\u00fdhody pat\u0159\u00ed:<\/p>\n<ul class=\"tight\" dir=\"ltr\" data-tight=\"true\">\n<li>\n<p dir=\"ltr\"><strong>Klidn\u00e9 a bezbolestn\u00e9<\/strong>: Usnad\u0148uje klidn\u00fd a jemn\u00fd p\u0159echod a respektuje osobn\u00ed autonomii.<\/p>\n<\/li>\n<li>\n<p dir=\"ltr\"><strong>V\u00fdjime\u010dn\u00e1 \u010distota<\/strong>: Poch\u00e1z\u00ed od d\u016fv\u011bryhodn\u00fdch v\u00fdrobc\u016f s p\u0159\u00edsnou kontrolou kvality pro zaji\u0161t\u011bn\u00ed bezpe\u010dnosti a konzistence.<\/p>\n<\/li>\n<li>\n<p dir=\"ltr\"><strong>Flexibiln\u00ed spr\u00e1va<\/strong>: Snadno se rozpou\u0161t\u00ed pro peror\u00e1ln\u00ed pou\u017eit\u00ed nebo se d\u00e1 upravit pro profesion\u00e1ln\u00ed intraven\u00f3zn\u00ed aplikaci.<\/p>\n<\/li>\n<li>\n<p dir=\"ltr\"><strong>P\u0159\u00edstup bez l\u00e9ka\u0159sk\u00e9ho p\u0159edpisu<\/strong>: K dispozici prost\u0159ednictv\u00edm \u010dlensk\u00e9ho programu Euthanasia International, kter\u00fd zjednodu\u0161uje n\u00e1kup.<\/p>\n<\/li>\n<li>\n<p dir=\"ltr\"><strong>Odborn\u00e1 podpora<\/strong>: Podpo\u0159eno odborn\u00fdm poradenstv\u00edm, kter\u00e9 zajist\u00ed informovan\u00fd a soucitn\u00fd proces.<\/p>\n<\/li>\n<\/ul>\n<h2 dir=\"ltr\">Jak\u00e9 jsou vedlej\u0161\u00ed \u00fa\u010dinky p\u0159\u00edpravku Nembutal?<\/h2>\n<p dir=\"ltr\">P\u0159i spr\u00e1vn\u00e9m pod\u00e1v\u00e1n\u00ed m\u00e1 Nembutal Powder minim\u00e1ln\u00ed ne\u017e\u00e1douc\u00ed \u00fa\u010dinky, kter\u00e9 mohou zahrnovat m\u00edrnou ospalost, nevolnost nebo m\u00edrn\u00e9 zm\u011bny d\u00fdch\u00e1n\u00ed. Tyto \u00fa\u010dinky jsou obecn\u011b omezen\u00e9 vzhledem k jeho kontrolovan\u00e9mu pou\u017eit\u00ed v p\u00e9\u010di na konci \u017eivota. P\u0159esn\u00e9 d\u00e1vkov\u00e1n\u00ed je rozhoduj\u00edc\u00ed pro minimalizaci rizik a d\u016frazn\u011b doporu\u010dujeme konzultaci s na\u0161\u00edm t\u00fdmem pro individu\u00e1ln\u00ed radu. Spole\u010dnost Euthanasia International poskytuje pr\u016fb\u011b\u017enou podporu p\u0159i \u0159e\u0161en\u00ed jak\u00fdchkoli obav a zaji\u0161\u0165uje tak bezpe\u010dnou a pohodlnou zku\u0161enost. Koupit Nembutal pr\u00e1\u0161ek 50gr<\/p>\n<h2 dir=\"ltr\">Z\u00e1v\u011br<\/h2>\n<p dir=\"ltr\">Nembutal v pr\u00e1\u0161ku 50 g od spole\u010dnosti Euthanasia International je d\u016fv\u011bryhodn\u00fdm a vysoce kvalitn\u00edm \u0159e\u0161en\u00edm pro ty, kte\u0159\u00ed cht\u011bj\u00ed d\u016fstojn\u011b a klidn\u011b ukon\u010dit sv\u016fj \u017eivot. D\u00edky na\u0161emu z\u00e1vazku k \u010distot\u011b, bezpe\u010dnosti a soucitn\u00e9 p\u00e9\u010di nab\u00edz\u00edme v\u00edce ne\u017e jen produkt - podporuj\u00edc\u00ed partnerstv\u00ed zako\u0159en\u011bn\u00e9 v empatii a odborn\u00fdch znalostech. Zapojte se do na\u0161eho \u010dlensk\u00e9ho programu a z\u00edskejte p\u0159\u00edstup k p\u0159\u00edpravku Nembutal bez l\u00e9ka\u0159sk\u00e9ho p\u0159edpisu, vyu\u017eijte diskr\u00e9tn\u00edho doru\u010den\u00ed a z\u00edskejte odborn\u00e9 veden\u00ed na ka\u017ed\u00e9m kroku. Vyberte si spole\u010dnost Euthanasia International pro bezpe\u010dnou a respektuj\u00edc\u00ed cestu.<\/p>","protected":false},"excerpt":{"rendered":"<h2 dir=\"ltr\" data-pm-slice=\"1 1 []\"><a href=\"https:\/\/euthanitinl.org\/cs\/product\/koupit-nembutal-prasek-50gr\/\">Koupit Nembutal pr\u00e1\u0161ek 50gr<\/a><\/h2>\n<p dir=\"ltr\">Koupit Nembutal pr\u00e1\u0161ek 50gr, pentobarbital sodn\u00fd farmaceutick\u00e9 kvality, se obvykle pod\u00e1v\u00e1 rozpu\u0161t\u011bn\u00edm pr\u00e1\u0161ku v tekutin\u011b k peror\u00e1ln\u00edmu u\u017eit\u00ed.<\/p>","protected":false},"featured_media":1762,"comment_status":"open","ping_status":"closed","template":"","meta":[],"product_brand":[],"product_cat":[23],"product_tag":[206,224,207,225,226,227,228,229,208,230,231,209,210,211,212,213,214,215,216,217,218,219,220,221,222,232,233,234,235,236,237,238,239,240,241,242,243,244,245,246,247,248,249,250,251,252,253,254,255,256,257,258,259,260,261,262,263,264,265,266,267,223,268,269,270,271,272,273,274,275],"class_list":{"0":"post-1761","1":"product","2":"type-product","3":"status-publish","4":"has-post-thumbnail","6":"product_cat-powder","7":"product_tag-buy-nembutal-pentobarbital-online","8":"product_tag-buy-nembutal-pentobarbital-sodium","9":"product_tag-buy-nembutal-powder-online","10":"product_tag-buy-pentobarbital-sodium","11":"product_tag-buy-pentobarbital-sodium-2021","12":"product_tag-buy-pentobarbital-sodium-pentobarbital-sodium-salt","13":"product_tag-buy-sodium-pentobarbital-uk","14":"product_tag-can-i-buy-pentobarbital","15":"product_tag-can-i-order-nembutal-online","16":"product_tag-can-you-buy-pentobarbital-sodium-over-the-counter","17":"product_tag-can-you-buy-sodium-pentobarbital","18":"product_tag-how-can-i-order-pentobarbital-powder","19":"product_tag-how-can-i-take-pentobarbital","20":"product_tag-nembutal","21":"product_tag-nembutal-buy-australia","22":"product_tag-nembutal-buy-austria","23":"product_tag-nembutal-buy-germany","24":"product_tag-nembutal-buy-uk","25":"product_tag-nembutal-powder","26":"product_tag-nembutal-powder-buy","27":"product_tag-nembutal-powder-dose","28":"product_tag-nembutal-powder-for-sale","29":"product_tag-nembutal-powder-overdose","30":"product_tag-nembutal-powder-supplier","31":"product_tag-order-nembutal-powder","32":"product_tag-pentobarbital","33":"product_tag-pentobarbital-de-sodium-dose-letale","34":"product_tag-pentobarbital-sodium-anesthesia","35":"product_tag-pentobarbital-sodium-buy","36":"product_tag-pentobarbital-sodium-china","37":"product_tag-pentobarbital-sodium-death","38":"product_tag-pentobarbital-sodium-dosage","39":"product_tag-pentobarbital-sodium-for-dogs","40":"product_tag-pentobarbital-sodium-for-humans","41":"product_tag-pentobarbital-sodium-group","42":"product_tag-pentobarbital-sodium-injection-for-dogs","43":"product_tag-pentobarbital-sodium-injection-for-humans","44":"product_tag-pentobarbital-sodium-injection-solution","45":"product_tag-pentobarbital-sodium-injection-usp","46":"product_tag-pentobarbital-sodium-liquid","47":"product_tag-pentobarbital-sodium-nz","48":"product_tag-pentobarbital-sodium-oral","49":"product_tag-pentobarbital-sodium-over-the-counter","50":"product_tag-pentobarbital-sodium-pills","51":"product_tag-pentobarbital-sodium-powder","52":"product_tag-pentobarbital-sodium-prescription","53":"product_tag-pentobarbital-sodium-price","54":"product_tag-pentobarbital-sodium-salt","55":"product_tag-pentobarbital-sodium-sleeping-pills","56":"product_tag-pentobarbital-sodium-sleeping-pills-over-the-counter","57":"product_tag-pentobarbital-sodium-tablets","58":"product_tag-pentobarbital-sodium-where-to-buy","59":"product_tag-pentobarbital-use","60":"product_tag-phenobarbital-sodium-intravenous","61":"product_tag-sodium","62":"product_tag-sodium-pentobarbital-nembutal","63":"product_tag-sodium-pentobarbital-cost","64":"product_tag-sodium-pentobarbital-for-animal-euthanasia","65":"product_tag-sodium-pentobarbital-for-euthanasia","66":"product_tag-sodium-pentobarbital-manufacturers","67":"product_tag-sodium-pentobarbital-shelf-life","68":"product_tag-where-can-i-buy-nembutal-powder","69":"product_tag-where-can-i-buy-nembutal-sodium-pentobarbital","70":"product_tag-where-can-i-buy-pentobarbital-sodium","71":"product_tag-where-can-i-buy-pentobarbital-sodium-sleeping-pills","72":"product_tag-where-can-i-buy-sodium-pentobarbital","73":"product_tag-where-can-you-buy-pentobarbital-sodium","74":"product_tag-where-to-buy-pentobarbital-sodium","75":"product_tag-where-to-buy-pentobarbital-sodium-for-dogs","76":"product_tag-where-to-get-pentobarbital-sodium","78":"first","79":"instock","80":"shipping-taxable","81":"purchasable","82":"product-type-simple"},"_links":{"self":[{"href":"https:\/\/euthanitinl.org\/cs\/wp-json\/wp\/v2\/product\/1761","targetHints":{"allow":["GET"]}}],"collection":[{"href":"https:\/\/euthanitinl.org\/cs\/wp-json\/wp\/v2\/product"}],"about":[{"href":"https:\/\/euthanitinl.org\/cs\/wp-json\/wp\/v2\/types\/product"}],"replies":[{"embeddable":true,"href":"https:\/\/euthanitinl.org\/cs\/wp-json\/wp\/v2\/comments?post=1761"}],"wp:featuredmedia":[{"embeddable":true,"href":"https:\/\/euthanitinl.org\/cs\/wp-json\/wp\/v2\/media\/1762"}],"wp:attachment":[{"href":"https:\/\/euthanitinl.org\/cs\/wp-json\/wp\/v2\/media?parent=1761"}],"wp:term":[{"taxonomy":"product_brand","embeddable":true,"href":"https:\/\/euthanitinl.org\/cs\/wp-json\/wp\/v2\/product_brand?post=1761"},{"taxonomy":"product_cat","embeddable":true,"href":"https:\/\/euthanitinl.org\/cs\/wp-json\/wp\/v2\/product_cat?post=1761"},{"taxonomy":"product_tag","embeddable":true,"href":"https:\/\/euthanitinl.org\/cs\/wp-json\/wp\/v2\/product_tag?post=1761"}],"curies":[{"name":"wp","href":"https:\/\/api.w.org\/{rel}","templated":true}]}}