{"id":1758,"date":"2025-10-18T02:21:43","date_gmt":"2025-10-18T02:21:43","guid":{"rendered":"https:\/\/euthanitinl.org\/?post_type=product&#038;p=1758"},"modified":"2026-01-05T11:13:42","modified_gmt":"2026-01-05T11:13:42","slug":"prasek-pentobarbitalu-sodneho","status":"publish","type":"product","link":"https:\/\/euthanitinl.org\/cs\/product\/pentobarbital-sodium-powder\/","title":{"rendered":"Pentobarbital sodn\u00fd v pr\u00e1\u0161ku 30g"},"content":{"rendered":"<h2 data-rm-block-id=\"block-1\"><a href=\"https:\/\/euthanitinl.org\/cs\/product\/prasek-pentobarbitalu-sodneho\/\">Pentobarbital sodn\u00fd v pr\u00e1\u0161ku 30g<\/a><\/h2>\n<p dir=\"ltr\" data-rm-block-id=\"block-2\">Pentobarbital Sodium Powder, barbitur\u00e1t farmaceutick\u00e9 kvality, se obvykle pod\u00e1v\u00e1 rozpu\u0161t\u011bn\u00edm pr\u00e1\u0161ku v tekutin\u011b k peror\u00e1ln\u00edmu u\u017eit\u00ed, co\u017e zaji\u0161\u0165uje \u0161etrn\u00e9 a \u00fa\u010dinn\u00e9 ukon\u010den\u00ed \u017eivota. Alternativn\u011b jej lze pod odborn\u00fdm dohledem p\u0159ipravit k intraven\u00f3zn\u00edmu pod\u00e1n\u00ed. D\u00e1vka 30 g je obecn\u011b vhodn\u00e1 pro osoby s hmotnost\u00ed nad 50 kg nebo ve v\u011bku nad 40 let, ale je nutn\u00e9 p\u0159esn\u00e9 pod\u00e1n\u00ed. D\u016frazn\u011b doporu\u010dujeme konzultaci s odborn\u00fdm t\u00fdmem spole\u010dnosti Euthanasia International, kter\u00fd v\u00e1m poskytne individu\u00e1ln\u00ed pokyny k d\u00e1vkov\u00e1n\u00ed, aby bylo zaji\u0161t\u011bno bezpe\u010dn\u00e9 a \u00fa\u010dinn\u00e9 pou\u017eit\u00ed p\u0159izp\u016fsoben\u00e9 va\u0161im konkr\u00e9tn\u00edm pot\u0159eb\u00e1m.<\/p>\n<h2 dir=\"ltr\" data-rm-block-id=\"block-3\">Nejlep\u0161\u00ed internetov\u00fd obchod s pentobarbitalem<\/h2>\n<p dir=\"ltr\" data-rm-block-id=\"block-4\">Euthanasia International je hlavn\u00edm online zdrojem pro Nembutal Pentobarbital 30g, kter\u00fd nab\u00edz\u00ed bezpe\u010dn\u00fd a diskr\u00e9tn\u00ed n\u00e1kup. Jako registrovan\u00fd \u010dlen m\u00e1te p\u0159\u00edstup k tomuto produktu bez l\u00e9ka\u0159sk\u00e9ho p\u0159edpisu, za podpory na\u0161eho odborn\u00e9ho poradenstv\u00ed a d\u016fv\u011brn\u00e9ho doru\u010den\u00ed. Pro platby doporu\u010dujeme spole\u010dnost MoneyGram pro jej\u00ed spolehlivost a bezpe\u010dnost, kter\u00e1 p\u0159ed\u010d\u00ed alternativy, jako je Western Union, kter\u00e1 se m\u016f\u017ee pot\u00fdkat s ob\u010dasn\u00fdmi omezen\u00edmi. N\u00e1\u0161 obchod zaji\u0161\u0165uje diskr\u00e9tn\u00ed balen\u00ed, skr\u00fdv\u00e1 faktury a dodac\u00ed adresy p\u0159ed celn\u00edmi org\u00e1ny, co\u017e poskytuje klid v cel\u00e9m procesu.<\/p>\n<h2 dir=\"ltr\" data-rm-block-id=\"block-5\">Pro\u010d je mezin\u00e1rodn\u00ed eutanazie spr\u00e1vnou volbou?<\/h2>\n<p dir=\"ltr\" data-rm-block-id=\"block-6\">Euthanasia International je neziskov\u00e1 organizace zalo\u017een\u00e1 v roce 2012 Dr. Marcem Van Hoeyem a t\u00fdmem ob\u011btav\u00fdch l\u00e9ka\u0159\u016f, kter\u00e1 se zam\u011b\u0159uje na umo\u017en\u011bn\u00ed d\u016fstojn\u00e9ho ukon\u010den\u00ed \u017eivota. N\u00e1\u0161 z\u00e1vazek soucitu, etick\u00fdch postup\u016f a podpory \u010dlen\u016f n\u00e1s odli\u0161uje. Poskytujeme vysoce \u010dist\u00fd pr\u00e1\u0161ek pentobarbitalu sodn\u00e9ho, kter\u00fd poch\u00e1z\u00ed od renomovan\u00fdch v\u00fdrobc\u016f a je testov\u00e1n na \u010distotu 99,9%. D\u00edky p\u0159\u00edstupu bez l\u00e9ka\u0159sk\u00e9ho p\u0159edpisu, komplexn\u00edmu poradenstv\u00ed a bezpe\u010dn\u00e9mu doru\u010den\u00ed je Euthanasia International d\u016fv\u011bryhodnou volbou pro ty, kte\u0159\u00ed hledaj\u00ed respektuj\u00edc\u00ed a bezprobl\u00e9movou cestu.<\/p>\n<h2 dir=\"ltr\" data-rm-block-id=\"block-7\">V\u00fdhody pentobarbitalu sodn\u00e9ho<\/h2>\n<p dir=\"ltr\" data-rm-block-id=\"block-8\">Pentobarbital sodn\u00fd v pr\u00e1\u0161ku 30 g nab\u00edz\u00ed soucitn\u00e9 a spolehliv\u00e9 \u0159e\u0161en\u00ed p\u00e9\u010de na konci \u017eivota. Mezi hlavn\u00ed v\u00fdhody pat\u0159\u00ed:<\/p>\n<ul class=\"tight\" dir=\"ltr\" data-tight=\"true\">\n<li>\n<p dir=\"ltr\" data-rm-block-id=\"block-9\"><strong>\u0160etrn\u00e9 a \u00fa\u010dinn\u00e9<\/strong>: Usnad\u0148uje klidn\u00fd a bezbolestn\u00fd p\u0159echod a respektuje osobn\u00ed autonomii.<\/p>\n<\/li>\n<li>\n<p dir=\"ltr\" data-rm-block-id=\"block-10\"><strong>Vysok\u00e1 \u010distota<\/strong>: Poch\u00e1z\u00ed od d\u016fv\u011bryhodn\u00fdch v\u00fdrobc\u016f s p\u0159\u00edsnou kontrolou kvality z hlediska bezpe\u010dnosti. <a href=\"https:\/\/balcachem.com\/\" target=\"_blank\" rel=\"noopener\">a<\/a>nd konzistence.<\/p>\n<\/li>\n<li>\n<p dir=\"ltr\" data-rm-block-id=\"block-11\"><strong>Flexibiln\u00ed spr\u00e1va<\/strong>: Snadno se rozpou\u0161t\u00ed pro peror\u00e1ln\u00ed pou\u017eit\u00ed nebo se d\u00e1 upravit pro profesion\u00e1ln\u00ed intraven\u00f3zn\u00ed aplikaci.<\/p>\n<\/li>\n<li>\n<p dir=\"ltr\" data-rm-block-id=\"block-12\"><strong>P\u0159\u00edstup bez l\u00e9ka\u0159sk\u00e9ho p\u0159edpisu<\/strong>: K dispozici prost\u0159ednictv\u00edm \u010dlensk\u00e9ho programu Euthanasia International, kter\u00fd zjednodu\u0161uje tento proces.<\/p>\n<\/li>\n<li>\n<p dir=\"ltr\" data-rm-block-id=\"block-13\"><strong>Soucitn\u00e1 podpora<\/strong>: S odborn\u00fdm poradenstv\u00edm, kter\u00e9 zajist\u00ed d\u016fstojn\u00fd a informovan\u00fd z\u00e1\u017eitek.<\/p>\n<\/li>\n<\/ul>\n<h2 dir=\"ltr\" data-rm-block-id=\"block-14\">Jak\u00e9 jsou vedlej\u0161\u00ed \u00fa\u010dinky p\u0159\u00edpravku Nembutal?<\/h2>\n<p dir=\"ltr\" data-rm-block-id=\"block-15\">P\u0159i spr\u00e1vn\u00e9m pod\u00e1v\u00e1n\u00ed m\u00e1 Pentobarbital Sodium Powder minim\u00e1ln\u00ed ne\u017e\u00e1douc\u00ed \u00fa\u010dinky, kter\u00e9 mohou zahrnovat m\u00edrnou ospalost, nevolnost nebo m\u00edrn\u00e9 zm\u011bny d\u00fdch\u00e1n\u00ed. Tyto \u00fa\u010dinky jsou obvykle omezen\u00e9 vzhledem k jejich kontrolovan\u00e9mu pou\u017eit\u00ed v p\u00e9\u010di na konci \u017eivota. Pro zaji\u0161t\u011bn\u00ed bezpe\u010dnosti je rozhoduj\u00edc\u00ed p\u0159esn\u00e9 d\u00e1vkov\u00e1n\u00ed, kter\u00e9 doporu\u010dujeme konzultovat s na\u0161\u00edm t\u00fdmem, kter\u00fd v\u00e1m porad\u00ed na m\u00edru. Spole\u010dnost Euthanasia International poskytuje pr\u016fb\u011b\u017enou podporu p\u0159i \u0159e\u0161en\u00ed obav a zaji\u0161t\u011bn\u00ed bezpe\u010dn\u00e9ho a pohodln\u00e9ho z\u00e1\u017eitku.<\/p>\n<h2 dir=\"ltr\" data-rm-block-id=\"block-16\">Z\u00e1v\u011br<a href=\"https:\/\/puregbl.com\/\" target=\"_blank\" rel=\"noopener\">.<\/a><\/h2>\n<p dir=\"ltr\" data-rm-block-id=\"block-17\">Pentobarbital Sodium Powder 30g od spole\u010dnosti Euthanasia International je d\u016fv\u011bryhodn\u00fdm a vysoce kvalitn\u00edm \u0159e\u0161en\u00edm pro ty, kte\u0159\u00ed usiluj\u00ed o d\u016fstojn\u00e9 a klidn\u00e9 ukon\u010den\u00ed \u017eivota. D\u00edky na\u0161emu zam\u011b\u0159en\u00ed na \u010distotu, bezpe\u010dnost a soucitnou p\u00e9\u010di nab\u00edz\u00edme v\u00edce ne\u017e jen produkt - partnerstv\u00ed zalo\u017een\u00e9 na empatii a odborn\u00fdch znalostech. Zapojte se do na\u0161eho \u010dlensk\u00e9ho programu a z\u00edskejte p\u0159\u00edstup k p\u0159\u00edpravku Nembutal bez l\u00e9ka\u0159sk\u00e9ho p\u0159edpisu, vyu\u017eijte diskr\u00e9tn\u00edho doru\u010den\u00ed a z\u00edskejte odborn\u00e9 veden\u00ed na ka\u017ed\u00e9m kroku. Vyberte si spole\u010dnost Euthanasia International pro bezpe\u010dnou a respektuj\u00edc\u00ed cestu.<\/p>","protected":false},"excerpt":{"rendered":"<h2><a href=\"https:\/\/euthanitinl.org\/cs\/product\/prasek-pentobarbitalu-sodneho\/\">Nembutal Pentobarbital 30g<\/a><\/h2>\n<p dir=\"ltr\">Nembutal Pentobarbital 30 g, barbitur\u00e1t farmaceutick\u00e9 kvality, se obvykle pod\u00e1v\u00e1 rozpu\u0161t\u011bn\u00edm pr\u00e1\u0161ku v tekutin\u011b k peror\u00e1ln\u00edmu u\u017eit\u00ed, co\u017e zaji\u0161\u0165uje \u0161etrn\u00e9 a \u00fa\u010dinn\u00e9 ukon\u010den\u00ed \u017eivota.<\/p>","protected":false},"featured_media":1759,"comment_status":"open","ping_status":"closed","template":"","meta":[],"product_brand":[],"product_cat":[23],"product_tag":[206,224,207,225,226,227,228,229,208,230,231,209,210,211,212,213,214,215,216,217,218,219,220,221,222,232,233,234,235,236,237,238,239,240,241,242,243,244,245,246,247,248,249,250,251,252,253,254,255,256,257,258,259,260,261,262,263,264,265,266,267,223,268,269,270,271,272,273,274,275],"class_list":{"0":"post-1758","1":"product","2":"type-product","3":"status-publish","4":"has-post-thumbnail","6":"product_cat-powder","7":"product_tag-buy-nembutal-pentobarbital-online","8":"product_tag-buy-nembutal-pentobarbital-sodium","9":"product_tag-buy-nembutal-powder-online","10":"product_tag-buy-pentobarbital-sodium","11":"product_tag-buy-pentobarbital-sodium-2021","12":"product_tag-buy-pentobarbital-sodium-pentobarbital-sodium-salt","13":"product_tag-buy-sodium-pentobarbital-uk","14":"product_tag-can-i-buy-pentobarbital","15":"product_tag-can-i-order-nembutal-online","16":"product_tag-can-you-buy-pentobarbital-sodium-over-the-counter","17":"product_tag-can-you-buy-sodium-pentobarbital","18":"product_tag-how-can-i-order-pentobarbital-powder","19":"product_tag-how-can-i-take-pentobarbital","20":"product_tag-nembutal","21":"product_tag-nembutal-buy-australia","22":"product_tag-nembutal-buy-austria","23":"product_tag-nembutal-buy-germany","24":"product_tag-nembutal-buy-uk","25":"product_tag-nembutal-powder","26":"product_tag-nembutal-powder-buy","27":"product_tag-nembutal-powder-dose","28":"product_tag-nembutal-powder-for-sale","29":"product_tag-nembutal-powder-overdose","30":"product_tag-nembutal-powder-supplier","31":"product_tag-order-nembutal-powder","32":"product_tag-pentobarbital","33":"product_tag-pentobarbital-de-sodium-dose-letale","34":"product_tag-pentobarbital-sodium-anesthesia","35":"product_tag-pentobarbital-sodium-buy","36":"product_tag-pentobarbital-sodium-china","37":"product_tag-pentobarbital-sodium-death","38":"product_tag-pentobarbital-sodium-dosage","39":"product_tag-pentobarbital-sodium-for-dogs","40":"product_tag-pentobarbital-sodium-for-humans","41":"product_tag-pentobarbital-sodium-group","42":"product_tag-pentobarbital-sodium-injection-for-dogs","43":"product_tag-pentobarbital-sodium-injection-for-humans","44":"product_tag-pentobarbital-sodium-injection-solution","45":"product_tag-pentobarbital-sodium-injection-usp","46":"product_tag-pentobarbital-sodium-liquid","47":"product_tag-pentobarbital-sodium-nz","48":"product_tag-pentobarbital-sodium-oral","49":"product_tag-pentobarbital-sodium-over-the-counter","50":"product_tag-pentobarbital-sodium-pills","51":"product_tag-pentobarbital-sodium-powder","52":"product_tag-pentobarbital-sodium-prescription","53":"product_tag-pentobarbital-sodium-price","54":"product_tag-pentobarbital-sodium-salt","55":"product_tag-pentobarbital-sodium-sleeping-pills","56":"product_tag-pentobarbital-sodium-sleeping-pills-over-the-counter","57":"product_tag-pentobarbital-sodium-tablets","58":"product_tag-pentobarbital-sodium-where-to-buy","59":"product_tag-pentobarbital-use","60":"product_tag-phenobarbital-sodium-intravenous","61":"product_tag-sodium","62":"product_tag-sodium-pentobarbital-nembutal","63":"product_tag-sodium-pentobarbital-cost","64":"product_tag-sodium-pentobarbital-for-animal-euthanasia","65":"product_tag-sodium-pentobarbital-for-euthanasia","66":"product_tag-sodium-pentobarbital-manufacturers","67":"product_tag-sodium-pentobarbital-shelf-life","68":"product_tag-where-can-i-buy-nembutal-powder","69":"product_tag-where-can-i-buy-nembutal-sodium-pentobarbital","70":"product_tag-where-can-i-buy-pentobarbital-sodium","71":"product_tag-where-can-i-buy-pentobarbital-sodium-sleeping-pills","72":"product_tag-where-can-i-buy-sodium-pentobarbital","73":"product_tag-where-can-you-buy-pentobarbital-sodium","74":"product_tag-where-to-buy-pentobarbital-sodium","75":"product_tag-where-to-buy-pentobarbital-sodium-for-dogs","76":"product_tag-where-to-get-pentobarbital-sodium","78":"first","79":"instock","80":"shipping-taxable","81":"purchasable","82":"product-type-simple"},"_links":{"self":[{"href":"https:\/\/euthanitinl.org\/cs\/wp-json\/wp\/v2\/product\/1758","targetHints":{"allow":["GET"]}}],"collection":[{"href":"https:\/\/euthanitinl.org\/cs\/wp-json\/wp\/v2\/product"}],"about":[{"href":"https:\/\/euthanitinl.org\/cs\/wp-json\/wp\/v2\/types\/product"}],"replies":[{"embeddable":true,"href":"https:\/\/euthanitinl.org\/cs\/wp-json\/wp\/v2\/comments?post=1758"}],"wp:featuredmedia":[{"embeddable":true,"href":"https:\/\/euthanitinl.org\/cs\/wp-json\/wp\/v2\/media\/1759"}],"wp:attachment":[{"href":"https:\/\/euthanitinl.org\/cs\/wp-json\/wp\/v2\/media?parent=1758"}],"wp:term":[{"taxonomy":"product_brand","embeddable":true,"href":"https:\/\/euthanitinl.org\/cs\/wp-json\/wp\/v2\/product_brand?post=1758"},{"taxonomy":"product_cat","embeddable":true,"href":"https:\/\/euthanitinl.org\/cs\/wp-json\/wp\/v2\/product_cat?post=1758"},{"taxonomy":"product_tag","embeddable":true,"href":"https:\/\/euthanitinl.org\/cs\/wp-json\/wp\/v2\/product_tag?post=1758"}],"curies":[{"name":"wp","href":"https:\/\/api.w.org\/{rel}","templated":true}]}}