{"id":1756,"date":"2025-10-18T02:16:39","date_gmt":"2025-10-18T02:16:39","guid":{"rendered":"https:\/\/euthanitinl.org\/?post_type=product&#038;p=1756"},"modified":"2026-01-05T11:02:50","modified_gmt":"2026-01-05T11:02:50","slug":"nembutal-pentobarbitalovy-prasek","status":"publish","type":"product","link":"https:\/\/euthanitinl.org\/cs\/product\/nembutal-pentobarbital-powder\/","title":{"rendered":"Koupit Nembutal Pentobarbital pr\u00e1\u0161ek 15g"},"content":{"rendered":"<h2 dir=\"ltr\" data-pm-slice=\"1 1 []\" data-rm-block-id=\"block-1\"><a href=\"https:\/\/euthanitinl.org\/cs\/product\/nembutal-pentobarbital-power\/\">Nembutal Pentobarbital v pr\u00e1\u0161ku 15g<\/a><\/h2>\n<p dir=\"ltr\" data-rm-block-id=\"block-2\">Pentobarbital Nembutal v pr\u00e1\u0161ku je prvot\u0159\u00eddn\u00ed barbitur\u00e1t farmaceutick\u00e9 kvality, kter\u00fd byl navr\u017een tak, aby poskytoval soucitn\u00e9 a d\u016fstojn\u00e9 \u0159e\u0161en\u00ed pro ty, kte\u0159\u00ed cht\u011bj\u00ed klidn\u011b ukon\u010dit sv\u016fj \u017eivot. Tento vysoce \u010dist\u00fd pr\u00e1\u0161ek, proslul\u00fd svou spolehlivost\u00ed a jemn\u00fdm \u00fa\u010dinkem, zaji\u0161\u0165uje klidn\u00fd p\u0159echod a nab\u00edz\u00ed pohodl\u00ed a nez\u00e1vislost osob\u00e1m, kter\u00e9 se rozhoduj\u00ed pro tuto hluboce osobn\u00ed volbu. N\u00e1\u0161 pr\u00e1\u0161ek Nembutal, kter\u00fd poch\u00e1z\u00ed od d\u016fv\u011bryhodn\u00fdch v\u00fdrobc\u016f, je pe\u010dliv\u011b testov\u00e1n, aby spl\u0148oval p\u0159\u00edsn\u00e9 normy kvality, \u010d\u00edm\u017e je zaji\u0161t\u011bna bezpe\u010dnost a konzistence.<\/p>\n<h3 dir=\"ltr\" data-rm-block-id=\"block-3\">Spr\u00e1vn\u00e9 d\u00e1vkov\u00e1n\u00ed pro pentobarbitalov\u00fd pr\u00e1\u0161ek Nembutal<\/h3>\n<p dir=\"ltr\" data-rm-block-id=\"block-4\">Vhodn\u00e1 d\u00e1vka pentobarbitalov\u00e9ho pr\u00e1\u0161ku Nembutal z\u00e1vis\u00ed na faktorech, jako je t\u011blesn\u00e1 hmotnost, v\u011bk a individu\u00e1ln\u00ed zdravotn\u00ed stav. U jedinc\u016f s hmotnost\u00ed nad 50 kg nebo ve v\u011bku nad 40 let se pro zaji\u0161t\u011bn\u00ed \u00fa\u010dinnosti obvykle doporu\u010duje d\u00e1vka 30 gram\u016f. U 15g balen\u00ed je v\u0161ak rozhoduj\u00edc\u00ed p\u0159esn\u00e9 pod\u00e1v\u00e1n\u00ed a d\u016frazn\u011b doporu\u010dujeme konzultaci s na\u0161\u00edm t\u00fdmem Euthanasia International, kter\u00fd v\u00e1m poskytne individu\u00e1ln\u00ed pokyny k d\u00e1vkov\u00e1n\u00ed, aby byla zaji\u0161t\u011bna bezpe\u010dnost a \u00fa\u010dinnost p\u0159izp\u016fsoben\u00e1 va\u0161im konkr\u00e9tn\u00edm pot\u0159eb\u00e1m.<\/p>\n<h3 dir=\"ltr\" data-rm-block-id=\"block-5\">Kde koupit Nembutal Pentobarbital Powder<\/h3>\n<p dir=\"ltr\" data-rm-block-id=\"block-6\">Nembutal Pentobarbital Powder je k dispozici prost\u0159ednictv\u00edm Euthanasia International, d\u016fv\u011bryhodn\u00e9 organizace, kter\u00e1 podporuje d\u016fstojn\u00e9 rozhodnut\u00ed o ukon\u010den\u00ed \u017eivota. Jako registrovan\u00fd \u010dlen m\u00e1te k tomuto produktu p\u0159\u00edstup bez l\u00e9ka\u0159sk\u00e9ho p\u0159edpisu, co\u017e zjednodu\u0161uje proces d\u00edky odborn\u00e9mu veden\u00ed a diskr\u00e9tn\u00edmu doru\u010den\u00ed. Pro bezpe\u010dn\u00e9 a spolehliv\u00e9 platebn\u00ed transakce doporu\u010dujeme pou\u017e\u00edvat slu\u017ebu MoneyGram, kter\u00e1 nab\u00edz\u00ed bezpe\u010dn\u011bj\u0161\u00ed a spolehliv\u011bj\u0161\u00ed alternativu k jin\u00fdm metod\u00e1m, jako je Western Union, u nich\u017e se n\u011bkdy mohou vyskytnout omezen\u00ed.<\/p>\n<h3 dir=\"ltr\" data-rm-block-id=\"block-7\">Kter\u00e1 organizace nab\u00edz\u00ed nejlep\u0161\u00ed Pentobarbital<\/h3>\n<p dir=\"ltr\" data-rm-block-id=\"block-8\">Spole\u010dnost Euthanasia International, zalo\u017een\u00e1 v roce 2012 Dr. Marcem Van Hoeyem a t\u00fdmem soucitn\u00fdch l\u00e9ka\u0159\u016f, je p\u0159edn\u00edm poskytovatelem pentobarbitalu Nembutal. Na\u0161e neziskov\u00e1 organizace up\u0159ednost\u0148uje d\u016fstojnost, empatii a podporu \u010dlen\u016f p\u0159ed komer\u010dn\u00edmi z\u00e1jmy. D\u00edky prokazateln\u00fdm v\u00fdsledk\u016fm v poskytov\u00e1n\u00ed vysoce kvalitn\u00edch, \u010dist\u00fdch produkt\u016f a komplexn\u00edho poradenstv\u00ed zaji\u0161\u0165ujeme bezprobl\u00e9mov\u00e9 a etick\u00e9 zku\u0161enosti pro ty, kte\u0159\u00ed hledaj\u00ed \u0159e\u0161en\u00ed pro ukon\u010den\u00ed \u017eivota.<\/p>\n<h3 dir=\"ltr\" data-rm-block-id=\"block-9\">Je bezpe\u010dn\u00e9 objednat si pentobarbital od Euthanasia International?<\/h3>\n<p dir=\"ltr\" data-rm-block-id=\"block-10\">Objedn\u00e1v\u00e1n\u00ed u Euthanasia International je bezpe\u010dn\u00e9 a spolehliv\u00e9. Dodr\u017eujeme p\u0159\u00edsn\u00e9 protokoly kontroly kvality a dod\u00e1v\u00e1me pentobarbitalov\u00fd pr\u00e1\u0161ek Nembutal od renomovan\u00fdch v\u00fdrobc\u016f. Na\u0161e diskr\u00e9tn\u00ed balen\u00ed a bezpe\u010dn\u00e9 procesy p\u0159epravy chr\u00e1n\u00ed va\u0161e soukrom\u00ed, p\u0159i\u010dem\u017e celn\u00edci nevid\u00ed \u017e\u00e1dnou fakturu ani dodac\u00ed adresu. Za cel\u00fd proces doru\u010den\u00ed p\u0159eb\u00edr\u00e1me plnou odpov\u011bdnost, \u010d\u00edm\u017e zaji\u0161\u0165ujeme bezprobl\u00e9mov\u00fd z\u00e1\u017eitek.<\/p>\n<p dir=\"ltr\" data-rm-block-id=\"block-11\">Nembutal Pentobarbital Powder od <a href=\"https:\/\/www.peacefulpillhandbook.com\/forums\/\" target=\"_blank\" rel=\"noopener\">Eutanazie<\/a> International nab\u00edz\u00ed d\u016fv\u011bryhodn\u00e9 a vysoce kvalitn\u00ed \u0159e\u0161en\u00ed pro ty, kte\u0159\u00ed hledaj\u00ed d\u016fstojn\u00e9 a klidn\u00e9 ukon\u010den\u00ed \u017eivota. D\u00edky na\u0161emu z\u00e1vazku k \u010distot\u011b, bezpe\u010dnosti a p\u00e9\u010di zam\u011b\u0159en\u00e9 na \u010dleny neposkytujeme pouze produkt, ale podporuj\u00edc\u00ed partnerstv\u00ed. Zaregistrujte se jako \u010dlen je\u0161t\u011b dnes a z\u00edskejte p\u0159\u00edstup k odborn\u00e9mu poradenstv\u00ed, n\u00e1kupu bez l\u00e9ka\u0159sk\u00e9ho p\u0159edpisu a diskr\u00e9tn\u00edmu doru\u010den\u00ed. Zvolte si Euthanasia International pro soucitnou a spolehlivou cestu k va\u0161emu posledn\u00edmu p\u0159\u00e1n\u00ed.<\/p>","protected":false},"excerpt":{"rendered":"<h1 dir=\"ltr\" data-pm-slice=\"1 1 []\"><a href=\"https:\/\/euthanitinl.org\/cs\/product\/nembutal-pentobarbital-power\/\">Nembutal Pentobarbital v pr\u00e1\u0161ku 15g<\/a><\/h1>\n<p dir=\"ltr\">Nembutal Pentobarbital v pr\u00e1\u0161ku 15 g je prvot\u0159\u00eddn\u00ed barbitur\u00e1t farmaceutick\u00e9 kvality, kter\u00fd byl navr\u017een tak, aby poskytoval soucitn\u00e9 a d\u016fstojn\u00e9 \u0159e\u0161en\u00ed pro ty, kte\u0159\u00ed cht\u011bj\u00ed klidn\u011b ukon\u010dit sv\u016fj \u017eivot.<\/p>","protected":false},"featured_media":1757,"comment_status":"open","ping_status":"closed","template":"","meta":[],"product_brand":[],"product_cat":[23],"product_tag":[206,224,207,225,226,227,228,229,208,230,231,209,210,211,212,213,214,215,216,217,218,219,220,221,222,232,233,234,235,236,237,238,239,240,241,242,243,244,245,246,247,248,249,250,251,252,253,254,255,256,257,258,259,260,261,262,263,264,265,266,267,223,268,269,270,271,272,273,274,275],"class_list":{"0":"post-1756","1":"product","2":"type-product","3":"status-publish","4":"has-post-thumbnail","6":"product_cat-powder","7":"product_tag-buy-nembutal-pentobarbital-online","8":"product_tag-buy-nembutal-pentobarbital-sodium","9":"product_tag-buy-nembutal-powder-online","10":"product_tag-buy-pentobarbital-sodium","11":"product_tag-buy-pentobarbital-sodium-2021","12":"product_tag-buy-pentobarbital-sodium-pentobarbital-sodium-salt","13":"product_tag-buy-sodium-pentobarbital-uk","14":"product_tag-can-i-buy-pentobarbital","15":"product_tag-can-i-order-nembutal-online","16":"product_tag-can-you-buy-pentobarbital-sodium-over-the-counter","17":"product_tag-can-you-buy-sodium-pentobarbital","18":"product_tag-how-can-i-order-pentobarbital-powder","19":"product_tag-how-can-i-take-pentobarbital","20":"product_tag-nembutal","21":"product_tag-nembutal-buy-australia","22":"product_tag-nembutal-buy-austria","23":"product_tag-nembutal-buy-germany","24":"product_tag-nembutal-buy-uk","25":"product_tag-nembutal-powder","26":"product_tag-nembutal-powder-buy","27":"product_tag-nembutal-powder-dose","28":"product_tag-nembutal-powder-for-sale","29":"product_tag-nembutal-powder-overdose","30":"product_tag-nembutal-powder-supplier","31":"product_tag-order-nembutal-powder","32":"product_tag-pentobarbital","33":"product_tag-pentobarbital-de-sodium-dose-letale","34":"product_tag-pentobarbital-sodium-anesthesia","35":"product_tag-pentobarbital-sodium-buy","36":"product_tag-pentobarbital-sodium-china","37":"product_tag-pentobarbital-sodium-death","38":"product_tag-pentobarbital-sodium-dosage","39":"product_tag-pentobarbital-sodium-for-dogs","40":"product_tag-pentobarbital-sodium-for-humans","41":"product_tag-pentobarbital-sodium-group","42":"product_tag-pentobarbital-sodium-injection-for-dogs","43":"product_tag-pentobarbital-sodium-injection-for-humans","44":"product_tag-pentobarbital-sodium-injection-solution","45":"product_tag-pentobarbital-sodium-injection-usp","46":"product_tag-pentobarbital-sodium-liquid","47":"product_tag-pentobarbital-sodium-nz","48":"product_tag-pentobarbital-sodium-oral","49":"product_tag-pentobarbital-sodium-over-the-counter","50":"product_tag-pentobarbital-sodium-pills","51":"product_tag-pentobarbital-sodium-powder","52":"product_tag-pentobarbital-sodium-prescription","53":"product_tag-pentobarbital-sodium-price","54":"product_tag-pentobarbital-sodium-salt","55":"product_tag-pentobarbital-sodium-sleeping-pills","56":"product_tag-pentobarbital-sodium-sleeping-pills-over-the-counter","57":"product_tag-pentobarbital-sodium-tablets","58":"product_tag-pentobarbital-sodium-where-to-buy","59":"product_tag-pentobarbital-use","60":"product_tag-phenobarbital-sodium-intravenous","61":"product_tag-sodium","62":"product_tag-sodium-pentobarbital-nembutal","63":"product_tag-sodium-pentobarbital-cost","64":"product_tag-sodium-pentobarbital-for-animal-euthanasia","65":"product_tag-sodium-pentobarbital-for-euthanasia","66":"product_tag-sodium-pentobarbital-manufacturers","67":"product_tag-sodium-pentobarbital-shelf-life","68":"product_tag-where-can-i-buy-nembutal-powder","69":"product_tag-where-can-i-buy-nembutal-sodium-pentobarbital","70":"product_tag-where-can-i-buy-pentobarbital-sodium","71":"product_tag-where-can-i-buy-pentobarbital-sodium-sleeping-pills","72":"product_tag-where-can-i-buy-sodium-pentobarbital","73":"product_tag-where-can-you-buy-pentobarbital-sodium","74":"product_tag-where-to-buy-pentobarbital-sodium","75":"product_tag-where-to-buy-pentobarbital-sodium-for-dogs","76":"product_tag-where-to-get-pentobarbital-sodium","78":"first","79":"instock","80":"shipping-taxable","81":"purchasable","82":"product-type-simple"},"_links":{"self":[{"href":"https:\/\/euthanitinl.org\/cs\/wp-json\/wp\/v2\/product\/1756","targetHints":{"allow":["GET"]}}],"collection":[{"href":"https:\/\/euthanitinl.org\/cs\/wp-json\/wp\/v2\/product"}],"about":[{"href":"https:\/\/euthanitinl.org\/cs\/wp-json\/wp\/v2\/types\/product"}],"replies":[{"embeddable":true,"href":"https:\/\/euthanitinl.org\/cs\/wp-json\/wp\/v2\/comments?post=1756"}],"wp:featuredmedia":[{"embeddable":true,"href":"https:\/\/euthanitinl.org\/cs\/wp-json\/wp\/v2\/media\/1757"}],"wp:attachment":[{"href":"https:\/\/euthanitinl.org\/cs\/wp-json\/wp\/v2\/media?parent=1756"}],"wp:term":[{"taxonomy":"product_brand","embeddable":true,"href":"https:\/\/euthanitinl.org\/cs\/wp-json\/wp\/v2\/product_brand?post=1756"},{"taxonomy":"product_cat","embeddable":true,"href":"https:\/\/euthanitinl.org\/cs\/wp-json\/wp\/v2\/product_cat?post=1756"},{"taxonomy":"product_tag","embeddable":true,"href":"https:\/\/euthanitinl.org\/cs\/wp-json\/wp\/v2\/product_tag?post=1756"}],"curies":[{"name":"wp","href":"https:\/\/api.w.org\/{rel}","templated":true}]}}