{"id":3,"date":"2024-12-11T07:57:58","date_gmt":"2024-12-11T07:57:58","guid":{"rendered":"https:\/\/euthanitinl.org\/?page_id=3"},"modified":"2025-10-20T08:13:03","modified_gmt":"2025-10-20T08:13:03","slug":"preprava","status":"publish","type":"page","link":"https:\/\/euthanitinl.org\/cs\/shipping\/","title":{"rendered":"P\u0159eprava a vr\u00e1cen\u00ed zbo\u017e\u00ed"},"content":{"rendered":"<div class=\"wpb_text_column wpb_content_element\">\r\n<div class=\"wpb_wrapper\">\r\n<h3 class=\"wp-block-heading\" data-rm-block-id=\"block-1\"><strong>Z\u00c1SADY P\u0158EPRAVY<\/strong><\/h3>\r\n<p data-rm-block-id=\"block-2\">Doprava a vr\u00e1cen\u00ed zbo\u017e\u00ed V r\u00e1mci Evropy: slu\u017eby. V\u0161echny objedn\u00e1vky jsou zas\u00edl\u00e1ny prost\u0159ednictv\u00edm spolehliv\u00e9ho kur\u00fdra. 30 EUR za t\u0159\u00eddenn\u00ed doru\u010den\u00ed a 50 EUR za doru\u010den\u00ed p\u0159es noc. Objedn\u00e1vky jsou odes\u00edl\u00e1ny do 1 pracovn\u00edho dne od objedn\u00e1n\u00ed.<\/p>\r\n<p data-rm-block-id=\"block-3\">Doprava a vr\u00e1cen\u00ed zbo\u017e\u00ed Mezin\u00e1rodn\u00ed: V\u0161echny objedn\u00e1vky jsou zas\u00edl\u00e1ny prost\u0159ednictv\u00edm spolehliv\u00e9ho kur\u00fdra. 50 EUR za 5denn\u00ed doru\u010den\u00ed a 65 EUR za 3denn\u00ed doru\u010den\u00ed. Objedn\u00e1vky jsou odes\u00edl\u00e1ny do dvou pracovn\u00edch dn\u016f od objedn\u00e1n\u00ed. Leteck\u00e1 po\u0161ta doru\u010duje do v\u0161ech zem\u00ed.<\/p>\r\n<\/div>\r\n<\/div>\r\n<div class=\"wpb_text_column wpb_content_element\">\r\n<div class=\"wpb_wrapper\">\r\n<h3 data-rm-block-id=\"block-4\">\u00a0<\/h3>\r\n<h3 data-rm-block-id=\"block-5\"><strong>Z\u00c1SADY VR\u00c1CEN\u00cd<\/strong><\/h3>\r\n<p data-rm-block-id=\"block-6\">Ve\u0161ker\u00e9 n\u00e1klady na vr\u00e1cen\u00ed zbo\u017e\u00ed nese z\u00e1kazn\u00edk. Tyto n\u00e1klady budou uhrazeny, pokud budou v\u00fdrobky shled\u00e1ny vadn\u00fdmi a vr\u00e1ceny ve stanoven\u00e9 lh\u016ft\u011b. \u017d\u00e1d\u00e1me v\u00e1s, abyste v\u0161echny z\u00e1silky p\u0159ed jejich podpisem zkontrolovali, zda nevykazuj\u00ed zn\u00e1mky po\u0161kozen\u00ed. Pokud zjist\u00edte, \u017ee jsou po\u0161kozen\u00e9, nepodepisujte je a neprodlen\u011b n\u00e1s kontaktujte. Za\u0159\u00edd\u00edme, aby byla va\u0161e objedn\u00e1vka znovu odesl\u00e1na. Pokud zjist\u00edte, \u017ee je zbo\u017e\u00ed vadn\u00e9 a\u017e po jeho podeps\u00e1n\u00ed, informujte n\u00e1s o tom pros\u00edm e-mailem nebo telefonicky do 14 dn\u016f od jeho obdr\u017een\u00ed. Mus\u00edte uv\u00e9st \u010d\u00edslo sv\u00e9 objedn\u00e1vky, popis v\u00fdrobku a d\u016fvod vr\u00e1cen\u00ed. Zbo\u017e\u00ed pak pros\u00edm vra\u0165te v p\u016fvodn\u00edm obalu<a href=\"https:\/\/puregbl.com\/\" target=\"_blank\" rel=\"noopener\">.<\/a><\/p>\r\n<p data-rm-block-id=\"block-7\">Dokud neprovedeme kontrolu a neov\u011b\u0159\u00edme, \u017ee je zbo\u017e\u00ed vadn\u00e9, budeme v\u00e1s kontaktovat a nab\u00eddneme v\u00e1m vr\u00e1cen\u00ed pen\u011bz, v\u00fdm\u011bnu nebo v\u00fdm\u011bnu. Pokud si p\u0159ejete vr\u00e1tit zbo\u017e\u00ed, kter\u00e9 nen\u00ed vadn\u00e9, m\u016f\u017eete tak u\u010dinit do 7 dn\u016f od jeho obdr\u017een\u00ed. Mus\u00edte n\u00e1m to ozn\u00e1mit e-mailem nebo telefonicky, uv\u00e9st \u010d\u00edslo objedn\u00e1vky, popis v\u00fdrobku a d\u016fvod vr\u00e1cen\u00ed. Zbo\u017e\u00ed mus\u00ed b\u00fdt v p\u016fvodn\u00edm obalu a v nepou\u017eit\u00e9m, znovu prodejn\u00e9m stavu. Upozorn\u011bn\u00ed - Doporu\u010dujeme, abyste pro zasl\u00e1n\u00ed zbo\u017e\u00ed zp\u011bt k n\u00e1m pou\u017eili doporu\u010denou po\u0161tu, abyste m\u011bli jistotu, \u017ee zbo\u017e\u00ed doraz\u00ed v po\u0159\u00e1dku. Zm\u011bny proveden\u00e9 ve smluvn\u00edch podm\u00ednk\u00e1ch<a href=\"https:\/\/euthanitinl.org\/cs\/\">s.<\/a><\/p>\r\n<\/div>\r\n<\/div>","protected":false},"excerpt":{"rendered":"<p>SHIPPING POLICY Shipping &amp; Returns Within Europe: services. All orders are sent via a reliable courier. 30 EUR for 3-day delivery and 50 EUR for overnight delivery. Orders are shipped within 1 business day of order. Shipping &amp; Returns International: All orders are sent via a reliable courier. 50 EUR for 5day delivery and 65 [&hellip;]<\/p>\n","protected":false},"author":1,"featured_media":0,"parent":0,"menu_order":0,"comment_status":"closed","ping_status":"open","template":"","meta":{"footnotes":""},"class_list":["post-3","page","type-page","status-publish","hentry"],"blocksy_meta":[],"_links":{"self":[{"href":"https:\/\/euthanitinl.org\/cs\/wp-json\/wp\/v2\/pages\/3","targetHints":{"allow":["GET"]}}],"collection":[{"href":"https:\/\/euthanitinl.org\/cs\/wp-json\/wp\/v2\/pages"}],"about":[{"href":"https:\/\/euthanitinl.org\/cs\/wp-json\/wp\/v2\/types\/page"}],"author":[{"embeddable":true,"href":"https:\/\/euthanitinl.org\/cs\/wp-json\/wp\/v2\/users\/1"}],"replies":[{"embeddable":true,"href":"https:\/\/euthanitinl.org\/cs\/wp-json\/wp\/v2\/comments?post=3"}],"version-history":[{"count":3,"href":"https:\/\/euthanitinl.org\/cs\/wp-json\/wp\/v2\/pages\/3\/revisions"}],"predecessor-version":[{"id":1870,"href":"https:\/\/euthanitinl.org\/cs\/wp-json\/wp\/v2\/pages\/3\/revisions\/1870"}],"wp:attachment":[{"href":"https:\/\/euthanitinl.org\/cs\/wp-json\/wp\/v2\/media?parent=3"}],"curies":[{"name":"wp","href":"https:\/\/api.w.org\/{rel}","templated":true}]}}