{"id":1283,"date":"2024-12-12T06:16:05","date_gmt":"2024-12-12T06:16:05","guid":{"rendered":"https:\/\/euthanitinl.org\/shop\/"},"modified":"2025-10-20T07:59:10","modified_gmt":"2025-10-20T07:59:10","slug":"shop-pentobarbital-sodium-euthanasia-international","status":"publish","type":"page","link":"https:\/\/euthanitinl.org\/cs\/shop-pentobarbital-sodium-euthanasia-international\/","title":{"rendered":"Obchod Pentobarbital Sodium"},"content":{"rendered":"<p style=\"text-align: center;\" data-rm-block-id=\"block-1\"><strong><br \/>\nV\u00edtejte na str\u00e1nce s objedn\u00e1vkami spole\u010dnosti EUTHANASIA INTERNATIONAL (EINT). M\u00e1me pentobarbital sodn\u00fd v peror\u00e1ln\u00edm roztoku i v infuzn\u00edch roztoc\u00edch, jak m\u016f\u017eete vid\u011bt na r\u016fzn\u00fdch mo\u017enostech n\u00ed\u017ee.<\/strong><br \/>\n<strong>Chcete-li si u n\u00e1s objednat, sta\u010d\u00ed si vybrat po\u017eadovanou mo\u017enost a mno\u017estv\u00ed, vyplnit objedn\u00e1vkov\u00fd formul\u00e1\u0159 a odeslat jej. Va\u0161i objedn\u00e1vku obdr\u017e\u00edme a zpracujeme ji co nejd\u0159\u00edve. Doporu\u010dujeme v\u00e1m, abyste vyplnili formul\u00e1\u0159, m\u00edsto abyste n\u00e1s pouze kontaktovali a ru\u010dn\u011b zadali objedn\u00e1vku. Vy\u017eadujeme platn\u00e9 informace, proto\u017ee chceme v\u0161e udr\u017eet na profesion\u00e1ln\u00ed \u00farovni a u\u010dinit proces n\u00e1kupu Pentobarbital Sodium online pro v\u00e1s co nejjednodu\u0161\u0161\u00ed a bez stresu.<a href=\"https:\/\/balcachem.com\/\" target=\"_blank\" rel=\"noopener\">.<\/a> V p\u0159\u00edpad\u011b jak\u00fdchkoli pot\u00ed\u017e\u00ed n\u00e1s laskav\u011b kontaktujte prost\u0159ednictv\u00edm e-mailu nebo aplikace WhatsApp.<\/strong><\/p>\n<h3 style=\"text-align: center;\" data-rm-block-id=\"block-2\"><strong><a href=\"https:\/\/euthanitinl.org\/cs\/kontakt\/\">Objednat Pentobarbital sodn\u00fd +90 552 173 9668<\/a> nebo <a href=\"https:\/\/euthanitinl.org\/cs\/kontakt\/\">Balcalabs@proton.me<\/a><\/strong><\/h3>","protected":false},"excerpt":{"rendered":"<p>Welcome to EUTHANASIA INTERNATIONAL (EINT) Order page. We have Pentobarbital Sodium in both Oral solution and IV solutions, as you can see the various options below. To place an order with us, just choose the option and quantity you want, fill out the order form, and submit. We will receive your order and process it [&hellip;]<\/p>\n","protected":false},"author":1,"featured_media":0,"parent":0,"menu_order":0,"comment_status":"closed","ping_status":"closed","template":"","meta":{"footnotes":""},"class_list":["post-1283","page","type-page","status-publish","hentry"],"blocksy_meta":[],"_links":{"self":[{"href":"https:\/\/euthanitinl.org\/cs\/wp-json\/wp\/v2\/pages\/1283","targetHints":{"allow":["GET"]}}],"collection":[{"href":"https:\/\/euthanitinl.org\/cs\/wp-json\/wp\/v2\/pages"}],"about":[{"href":"https:\/\/euthanitinl.org\/cs\/wp-json\/wp\/v2\/types\/page"}],"author":[{"embeddable":true,"href":"https:\/\/euthanitinl.org\/cs\/wp-json\/wp\/v2\/users\/1"}],"replies":[{"embeddable":true,"href":"https:\/\/euthanitinl.org\/cs\/wp-json\/wp\/v2\/comments?post=1283"}],"version-history":[{"count":6,"href":"https:\/\/euthanitinl.org\/cs\/wp-json\/wp\/v2\/pages\/1283\/revisions"}],"predecessor-version":[{"id":1866,"href":"https:\/\/euthanitinl.org\/cs\/wp-json\/wp\/v2\/pages\/1283\/revisions\/1866"}],"wp:attachment":[{"href":"https:\/\/euthanitinl.org\/cs\/wp-json\/wp\/v2\/media?parent=1283"}],"curies":[{"name":"wp","href":"https:\/\/api.w.org\/{rel}","templated":true}]}}